{"id":7497,"date":"2015-08-05T21:24:06","date_gmt":"2015-08-06T00:24:06","guid":{"rendered":"http:\/\/ajupe.com.uy\/web\/?post_type=product&#038;p=7497"},"modified":"2015-08-05T21:26:47","modified_gmt":"2015-08-06T00:26:47","slug":"ethan-frome","status":"publish","type":"product","link":"https:\/\/ajupe.com.uy\/web\/biblioteca\/ethan-frome\/","title":{"rendered":"Ethan Frome"},"content":{"rendered":"<p>Un empleado de una compa\u00f1\u00eda el\u00e9ctrica ha sido enviado a estudiar la zona de un peque\u00f1o pueblo de Massachussets. All\u00ed ser\u00e1 cobijado, en una noche de tormenta, por Ethan Frome que a lo largo de la velada le explicar\u00e1 c\u00f3mo casado con Zeena, una mujer hura\u00f1a y enferma, se enamor\u00f3 de Mattie, la prima de Zeena que se aloj\u00f3 en su casa para cuidar de ella y que le correspondi\u00f3 en su amor.<\/p>\n","protected":false},"excerpt":{"rendered":"<p>Un empleado de una compa\u00f1\u00eda el\u00e9ctrica ha sido enviado a estudiar la zona de un peque\u00f1o pueblo de Massachussets. All\u00ed ser\u00e1 cobijado, en una noche de tormenta, por Ethan Frome que a lo largo de la velada le explicar\u00e1 c\u00f3mo casado con Zeena, una mujer hura\u00f1a y enferma, se enamor\u00f3 de Mattie, la prima de [&hellip;]<\/p>\n","protected":false},"featured_media":7498,"template":"","meta":[],"product_brand":[1367],"product_cat":[29],"product_tag":[],"class_list":{"0":"post-7497","1":"product","2":"type-product","3":"status-publish","4":"has-post-thumbnail","6":"product_brand-a-danza-e-tulbovitz","7":"product_cat-novela","9":"first","10":"instock","11":"purchasable","12":"product-type-simple"},"featured_image_urls_v2":{"full":["https:\/\/ajupe.com.uy\/web\/wp-content\/uploads\/2016\/04\/p-7497-Ethan_Frome_55c27f977edd6.jpg",204,307,false],"thumbnail":["https:\/\/ajupe.com.uy\/web\/wp-content\/uploads\/2016\/04\/p-7497-Ethan_Frome_55c27f977edd6.jpg",150,150,true],"medium":["https:\/\/ajupe.com.uy\/web\/wp-content\/uploads\/2016\/04\/p-7497-Ethan_Frome_55c27f977edd6.jpg",300,214,true],"medium_large":["https:\/\/ajupe.com.uy\/web\/wp-content\/uploads\/2016\/04\/p-7497-Ethan_Frome_55c27f977edd6.jpg",204,307,false],"large":["https:\/\/ajupe.com.uy\/web\/wp-content\/uploads\/2016\/04\/p-7497-Ethan_Frome_55c27f977edd6.jpg",204,307,false],"1536x1536":["https:\/\/ajupe.com.uy\/web\/wp-content\/uploads\/2016\/04\/p-7497-Ethan_Frome_55c27f977edd6.jpg",204,307,false],"2048x2048":["https:\/\/ajupe.com.uy\/web\/wp-content\/uploads\/2016\/04\/p-7497-Ethan_Frome_55c27f977edd6.jpg",204,307,false],"woocommerce_archive_thumbnail":["https:\/\/ajupe.com.uy\/web\/wp-content\/uploads\/2016\/04\/p-7497-Ethan_Frome_55c27f977edd6-204x300.jpg",204,300,true],"woocommerce_thumbnail":["https:\/\/ajupe.com.uy\/web\/wp-content\/uploads\/2016\/04\/p-7497-Ethan_Frome_55c27f977edd6-204x300.jpg",204,300,true],"woocommerce_single":["https:\/\/ajupe.com.uy\/web\/wp-content\/uploads\/2016\/04\/p-7497-Ethan_Frome_55c27f977edd6.jpg",204,307,false],"woocommerce_gallery_thumbnail":["https:\/\/ajupe.com.uy\/web\/wp-content\/uploads\/2016\/04\/p-7497-Ethan_Frome_55c27f977edd6-100x100.jpg",100,100,true]},"post_excerpt_stackable_v2":"<p>Un empleado de una compa\u00f1\u00eda el\u00e9ctrica ha sido enviado a estudiar la zona de un peque\u00f1o pueblo de Massachussets. All\u00ed ser\u00e1 cobijado, en una noche de tormenta, por Ethan Frome que a lo largo de la velada le explicar\u00e1 c\u00f3mo casado con Zeena, una mujer hura\u00f1a y enferma, se enamor\u00f3 de Mattie, la prima de Zeena que se aloj\u00f3 en su casa para cuidar de ella y que le correspondi\u00f3 en su amor.<\/p>\n","category_list_v2":"","author_info_v2":{"name":"","url":""},"comments_num_v2":"0 comentarios","_links":{"self":[{"href":"https:\/\/ajupe.com.uy\/web\/wp-json\/wp\/v2\/product\/7497","targetHints":{"allow":["GET"]}}],"collection":[{"href":"https:\/\/ajupe.com.uy\/web\/wp-json\/wp\/v2\/product"}],"about":[{"href":"https:\/\/ajupe.com.uy\/web\/wp-json\/wp\/v2\/types\/product"}],"wp:featuredmedia":[{"embeddable":true,"href":"https:\/\/ajupe.com.uy\/web\/wp-json\/wp\/v2\/media\/7498"}],"wp:attachment":[{"href":"https:\/\/ajupe.com.uy\/web\/wp-json\/wp\/v2\/media?parent=7497"}],"wp:term":[{"taxonomy":"product_brand","embeddable":true,"href":"https:\/\/ajupe.com.uy\/web\/wp-json\/wp\/v2\/product_brand?post=7497"},{"taxonomy":"product_cat","embeddable":true,"href":"https:\/\/ajupe.com.uy\/web\/wp-json\/wp\/v2\/product_cat?post=7497"},{"taxonomy":"product_tag","embeddable":true,"href":"https:\/\/ajupe.com.uy\/web\/wp-json\/wp\/v2\/product_tag?post=7497"}],"curies":[{"name":"wp","href":"https:\/\/api.w.org\/{rel}","templated":true}]}}