{"id":7509,"date":"2015-08-05T21:36:06","date_gmt":"2015-08-06T00:36:06","guid":{"rendered":"http:\/\/ajupe.com.uy\/web\/?post_type=product&#038;p=7509"},"modified":"2015-08-05T21:37:07","modified_gmt":"2015-08-06T00:37:07","slug":"s-de-silencio","status":"publish","type":"product","link":"https:\/\/ajupe.com.uy\/web\/biblioteca\/s-de-silencio\/","title":{"rendered":"S de silencio"},"content":{"rendered":"<p>Si los casos de personas desaparecidas ya son de por s\u00ed arduos para cualquier investigador, cuando la desaparici\u00f3n se ha producido hace treinta y cuatro a\u00f1os el trabajo se convierte casi en una misi\u00f3n imposible. \u00c9se es precisamente el reto al que se enfrenta la detective Kinsey Milhone en esta ocasi\u00f3n. Violet Sullivan fue vista por \u00faltima vez el Cuatro de Julio de 1953. Atr\u00e1s deja una hija de siete a\u00f1os, Daisy, un esposo sumido en la desesperaci\u00f3n, y un hervidero de rumores sobre su escandalosa vida sentimental. En Serena Station, el peque\u00f1o pueblo californiano donde ocurren los hechos, las opiniones est\u00e1n divididas: unos piensan que Violet, mujer bonita y promiscua, se ha fugado con un amante; otros dan por sentado que el marido, un alcoh\u00f3lico proclive a la violencia y a los malos tratos, ha puesto fin a los enga\u00f1os de Violet de manera dr\u00e1stica y ha ocultado despu\u00e9s su coche y su cad\u00e1ver en alg\u00fan lugar secreto.<\/p>\n<p>  Es Daisy, la hija abandonada, quien en 1987 decide esclarecer las circunstancias de ese trauma infantil que ha marcado su vida. A sus cuarenta y un a\u00f1os, necesita saber a toda costa si su madre se fue por voluntad propia o no. Pero en cuanto Kinsey empieza a remover el pasado, el resentimiento muestra su cara m\u00e1s cruel.<\/p>\n","protected":false},"excerpt":{"rendered":"<p>Si los casos de personas desaparecidas ya son de por s\u00ed arduos para cualquier investigador, cuando la desaparici\u00f3n se ha producido hace treinta y cuatro a\u00f1os el trabajo se convierte casi en una misi\u00f3n imposible. \u00c9se es precisamente el reto al que se enfrenta la detective Kinsey Milhone en esta ocasi\u00f3n. Violet Sullivan fue vista [&hellip;]<\/p>\n","protected":false},"featured_media":7510,"template":"","meta":[],"product_brand":[900],"product_cat":[40],"product_tag":[],"class_list":{"0":"post-7509","1":"product","2":"type-product","3":"status-publish","4":"has-post-thumbnail","6":"product_brand-sue-grafton","7":"product_cat-policial","9":"first","10":"instock","11":"purchasable","12":"product-type-simple"},"featured_image_urls_v2":{"full":["https:\/\/ajupe.com.uy\/web\/wp-content\/uploads\/2016\/04\/p-7509-S_de_silencio_55c28203aa679.jpg",179,279,false],"thumbnail":["https:\/\/ajupe.com.uy\/web\/wp-content\/uploads\/2016\/04\/p-7509-S_de_silencio_55c28203aa679.jpg",150,150,true],"medium":["https:\/\/ajupe.com.uy\/web\/wp-content\/uploads\/2016\/04\/p-7509-S_de_silencio_55c28203aa679.jpg",300,214,true],"medium_large":["https:\/\/ajupe.com.uy\/web\/wp-content\/uploads\/2016\/04\/p-7509-S_de_silencio_55c28203aa679.jpg",179,279,false],"large":["https:\/\/ajupe.com.uy\/web\/wp-content\/uploads\/2016\/04\/p-7509-S_de_silencio_55c28203aa679.jpg",179,279,false],"1536x1536":["https:\/\/ajupe.com.uy\/web\/wp-content\/uploads\/2016\/04\/p-7509-S_de_silencio_55c28203aa679.jpg",179,279,false],"2048x2048":["https:\/\/ajupe.com.uy\/web\/wp-content\/uploads\/2016\/04\/p-7509-S_de_silencio_55c28203aa679.jpg",179,279,false],"woocommerce_archive_thumbnail":["https:\/\/ajupe.com.uy\/web\/wp-content\/uploads\/2016\/04\/p-7509-S_de_silencio_55c28203aa679.jpg",179,279,false],"woocommerce_thumbnail":["https:\/\/ajupe.com.uy\/web\/wp-content\/uploads\/2016\/04\/p-7509-S_de_silencio_55c28203aa679.jpg",179,279,false],"woocommerce_single":["https:\/\/ajupe.com.uy\/web\/wp-content\/uploads\/2016\/04\/p-7509-S_de_silencio_55c28203aa679.jpg",179,279,false],"woocommerce_gallery_thumbnail":["https:\/\/ajupe.com.uy\/web\/wp-content\/uploads\/2016\/04\/p-7509-S_de_silencio_55c28203aa679-100x100.jpg",100,100,true]},"post_excerpt_stackable_v2":"<p>Si los casos de personas desaparecidas ya son de por s\u00ed arduos para cualquier investigador, cuando la desaparici\u00f3n se ha producido hace treinta y cuatro a\u00f1os el trabajo se convierte casi en una misi\u00f3n imposible. \u00c9se es precisamente el reto al que se enfrenta la detective Kinsey Milhone en esta ocasi\u00f3n. Violet Sullivan fue vista por \u00faltima vez el Cuatro de Julio de 1953. Atr\u00e1s deja una hija de siete a\u00f1os, Daisy, un esposo sumido en la desesperaci\u00f3n, y un hervidero de rumores sobre su escandalosa vida sentimental. En Serena Station, el peque\u00f1o pueblo californiano donde ocurren los hechos, las&hellip;<\/p>\n","category_list_v2":"","author_info_v2":{"name":"","url":""},"comments_num_v2":"0 comentarios","_links":{"self":[{"href":"https:\/\/ajupe.com.uy\/web\/wp-json\/wp\/v2\/product\/7509","targetHints":{"allow":["GET"]}}],"collection":[{"href":"https:\/\/ajupe.com.uy\/web\/wp-json\/wp\/v2\/product"}],"about":[{"href":"https:\/\/ajupe.com.uy\/web\/wp-json\/wp\/v2\/types\/product"}],"wp:featuredmedia":[{"embeddable":true,"href":"https:\/\/ajupe.com.uy\/web\/wp-json\/wp\/v2\/media\/7510"}],"wp:attachment":[{"href":"https:\/\/ajupe.com.uy\/web\/wp-json\/wp\/v2\/media?parent=7509"}],"wp:term":[{"taxonomy":"product_brand","embeddable":true,"href":"https:\/\/ajupe.com.uy\/web\/wp-json\/wp\/v2\/product_brand?post=7509"},{"taxonomy":"product_cat","embeddable":true,"href":"https:\/\/ajupe.com.uy\/web\/wp-json\/wp\/v2\/product_cat?post=7509"},{"taxonomy":"product_tag","embeddable":true,"href":"https:\/\/ajupe.com.uy\/web\/wp-json\/wp\/v2\/product_tag?post=7509"}],"curies":[{"name":"wp","href":"https:\/\/api.w.org\/{rel}","templated":true}]}}