{"id":7521,"date":"2015-09-10T19:36:56","date_gmt":"2015-09-10T22:36:56","guid":{"rendered":"http:\/\/ajupe.com.uy\/web\/?post_type=product&#038;p=7521"},"modified":"2015-09-10T19:42:33","modified_gmt":"2015-09-10T22:42:33","slug":"las-nueve-mujeres-de-artigas","status":"publish","type":"product","link":"https:\/\/ajupe.com.uy\/web\/biblioteca\/las-nueve-mujeres-de-artigas\/","title":{"rendered":"Las nueve mujeres de Artigas"},"content":{"rendered":"<p>\u201cEs una selecci\u00f3n de muchas cosas centradas en la vida privada de Artigas, de lo que sigue existiendo poco y nada, y en lo que creo he sido bastante preponderante\u201d, dijo el autor en di\u00e1logo con El Eco.<\/p>\n<p>\u201cHasta finales de 1999, salvo Melchora Cuenca -y hasta por ah\u00ed nom\u00e1s-, siete de estas mujeres eran consideradas por la academia \u201capenas una sombra\u201d en la vida de Artigas.<\/p>\n<p>Ese a\u00f1o apareci\u00f3 el primer \u201cArtigas \u00d1emo\u00f1ar\u00e9\u201d y el mundo se enter\u00f3 que Artigas necesitaba de una relaci\u00f3n estable con una compa\u00f1era, pese a su vida de sobresaltos continuos. Quince a\u00f1os junto a Isabel Vel\u00e1zquez y cuatro hijos en Villa Soriano en su juventud y casi los treinta que vivi\u00f3 en Paraguay junto Clara G\u00f3mez y su hijo Juan Sime\u00f3n que, como buen artiguista, fue soldado fiel y amigo de Solano L\u00f3pez y lo sobrevivi\u00f3 a su muerte en Cerro Cor\u00e1.<\/p>\n<p>Yo quer\u00eda concentrar las familias para generar un solo documento, y eso es este libro. Pero tiene muchas otras cosas relativas a los bicentenarios: Villa Purificaci\u00f3n, por ejemplo\u201d.<\/p>\n","protected":false},"excerpt":{"rendered":"<p>\u201cEs una selecci\u00f3n de muchas cosas centradas en la vida privada de Artigas, de lo que sigue existiendo poco y nada, y en lo que creo he sido bastante preponderante\u201d, dijo el autor en di\u00e1logo con El Eco. \u201cHasta finales de 1999, salvo Melchora Cuenca -y hasta por ah\u00ed nom\u00e1s-, siete de estas mujeres eran [&hellip;]<\/p>\n","protected":false},"featured_media":7522,"template":"","meta":[],"product_brand":[362],"product_cat":[31,45],"product_tag":[],"class_list":{"0":"post-7521","1":"product","2":"type-product","3":"status-publish","4":"has-post-thumbnail","6":"product_brand-nelson-caula","7":"product_cat-historico","8":"product_cat-uruguayo","10":"first","11":"instock","12":"purchasable","13":"product-type-simple"},"featured_image_urls_v2":{"full":["https:\/\/ajupe.com.uy\/web\/wp-content\/uploads\/2016\/04\/p-7521-Las_nueve_mujere_55f1dd298fde6.jpg",220,334,false],"thumbnail":["https:\/\/ajupe.com.uy\/web\/wp-content\/uploads\/2016\/04\/p-7521-Las_nueve_mujere_55f1dd298fde6.jpg",150,150,true],"medium":["https:\/\/ajupe.com.uy\/web\/wp-content\/uploads\/2016\/04\/p-7521-Las_nueve_mujere_55f1dd298fde6.jpg",300,214,true],"medium_large":["https:\/\/ajupe.com.uy\/web\/wp-content\/uploads\/2016\/04\/p-7521-Las_nueve_mujere_55f1dd298fde6.jpg",220,334,false],"large":["https:\/\/ajupe.com.uy\/web\/wp-content\/uploads\/2016\/04\/p-7521-Las_nueve_mujere_55f1dd298fde6.jpg",220,334,false],"1536x1536":["https:\/\/ajupe.com.uy\/web\/wp-content\/uploads\/2016\/04\/p-7521-Las_nueve_mujere_55f1dd298fde6.jpg",220,334,false],"2048x2048":["https:\/\/ajupe.com.uy\/web\/wp-content\/uploads\/2016\/04\/p-7521-Las_nueve_mujere_55f1dd298fde6.jpg",220,334,false],"woocommerce_archive_thumbnail":["https:\/\/ajupe.com.uy\/web\/wp-content\/uploads\/2016\/04\/p-7521-Las_nueve_mujere_55f1dd298fde6-220x300.jpg",220,300,true],"woocommerce_thumbnail":["https:\/\/ajupe.com.uy\/web\/wp-content\/uploads\/2016\/04\/p-7521-Las_nueve_mujere_55f1dd298fde6-220x300.jpg",220,300,true],"woocommerce_single":["https:\/\/ajupe.com.uy\/web\/wp-content\/uploads\/2016\/04\/p-7521-Las_nueve_mujere_55f1dd298fde6.jpg",220,334,false],"woocommerce_gallery_thumbnail":["https:\/\/ajupe.com.uy\/web\/wp-content\/uploads\/2016\/04\/p-7521-Las_nueve_mujere_55f1dd298fde6-100x100.jpg",100,100,true]},"post_excerpt_stackable_v2":"<p>\u201cEs una selecci\u00f3n de muchas cosas centradas en la vida privada de Artigas, de lo que sigue existiendo poco y nada, y en lo que creo he sido bastante preponderante\u201d, dijo el autor en di\u00e1logo con El Eco. \u201cHasta finales de 1999, salvo Melchora Cuenca -y hasta por ah\u00ed nom\u00e1s-, siete de estas mujeres eran consideradas por la academia \u201capenas una sombra\u201d en la vida de Artigas. Ese a\u00f1o apareci\u00f3 el primer \u201cArtigas \u00d1emo\u00f1ar\u00e9\u201d y el mundo se enter\u00f3 que Artigas necesitaba de una relaci\u00f3n estable con una compa\u00f1era, pese a su vida de sobresaltos continuos. Quince a\u00f1os junto a&hellip;<\/p>\n","category_list_v2":"","author_info_v2":{"name":"","url":""},"comments_num_v2":"0 comentarios","_links":{"self":[{"href":"https:\/\/ajupe.com.uy\/web\/wp-json\/wp\/v2\/product\/7521","targetHints":{"allow":["GET"]}}],"collection":[{"href":"https:\/\/ajupe.com.uy\/web\/wp-json\/wp\/v2\/product"}],"about":[{"href":"https:\/\/ajupe.com.uy\/web\/wp-json\/wp\/v2\/types\/product"}],"wp:featuredmedia":[{"embeddable":true,"href":"https:\/\/ajupe.com.uy\/web\/wp-json\/wp\/v2\/media\/7522"}],"wp:attachment":[{"href":"https:\/\/ajupe.com.uy\/web\/wp-json\/wp\/v2\/media?parent=7521"}],"wp:term":[{"taxonomy":"product_brand","embeddable":true,"href":"https:\/\/ajupe.com.uy\/web\/wp-json\/wp\/v2\/product_brand?post=7521"},{"taxonomy":"product_cat","embeddable":true,"href":"https:\/\/ajupe.com.uy\/web\/wp-json\/wp\/v2\/product_cat?post=7521"},{"taxonomy":"product_tag","embeddable":true,"href":"https:\/\/ajupe.com.uy\/web\/wp-json\/wp\/v2\/product_tag?post=7521"}],"curies":[{"name":"wp","href":"https:\/\/api.w.org\/{rel}","templated":true}]}}