{"id":7551,"date":"2015-09-10T21:33:15","date_gmt":"2015-09-11T00:33:15","guid":{"rendered":"http:\/\/ajupe.com.uy\/web\/?post_type=product&#038;p=7551"},"modified":"2015-09-10T21:34:18","modified_gmt":"2015-09-11T00:34:18","slug":"el-nino-44","status":"publish","type":"product","link":"https:\/\/ajupe.com.uy\/web\/biblioteca\/el-nino-44\/","title":{"rendered":"El ni\u00f1o 44"},"content":{"rendered":"<p>Leo Stepanovich Demidov, un prometedor agente del MGB, el servicio secreto ruso, es acusado de un delito de traici\u00f3n que no ha cometido y huye de Mosc\u00fa con su mujer. Se refugia en las colinas y descubre que varios ni\u00f1os han sido brutalmente asesinados, un terrible episodio del que el Partido Comunista se desentiende. Decide emprender una investigaci\u00f3n por su cuenta para esclarecer esas muertes, a sabiendas de que arriesga su vida y la de su mujer.<\/p>\n","protected":false},"excerpt":{"rendered":"<p>Leo Stepanovich Demidov, un prometedor agente del MGB, el servicio secreto ruso, es acusado de un delito de traici\u00f3n que no ha cometido y huye de Mosc\u00fa con su mujer. Se refugia en las colinas y descubre que varios ni\u00f1os han sido brutalmente asesinados, un terrible episodio del que el Partido Comunista se desentiende. Decide [&hellip;]<\/p>\n","protected":false},"featured_media":7552,"template":"","meta":[],"product_brand":[1390],"product_cat":[48],"product_tag":[],"class_list":{"0":"post-7551","1":"product","2":"type-product","3":"status-publish","4":"has-post-thumbnail","6":"product_brand-tom-rob-smith","7":"product_cat-thrillers","9":"first","10":"instock","11":"purchasable","12":"product-type-simple"},"featured_image_urls_v2":{"full":["https:\/\/ajupe.com.uy\/web\/wp-content\/uploads\/2016\/04\/p-7551-El_ni__o_44_55f1f75a6de48.jpg",198,324,false],"thumbnail":["https:\/\/ajupe.com.uy\/web\/wp-content\/uploads\/2016\/04\/p-7551-El_ni__o_44_55f1f75a6de48.jpg",150,150,true],"medium":["https:\/\/ajupe.com.uy\/web\/wp-content\/uploads\/2016\/04\/p-7551-El_ni__o_44_55f1f75a6de48.jpg",300,214,true],"medium_large":["https:\/\/ajupe.com.uy\/web\/wp-content\/uploads\/2016\/04\/p-7551-El_ni__o_44_55f1f75a6de48.jpg",198,324,false],"large":["https:\/\/ajupe.com.uy\/web\/wp-content\/uploads\/2016\/04\/p-7551-El_ni__o_44_55f1f75a6de48.jpg",198,324,false],"1536x1536":["https:\/\/ajupe.com.uy\/web\/wp-content\/uploads\/2016\/04\/p-7551-El_ni__o_44_55f1f75a6de48.jpg",198,324,false],"2048x2048":["https:\/\/ajupe.com.uy\/web\/wp-content\/uploads\/2016\/04\/p-7551-El_ni__o_44_55f1f75a6de48.jpg",198,324,false],"woocommerce_archive_thumbnail":["https:\/\/ajupe.com.uy\/web\/wp-content\/uploads\/2016\/04\/p-7551-El_ni__o_44_55f1f75a6de48-198x300.jpg",198,300,true],"woocommerce_thumbnail":["https:\/\/ajupe.com.uy\/web\/wp-content\/uploads\/2016\/04\/p-7551-El_ni__o_44_55f1f75a6de48-198x300.jpg",198,300,true],"woocommerce_single":["https:\/\/ajupe.com.uy\/web\/wp-content\/uploads\/2016\/04\/p-7551-El_ni__o_44_55f1f75a6de48.jpg",198,324,false],"woocommerce_gallery_thumbnail":["https:\/\/ajupe.com.uy\/web\/wp-content\/uploads\/2016\/04\/p-7551-El_ni__o_44_55f1f75a6de48-100x100.jpg",100,100,true]},"post_excerpt_stackable_v2":"<p>Leo Stepanovich Demidov, un prometedor agente del MGB, el servicio secreto ruso, es acusado de un delito de traici\u00f3n que no ha cometido y huye de Mosc\u00fa con su mujer. Se refugia en las colinas y descubre que varios ni\u00f1os han sido brutalmente asesinados, un terrible episodio del que el Partido Comunista se desentiende. Decide emprender una investigaci\u00f3n por su cuenta para esclarecer esas muertes, a sabiendas de que arriesga su vida y la de su mujer.<\/p>\n","category_list_v2":"","author_info_v2":{"name":"","url":""},"comments_num_v2":"0 comentarios","_links":{"self":[{"href":"https:\/\/ajupe.com.uy\/web\/wp-json\/wp\/v2\/product\/7551","targetHints":{"allow":["GET"]}}],"collection":[{"href":"https:\/\/ajupe.com.uy\/web\/wp-json\/wp\/v2\/product"}],"about":[{"href":"https:\/\/ajupe.com.uy\/web\/wp-json\/wp\/v2\/types\/product"}],"wp:featuredmedia":[{"embeddable":true,"href":"https:\/\/ajupe.com.uy\/web\/wp-json\/wp\/v2\/media\/7552"}],"wp:attachment":[{"href":"https:\/\/ajupe.com.uy\/web\/wp-json\/wp\/v2\/media?parent=7551"}],"wp:term":[{"taxonomy":"product_brand","embeddable":true,"href":"https:\/\/ajupe.com.uy\/web\/wp-json\/wp\/v2\/product_brand?post=7551"},{"taxonomy":"product_cat","embeddable":true,"href":"https:\/\/ajupe.com.uy\/web\/wp-json\/wp\/v2\/product_cat?post=7551"},{"taxonomy":"product_tag","embeddable":true,"href":"https:\/\/ajupe.com.uy\/web\/wp-json\/wp\/v2\/product_tag?post=7551"}],"curies":[{"name":"wp","href":"https:\/\/api.w.org\/{rel}","templated":true}]}}