{"id":7563,"date":"2015-09-11T16:53:38","date_gmt":"2015-09-11T19:53:38","guid":{"rendered":"http:\/\/ajupe.com.uy\/web\/?post_type=product&#038;p=7563"},"modified":"2015-09-11T16:59:37","modified_gmt":"2015-09-11T19:59:37","slug":"la-noche-que-me-quieras","status":"publish","type":"product","link":"https:\/\/ajupe.com.uy\/web\/biblioteca\/la-noche-que-me-quieras\/","title":{"rendered":"La noche que me quieras"},"content":{"rendered":"<p>Verano de 1988. En el campo, Don Arturo pasa las horas rememorando el pasado lejano. Corr\u00eda 1928 cuando parti\u00f3 rumbo a Par\u00eds. Un peso val\u00eda diez francos, la Argentina era el pa\u00eds del ma\u00f1ana y todo era posible. En el transatl\u00e1ntico, Arturo conoci\u00f3 a Mora, la mujer m\u00e1s bella y enigm\u00e1tica que jam\u00e1s hab\u00eda visto, y desde entonces, el amor de su vida. Par\u00eds resplandece. Su atm\u00f3sfera irradia magnetismo. Deslumbrado, el joven argentino lleva una turbulenta vida nocturna en tres m\u00edticos nightclubs: el Florida, el Garr\u00f3n y el Palermo, donde se juntan expertos bailarines de tango, apostadores, gangsters, ni\u00f1os `bien`, jockeys y mujeres peligrosas. Arturo escribe letras de tango y as\u00ed toma contacto con Gardel, que comienza su carrera internacional. Y est\u00e1 Mora&#8230; Arturo comprender\u00e1 que esa vida, donde se combinan el furor tanguero, los privilegios de una clase afortunada y un negocio ilegal, se est\u00e1 volviendo demasiado peligrosa. `La noche que me quieras` cuenta una historia de amor en un mundo que ahora parece fabuloso. Jorge Torres Zavaleta ha escrito una novela fascinante, que alude el tiempo que pasa, al dise\u00f1o de una vida armoniosa y las \u00faltimas decisiones posibles de un hombre.<\/p>\n","protected":false},"excerpt":{"rendered":"<p>Verano de 1988. En el campo, Don Arturo pasa las horas rememorando el pasado lejano. Corr\u00eda 1928 cuando parti\u00f3 rumbo a Par\u00eds. Un peso val\u00eda diez francos, la Argentina era el pa\u00eds del ma\u00f1ana y todo era posible. En el transatl\u00e1ntico, Arturo conoci\u00f3 a Mora, la mujer m\u00e1s bella y enigm\u00e1tica que jam\u00e1s hab\u00eda visto, [&hellip;]<\/p>\n","protected":false},"featured_media":7564,"template":"","meta":[],"product_brand":[750],"product_cat":[29],"product_tag":[],"class_list":{"0":"post-7563","1":"product","2":"type-product","3":"status-publish","4":"has-post-thumbnail","6":"product_brand-jose-luis-baumgartner","7":"product_cat-novela","9":"first","10":"instock","11":"purchasable","12":"product-type-simple"},"featured_image_urls_v2":{"full":["https:\/\/ajupe.com.uy\/web\/wp-content\/uploads\/2016\/04\/p-7563-La_noche_que_me__55f30879a893f.jpg",219,337,false],"thumbnail":["https:\/\/ajupe.com.uy\/web\/wp-content\/uploads\/2016\/04\/p-7563-La_noche_que_me__55f30879a893f.jpg",150,150,true],"medium":["https:\/\/ajupe.com.uy\/web\/wp-content\/uploads\/2016\/04\/p-7563-La_noche_que_me__55f30879a893f.jpg",300,214,true],"medium_large":["https:\/\/ajupe.com.uy\/web\/wp-content\/uploads\/2016\/04\/p-7563-La_noche_que_me__55f30879a893f.jpg",219,337,false],"large":["https:\/\/ajupe.com.uy\/web\/wp-content\/uploads\/2016\/04\/p-7563-La_noche_que_me__55f30879a893f.jpg",219,337,false],"1536x1536":["https:\/\/ajupe.com.uy\/web\/wp-content\/uploads\/2016\/04\/p-7563-La_noche_que_me__55f30879a893f.jpg",219,337,false],"2048x2048":["https:\/\/ajupe.com.uy\/web\/wp-content\/uploads\/2016\/04\/p-7563-La_noche_que_me__55f30879a893f.jpg",219,337,false],"woocommerce_archive_thumbnail":["https:\/\/ajupe.com.uy\/web\/wp-content\/uploads\/2016\/04\/p-7563-La_noche_que_me__55f30879a893f-219x300.jpg",219,300,true],"woocommerce_thumbnail":["https:\/\/ajupe.com.uy\/web\/wp-content\/uploads\/2016\/04\/p-7563-La_noche_que_me__55f30879a893f-219x300.jpg",219,300,true],"woocommerce_single":["https:\/\/ajupe.com.uy\/web\/wp-content\/uploads\/2016\/04\/p-7563-La_noche_que_me__55f30879a893f.jpg",219,337,false],"woocommerce_gallery_thumbnail":["https:\/\/ajupe.com.uy\/web\/wp-content\/uploads\/2016\/04\/p-7563-La_noche_que_me__55f30879a893f-100x100.jpg",100,100,true]},"post_excerpt_stackable_v2":"<p>Verano de 1988. En el campo, Don Arturo pasa las horas rememorando el pasado lejano. Corr\u00eda 1928 cuando parti\u00f3 rumbo a Par\u00eds. Un peso val\u00eda diez francos, la Argentina era el pa\u00eds del ma\u00f1ana y todo era posible. En el transatl\u00e1ntico, Arturo conoci\u00f3 a Mora, la mujer m\u00e1s bella y enigm\u00e1tica que jam\u00e1s hab\u00eda visto, y desde entonces, el amor de su vida. Par\u00eds resplandece. Su atm\u00f3sfera irradia magnetismo. Deslumbrado, el joven argentino lleva una turbulenta vida nocturna en tres m\u00edticos nightclubs: el Florida, el Garr\u00f3n y el Palermo, donde se juntan expertos bailarines de tango, apostadores, gangsters, ni\u00f1os `bien`,&hellip;<\/p>\n","category_list_v2":"","author_info_v2":{"name":"","url":""},"comments_num_v2":"0 comentarios","_links":{"self":[{"href":"https:\/\/ajupe.com.uy\/web\/wp-json\/wp\/v2\/product\/7563","targetHints":{"allow":["GET"]}}],"collection":[{"href":"https:\/\/ajupe.com.uy\/web\/wp-json\/wp\/v2\/product"}],"about":[{"href":"https:\/\/ajupe.com.uy\/web\/wp-json\/wp\/v2\/types\/product"}],"wp:featuredmedia":[{"embeddable":true,"href":"https:\/\/ajupe.com.uy\/web\/wp-json\/wp\/v2\/media\/7564"}],"wp:attachment":[{"href":"https:\/\/ajupe.com.uy\/web\/wp-json\/wp\/v2\/media?parent=7563"}],"wp:term":[{"taxonomy":"product_brand","embeddable":true,"href":"https:\/\/ajupe.com.uy\/web\/wp-json\/wp\/v2\/product_brand?post=7563"},{"taxonomy":"product_cat","embeddable":true,"href":"https:\/\/ajupe.com.uy\/web\/wp-json\/wp\/v2\/product_cat?post=7563"},{"taxonomy":"product_tag","embeddable":true,"href":"https:\/\/ajupe.com.uy\/web\/wp-json\/wp\/v2\/product_tag?post=7563"}],"curies":[{"name":"wp","href":"https:\/\/api.w.org\/{rel}","templated":true}]}}