{"id":7572,"date":"2015-10-22T21:33:18","date_gmt":"2015-10-23T00:33:18","guid":{"rendered":"http:\/\/ajupe.com.uy\/web\/?post_type=product&#038;p=7572"},"modified":"2015-10-22T21:34:25","modified_gmt":"2015-10-23T00:34:25","slug":"musica-de-callejon-2","status":"publish","type":"product","link":"https:\/\/ajupe.com.uy\/web\/biblioteca\/musica-de-callejon-2\/","title":{"rendered":"M\u00fasica de callej\u00f3n"},"content":{"rendered":"<p>Hay un Washington muy distinto del que muestran las pel\u00edculas. Un lugar que ignora lo que ocurre tras las paredes del Capitolio, donde las armas son moneda de cambio corriente y cuyos habi\u00adtantes viven al l\u00edmite, porque no tienen nada que perder. Granville Oliver es uno de ellos: Tras liderar una de las bandas m\u00e1s conflictivas de la ciudad, Oliver se enfrenta ahora a una posible pena de muerte. Ante la compleja red de lealtades y traiciones que encierra el caso, su abogado defensor decide pedir ayuda a Derek Strange, un investigador afroamericano que conoce muy bien los resortes que mueven al barrio. No en vano, en vez de escapar de las calles que le vieron crecer decidi\u00f3 quedarse y montar una agencia de investigaci\u00f3n desde la que mediar entre la justicia y unos j\u00f3venes que son v\u00edctimas de su entorno. Ayudado por su socio, el ex polic\u00eda de origen irland\u00e9s Terry Quinn, Strange intentar\u00e1 romper el c\u00f3digo de silencio imperante entre las bandas para dar con el paradero de un testigo que podr\u00eda salvar la vida de Oliver. M\u00fasica de callej\u00f3n nos muestra la descarnada convivencia en un barrio marginal de Washington en el que s\u00f3lo sobreviven los dotados de una enorme fuerza de voluntad. Pelecanos, que aborda este conflicto con un realismo implacable y un lenguaje contundente, ha sido calificado por la cr\u00edtica como uno de los escritores de novela negra m\u00e1s interesantes de la actualidad<\/p>\n","protected":false},"excerpt":{"rendered":"<p>Hay un Washington muy distinto del que muestran las pel\u00edculas. Un lugar que ignora lo que ocurre tras las paredes del Capitolio, donde las armas son moneda de cambio corriente y cuyos habi\u00adtantes viven al l\u00edmite, porque no tienen nada que perder. Granville Oliver es uno de ellos: Tras liderar una de las bandas m\u00e1s [&hellip;]<\/p>\n","protected":false},"featured_media":7573,"template":"","meta":[],"product_brand":[664],"product_cat":[40],"product_tag":[],"class_list":{"0":"post-7572","1":"product","2":"type-product","3":"status-publish","4":"has-post-thumbnail","6":"product_brand-george-pelecanos","7":"product_cat-policial","9":"first","10":"instock","11":"purchasable","12":"product-type-simple"},"featured_image_urls_v2":{"full":["https:\/\/ajupe.com.uy\/web\/wp-content\/uploads\/2016\/04\/p-7572-M__sica_de_calle_5629561e8bfc3.jpg",223,335,false],"thumbnail":["https:\/\/ajupe.com.uy\/web\/wp-content\/uploads\/2016\/04\/p-7572-M__sica_de_calle_5629561e8bfc3.jpg",150,150,true],"medium":["https:\/\/ajupe.com.uy\/web\/wp-content\/uploads\/2016\/04\/p-7572-M__sica_de_calle_5629561e8bfc3.jpg",300,214,true],"medium_large":["https:\/\/ajupe.com.uy\/web\/wp-content\/uploads\/2016\/04\/p-7572-M__sica_de_calle_5629561e8bfc3.jpg",223,335,false],"large":["https:\/\/ajupe.com.uy\/web\/wp-content\/uploads\/2016\/04\/p-7572-M__sica_de_calle_5629561e8bfc3.jpg",223,335,false],"1536x1536":["https:\/\/ajupe.com.uy\/web\/wp-content\/uploads\/2016\/04\/p-7572-M__sica_de_calle_5629561e8bfc3.jpg",223,335,false],"2048x2048":["https:\/\/ajupe.com.uy\/web\/wp-content\/uploads\/2016\/04\/p-7572-M__sica_de_calle_5629561e8bfc3.jpg",223,335,false],"woocommerce_archive_thumbnail":["https:\/\/ajupe.com.uy\/web\/wp-content\/uploads\/2016\/04\/p-7572-M__sica_de_calle_5629561e8bfc3-223x300.jpg",223,300,true],"woocommerce_thumbnail":["https:\/\/ajupe.com.uy\/web\/wp-content\/uploads\/2016\/04\/p-7572-M__sica_de_calle_5629561e8bfc3-223x300.jpg",223,300,true],"woocommerce_single":["https:\/\/ajupe.com.uy\/web\/wp-content\/uploads\/2016\/04\/p-7572-M__sica_de_calle_5629561e8bfc3.jpg",223,335,false],"woocommerce_gallery_thumbnail":["https:\/\/ajupe.com.uy\/web\/wp-content\/uploads\/2016\/04\/p-7572-M__sica_de_calle_5629561e8bfc3-100x100.jpg",100,100,true]},"post_excerpt_stackable_v2":"<p>Hay un Washington muy distinto del que muestran las pel\u00edculas. Un lugar que ignora lo que ocurre tras las paredes del Capitolio, donde las armas son moneda de cambio corriente y cuyos habi\u00adtantes viven al l\u00edmite, porque no tienen nada que perder. Granville Oliver es uno de ellos: Tras liderar una de las bandas m\u00e1s conflictivas de la ciudad, Oliver se enfrenta ahora a una posible pena de muerte. Ante la compleja red de lealtades y traiciones que encierra el caso, su abogado defensor decide pedir ayuda a Derek Strange, un investigador afroamericano que conoce muy bien los resortes que&hellip;<\/p>\n","category_list_v2":"","author_info_v2":{"name":"","url":""},"comments_num_v2":"0 comentarios","_links":{"self":[{"href":"https:\/\/ajupe.com.uy\/web\/wp-json\/wp\/v2\/product\/7572","targetHints":{"allow":["GET"]}}],"collection":[{"href":"https:\/\/ajupe.com.uy\/web\/wp-json\/wp\/v2\/product"}],"about":[{"href":"https:\/\/ajupe.com.uy\/web\/wp-json\/wp\/v2\/types\/product"}],"wp:featuredmedia":[{"embeddable":true,"href":"https:\/\/ajupe.com.uy\/web\/wp-json\/wp\/v2\/media\/7573"}],"wp:attachment":[{"href":"https:\/\/ajupe.com.uy\/web\/wp-json\/wp\/v2\/media?parent=7572"}],"wp:term":[{"taxonomy":"product_brand","embeddable":true,"href":"https:\/\/ajupe.com.uy\/web\/wp-json\/wp\/v2\/product_brand?post=7572"},{"taxonomy":"product_cat","embeddable":true,"href":"https:\/\/ajupe.com.uy\/web\/wp-json\/wp\/v2\/product_cat?post=7572"},{"taxonomy":"product_tag","embeddable":true,"href":"https:\/\/ajupe.com.uy\/web\/wp-json\/wp\/v2\/product_tag?post=7572"}],"curies":[{"name":"wp","href":"https:\/\/api.w.org\/{rel}","templated":true}]}}