{"id":7587,"date":"2015-10-23T19:05:58","date_gmt":"2015-10-23T22:05:58","guid":{"rendered":"http:\/\/ajupe.com.uy\/web\/?post_type=product&#038;p=7587"},"modified":"2015-10-23T19:07:04","modified_gmt":"2015-10-23T22:07:04","slug":"cuadernos","status":"publish","type":"product","link":"https:\/\/ajupe.com.uy\/web\/biblioteca\/cuadernos\/","title":{"rendered":"Cuadernos"},"content":{"rendered":"<p>Cuadernos rescata un g\u00e9nero poco habitual en la literatura argentina: el cuaderno de notas de un escritor. Sebreli re\u00fane en \u00e9l los temas m\u00e1s diversos. Con lucidez y osad\u00eda consigna singularidades y excepciones, pinta personajes extra\u00f1os de conductas extremas, reconstruye lugares ins\u00f3litos, devela ceremonias sociales, descifra mitos, evoca \u00e9pocas pasadas, recupera \u00aba la manera proustiana\u00bb escenas olvidadas y cuenta an\u00e9cdotas que nunca son superficiales ni gratuitas: historias en apariencia banales pero sociol\u00f3gicamente significativas. El libro agrega a las cualidades caracter\u00edsticas del autor como analista de lo cotidiano otros rasgos in\u00e9ditos: su extraordinario sentido del humor, por ejemplo, condici\u00f3n que permite, entre otras, una lectura hed\u00f3nica y l\u00fadica, muy por encima de lo meramente explicativo o informativo.<\/p>\n","protected":false},"excerpt":{"rendered":"<p>Cuadernos rescata un g\u00e9nero poco habitual en la literatura argentina: el cuaderno de notas de un escritor. Sebreli re\u00fane en \u00e9l los temas m\u00e1s diversos. Con lucidez y osad\u00eda consigna singularidades y excepciones, pinta personajes extra\u00f1os de conductas extremas, reconstruye lugares ins\u00f3litos, devela ceremonias sociales, descifra mitos, evoca \u00e9pocas pasadas, recupera \u00aba la manera proustiana\u00bb [&hellip;]<\/p>\n","protected":false},"featured_media":7588,"template":"","meta":[],"product_brand":[1396],"product_cat":[29],"product_tag":[],"class_list":{"0":"post-7587","1":"product","2":"type-product","3":"status-publish","4":"has-post-thumbnail","6":"product_brand-juan-jose-sebreli","7":"product_cat-novela","9":"first","10":"instock","11":"purchasable","12":"product-type-simple"},"featured_image_urls_v2":{"full":["https:\/\/ajupe.com.uy\/web\/wp-content\/uploads\/2016\/04\/p-7587-Cuadernos_562a85161a7f8.jpg",228,336,false],"thumbnail":["https:\/\/ajupe.com.uy\/web\/wp-content\/uploads\/2016\/04\/p-7587-Cuadernos_562a85161a7f8.jpg",150,150,true],"medium":["https:\/\/ajupe.com.uy\/web\/wp-content\/uploads\/2016\/04\/p-7587-Cuadernos_562a85161a7f8.jpg",300,214,true],"medium_large":["https:\/\/ajupe.com.uy\/web\/wp-content\/uploads\/2016\/04\/p-7587-Cuadernos_562a85161a7f8.jpg",228,336,false],"large":["https:\/\/ajupe.com.uy\/web\/wp-content\/uploads\/2016\/04\/p-7587-Cuadernos_562a85161a7f8.jpg",228,336,false],"1536x1536":["https:\/\/ajupe.com.uy\/web\/wp-content\/uploads\/2016\/04\/p-7587-Cuadernos_562a85161a7f8.jpg",228,336,false],"2048x2048":["https:\/\/ajupe.com.uy\/web\/wp-content\/uploads\/2016\/04\/p-7587-Cuadernos_562a85161a7f8.jpg",228,336,false],"woocommerce_archive_thumbnail":["https:\/\/ajupe.com.uy\/web\/wp-content\/uploads\/2016\/04\/p-7587-Cuadernos_562a85161a7f8-228x300.jpg",228,300,true],"woocommerce_thumbnail":["https:\/\/ajupe.com.uy\/web\/wp-content\/uploads\/2016\/04\/p-7587-Cuadernos_562a85161a7f8-228x300.jpg",228,300,true],"woocommerce_single":["https:\/\/ajupe.com.uy\/web\/wp-content\/uploads\/2016\/04\/p-7587-Cuadernos_562a85161a7f8.jpg",228,336,false],"woocommerce_gallery_thumbnail":["https:\/\/ajupe.com.uy\/web\/wp-content\/uploads\/2016\/04\/p-7587-Cuadernos_562a85161a7f8-100x100.jpg",100,100,true]},"post_excerpt_stackable_v2":"<p>Cuadernos rescata un g\u00e9nero poco habitual en la literatura argentina: el cuaderno de notas de un escritor. Sebreli re\u00fane en \u00e9l los temas m\u00e1s diversos. Con lucidez y osad\u00eda consigna singularidades y excepciones, pinta personajes extra\u00f1os de conductas extremas, reconstruye lugares ins\u00f3litos, devela ceremonias sociales, descifra mitos, evoca \u00e9pocas pasadas, recupera \u00aba la manera proustiana\u00bb escenas olvidadas y cuenta an\u00e9cdotas que nunca son superficiales ni gratuitas: historias en apariencia banales pero sociol\u00f3gicamente significativas. El libro agrega a las cualidades caracter\u00edsticas del autor como analista de lo cotidiano otros rasgos in\u00e9ditos: su extraordinario sentido del humor, por ejemplo, condici\u00f3n que permite,&hellip;<\/p>\n","category_list_v2":"","author_info_v2":{"name":"","url":""},"comments_num_v2":"0 comentarios","_links":{"self":[{"href":"https:\/\/ajupe.com.uy\/web\/wp-json\/wp\/v2\/product\/7587","targetHints":{"allow":["GET"]}}],"collection":[{"href":"https:\/\/ajupe.com.uy\/web\/wp-json\/wp\/v2\/product"}],"about":[{"href":"https:\/\/ajupe.com.uy\/web\/wp-json\/wp\/v2\/types\/product"}],"wp:featuredmedia":[{"embeddable":true,"href":"https:\/\/ajupe.com.uy\/web\/wp-json\/wp\/v2\/media\/7588"}],"wp:attachment":[{"href":"https:\/\/ajupe.com.uy\/web\/wp-json\/wp\/v2\/media?parent=7587"}],"wp:term":[{"taxonomy":"product_brand","embeddable":true,"href":"https:\/\/ajupe.com.uy\/web\/wp-json\/wp\/v2\/product_brand?post=7587"},{"taxonomy":"product_cat","embeddable":true,"href":"https:\/\/ajupe.com.uy\/web\/wp-json\/wp\/v2\/product_cat?post=7587"},{"taxonomy":"product_tag","embeddable":true,"href":"https:\/\/ajupe.com.uy\/web\/wp-json\/wp\/v2\/product_tag?post=7587"}],"curies":[{"name":"wp","href":"https:\/\/api.w.org\/{rel}","templated":true}]}}