{"id":7611,"date":"2015-10-23T21:12:45","date_gmt":"2015-10-24T00:12:45","guid":{"rendered":"http:\/\/ajupe.com.uy\/web\/?post_type=product&#038;p=7611"},"modified":"2015-10-23T21:12:45","modified_gmt":"2015-10-24T00:12:45","slug":"voces-anonimas-siniestro","status":"publish","type":"product","link":"https:\/\/ajupe.com.uy\/web\/biblioteca\/voces-anonimas-siniestro\/","title":{"rendered":"Voces an\u00f3nimas &#8211; Siniestro"},"content":{"rendered":"<p>\u00abSiniestro\u00bb es el m\u00e1s oscuro de los libros de la colecci\u00f3n de Voces An\u00f3nimas. En su interior se encuentran algunas de las historias y leyendas m\u00e1s terror\u00edficas que fueron contadas en el programa televisivo que se emite a trav\u00e9s de la pantalla de La Tele.<\/p>\n","protected":false},"excerpt":{"rendered":"<p>\u00abSiniestro\u00bb es el m\u00e1s oscuro de los libros de la colecci\u00f3n de Voces An\u00f3nimas. En su interior se encuentran algunas de las historias y leyendas m\u00e1s terror\u00edficas que fueron contadas en el programa televisivo que se emite a trav\u00e9s de la pantalla de La Tele.<\/p>\n","protected":false},"featured_media":7612,"template":"","meta":[],"product_brand":[678],"product_cat":[33],"product_tag":[],"class_list":{"0":"post-7611","1":"product","2":"type-product","3":"status-publish","4":"has-post-thumbnail","6":"product_brand-guillermo-lockhart","7":"product_cat-cuentos","9":"first","10":"instock","11":"purchasable","12":"product-type-simple"},"featured_image_urls_v2":{"full":["https:\/\/ajupe.com.uy\/web\/wp-content\/uploads\/2016\/04\/p-7611-Voces_an__nimas__562aa2cdc721e.jpg",219,338,false],"thumbnail":["https:\/\/ajupe.com.uy\/web\/wp-content\/uploads\/2016\/04\/p-7611-Voces_an__nimas__562aa2cdc721e.jpg",150,150,true],"medium":["https:\/\/ajupe.com.uy\/web\/wp-content\/uploads\/2016\/04\/p-7611-Voces_an__nimas__562aa2cdc721e.jpg",300,214,true],"medium_large":["https:\/\/ajupe.com.uy\/web\/wp-content\/uploads\/2016\/04\/p-7611-Voces_an__nimas__562aa2cdc721e.jpg",219,338,false],"large":["https:\/\/ajupe.com.uy\/web\/wp-content\/uploads\/2016\/04\/p-7611-Voces_an__nimas__562aa2cdc721e.jpg",219,338,false],"1536x1536":["https:\/\/ajupe.com.uy\/web\/wp-content\/uploads\/2016\/04\/p-7611-Voces_an__nimas__562aa2cdc721e.jpg",219,338,false],"2048x2048":["https:\/\/ajupe.com.uy\/web\/wp-content\/uploads\/2016\/04\/p-7611-Voces_an__nimas__562aa2cdc721e.jpg",219,338,false],"woocommerce_archive_thumbnail":["https:\/\/ajupe.com.uy\/web\/wp-content\/uploads\/2016\/04\/p-7611-Voces_an__nimas__562aa2cdc721e-219x300.jpg",219,300,true],"woocommerce_thumbnail":["https:\/\/ajupe.com.uy\/web\/wp-content\/uploads\/2016\/04\/p-7611-Voces_an__nimas__562aa2cdc721e-219x300.jpg",219,300,true],"woocommerce_single":["https:\/\/ajupe.com.uy\/web\/wp-content\/uploads\/2016\/04\/p-7611-Voces_an__nimas__562aa2cdc721e.jpg",219,338,false],"woocommerce_gallery_thumbnail":["https:\/\/ajupe.com.uy\/web\/wp-content\/uploads\/2016\/04\/p-7611-Voces_an__nimas__562aa2cdc721e-100x100.jpg",100,100,true]},"post_excerpt_stackable_v2":"<p>\u00abSiniestro\u00bb es el m\u00e1s oscuro de los libros de la colecci\u00f3n de Voces An\u00f3nimas. En su interior se encuentran algunas de las historias y leyendas m\u00e1s terror\u00edficas que fueron contadas en el programa televisivo que se emite a trav\u00e9s de la pantalla de La Tele.<\/p>\n","category_list_v2":"","author_info_v2":{"name":"","url":""},"comments_num_v2":"0 comentarios","_links":{"self":[{"href":"https:\/\/ajupe.com.uy\/web\/wp-json\/wp\/v2\/product\/7611","targetHints":{"allow":["GET"]}}],"collection":[{"href":"https:\/\/ajupe.com.uy\/web\/wp-json\/wp\/v2\/product"}],"about":[{"href":"https:\/\/ajupe.com.uy\/web\/wp-json\/wp\/v2\/types\/product"}],"wp:featuredmedia":[{"embeddable":true,"href":"https:\/\/ajupe.com.uy\/web\/wp-json\/wp\/v2\/media\/7612"}],"wp:attachment":[{"href":"https:\/\/ajupe.com.uy\/web\/wp-json\/wp\/v2\/media?parent=7611"}],"wp:term":[{"taxonomy":"product_brand","embeddable":true,"href":"https:\/\/ajupe.com.uy\/web\/wp-json\/wp\/v2\/product_brand?post=7611"},{"taxonomy":"product_cat","embeddable":true,"href":"https:\/\/ajupe.com.uy\/web\/wp-json\/wp\/v2\/product_cat?post=7611"},{"taxonomy":"product_tag","embeddable":true,"href":"https:\/\/ajupe.com.uy\/web\/wp-json\/wp\/v2\/product_tag?post=7611"}],"curies":[{"name":"wp","href":"https:\/\/api.w.org\/{rel}","templated":true}]}}