{"id":7866,"date":"2016-06-08T16:41:41","date_gmt":"2016-06-08T19:41:41","guid":{"rendered":"http:\/\/ajupe.com.uy\/web\/producto\/el-reino-del-dragon-de-oro-4\/"},"modified":"2016-06-08T17:18:20","modified_gmt":"2016-06-08T20:18:20","slug":"el-reino-del-dragon-de-oro-4","status":"publish","type":"product","link":"https:\/\/ajupe.com.uy\/web\/biblioteca\/el-reino-del-dragon-de-oro-4\/","title":{"rendered":"El reino del drag\u00f3n de oro"},"content":{"rendered":"<p>La estatua del Drag\u00f3n de Oro permanece oculta en un reino peque\u00f1o y misterioso, enclavado en la cordillera del Himalaya. Y seg\u00fan cuenta la leyenda, este magn\u00edfico objeto, un poderoso instrumento de adivinaci\u00f3n incrustado de piedras preciosas, preserva la paz de estas tierras. Una paz que ahora, por la codicia en el alma de los hombres, puede verse perturbada.<br \/>\nEn El Reino del Drag\u00f3n de Oro, Isabel Allende nos invita a entrar en una doble aventura. Alexander Cold, su abuela Kate y Nadia Santos, los protagonistas de La Ciudad de las Bestias, han vuelto a reunirse. Viviremos con ellos sus peripecias y vicisitudes en la belleza desnuda, limpia, de las monta\u00f1as y los valles del Himalaya en compa\u00f1\u00eda de nuevos amigos. Pero la pluma m\u00e1gica de Allende tambi\u00e9n nos descubre el valor y la sencillez de las ense\u00f1anzas budistas a trav\u00e9s del lama Tensing, maestro y gu\u00eda espiritual de Dil Bahadur, el joven heredero del reino, a quien conduce por la senda del budismo y ha dado a conocer el valor de la compasi\u00f3n, de la naturaleza, de la vida, de la paz.<br \/>\nUna novela espl\u00e9ndida, para lectores de todas las edades<\/p>\n","protected":false},"excerpt":{"rendered":"<p>La estatua del Drag\u00f3n de Oro permanece oculta en un reino peque\u00f1o y misterioso, enclavado en la cordillera del Himalaya. Y seg\u00fan cuenta la leyenda, este magn\u00edfico objeto, un poderoso instrumento de adivinaci\u00f3n incrustado de piedras preciosas, preserva la paz de estas tierras. Una paz que ahora, por la codicia en el alma de los hombres, puede verse perturbada.<br \/>\nEn El Reino del Drag\u00f3n de Oro, Isabel Allende nos invita a entrar en una doble aventura. Alexander Cold, su abuela Kate y Nadia Santos, los protagonistas de La Ciudad de las Bestias, han vuelto a reunirse. Viviremos con ellos sus peripecias y vicisitudes en la belleza desnuda, limpia, de las monta\u00f1as y los valles del Himalaya en compa\u00f1\u00eda de nuevos amigos. Pero la pluma m\u00e1gica de Allende tambi\u00e9n nos descubre el valor y la sencillez de las ense\u00f1anzas budistas a trav\u00e9s del lama Tensing, maestro y gu\u00eda espiritual de Dil Bahadur, el joven heredero del reino, a quien conduce por la senda del budismo y ha dado a conocer el valor de la compasi\u00f3n, de la naturaleza, de la vida, de la paz.<br \/>\nUna novela espl\u00e9ndida, para lectores de todas las edades<\/p>\n","protected":false},"featured_media":7828,"template":"","meta":[],"product_brand":[],"product_cat":[29],"product_tag":[],"class_list":{"0":"post-7866","1":"product","2":"type-product","3":"status-publish","4":"has-post-thumbnail","6":"product_cat-novela","8":"first","9":"instock","10":"purchasable","11":"product-type-simple"},"featured_image_urls_v2":{"full":["https:\/\/ajupe.com.uy\/web\/wp-content\/uploads\/2016\/05\/8873.jpg",168,250,false],"thumbnail":["https:\/\/ajupe.com.uy\/web\/wp-content\/uploads\/2016\/05\/8873-150x150.jpg",150,150,true],"medium":["https:\/\/ajupe.com.uy\/web\/wp-content\/uploads\/2016\/05\/8873.jpg",168,250,false],"medium_large":["https:\/\/ajupe.com.uy\/web\/wp-content\/uploads\/2016\/05\/8873.jpg",168,250,false],"large":["https:\/\/ajupe.com.uy\/web\/wp-content\/uploads\/2016\/05\/8873.jpg",168,250,false],"1536x1536":["https:\/\/ajupe.com.uy\/web\/wp-content\/uploads\/2016\/05\/8873.jpg",168,250,false],"2048x2048":["https:\/\/ajupe.com.uy\/web\/wp-content\/uploads\/2016\/05\/8873.jpg",168,250,false],"woocommerce_archive_thumbnail":["https:\/\/ajupe.com.uy\/web\/wp-content\/uploads\/2016\/05\/8873.jpg",168,250,false],"woocommerce_thumbnail":["https:\/\/ajupe.com.uy\/web\/wp-content\/uploads\/2016\/05\/8873.jpg",168,250,false],"woocommerce_single":["https:\/\/ajupe.com.uy\/web\/wp-content\/uploads\/2016\/05\/8873.jpg",168,250,false],"woocommerce_gallery_thumbnail":["https:\/\/ajupe.com.uy\/web\/wp-content\/uploads\/2016\/05\/8873-100x100.jpg",100,100,true]},"post_excerpt_stackable_v2":"<p>La estatua del Drag\u00f3n de Oro permanece oculta en un reino peque\u00f1o y misterioso, enclavado en la cordillera del Himalaya. Y seg\u00fan cuenta la leyenda, este magn\u00edfico objeto, un poderoso instrumento de adivinaci\u00f3n incrustado de piedras preciosas, preserva la paz de estas tierras. Una paz que ahora, por la codicia en el alma de los hombres, puede verse perturbada.<br \/>\nEn El Reino del Drag\u00f3n de Oro, Isabel Allende nos invita a entrar en una doble aventura. Alexander Cold, su abuela Kate y Nadia Santos, los protagonistas de La Ciudad de las Bestias, han vuelto a reunirse. Viviremos con ellos sus peripecias y vicisitudes en la belleza desnuda, limpia, de las monta\u00f1as y los valles del Himalaya en compa\u00f1\u00eda de nuevos amigos. Pero la pluma m\u00e1gica de Allende tambi\u00e9n nos descubre el valor y la sencillez de las ense\u00f1anzas budistas a trav\u00e9s del lama Tensing, maestro y gu\u00eda espiritual de Dil Bahadur, el joven heredero del reino, a quien conduce por la senda del budismo y ha dado a conocer el valor de la compasi\u00f3n, de la naturaleza, de la vida, de la paz.<br \/>\nUna novela espl\u00e9ndida, para lectores de todas las edades<\/p>\n","category_list_v2":"","author_info_v2":{"name":"","url":""},"comments_num_v2":"0 comentarios","_links":{"self":[{"href":"https:\/\/ajupe.com.uy\/web\/wp-json\/wp\/v2\/product\/7866","targetHints":{"allow":["GET"]}}],"collection":[{"href":"https:\/\/ajupe.com.uy\/web\/wp-json\/wp\/v2\/product"}],"about":[{"href":"https:\/\/ajupe.com.uy\/web\/wp-json\/wp\/v2\/types\/product"}],"wp:featuredmedia":[{"embeddable":true,"href":"https:\/\/ajupe.com.uy\/web\/wp-json\/wp\/v2\/media\/7828"}],"wp:attachment":[{"href":"https:\/\/ajupe.com.uy\/web\/wp-json\/wp\/v2\/media?parent=7866"}],"wp:term":[{"taxonomy":"product_brand","embeddable":true,"href":"https:\/\/ajupe.com.uy\/web\/wp-json\/wp\/v2\/product_brand?post=7866"},{"taxonomy":"product_cat","embeddable":true,"href":"https:\/\/ajupe.com.uy\/web\/wp-json\/wp\/v2\/product_cat?post=7866"},{"taxonomy":"product_tag","embeddable":true,"href":"https:\/\/ajupe.com.uy\/web\/wp-json\/wp\/v2\/product_tag?post=7866"}],"curies":[{"name":"wp","href":"https:\/\/api.w.org\/{rel}","templated":true}]}}