{"id":7975,"date":"2016-06-15T17:46:19","date_gmt":"2016-06-15T20:46:19","guid":{"rendered":"http:\/\/ajupe.com.uy\/web\/producto\/charlotte\/"},"modified":"2016-06-15T18:43:21","modified_gmt":"2016-06-15T21:43:21","slug":"charlotte","status":"publish","type":"product","link":"https:\/\/ajupe.com.uy\/web\/biblioteca\/charlotte\/","title":{"rendered":"Charlotte"},"content":{"rendered":"<p>Charlotte Salomon, pintora alemana de origen jud\u00edo, deja Berl\u00edn tras una infancia marcada por una tragedia familiar y una relaci\u00f3n amorosa que dejar\u00e1 en ella una huella definitiva, y pone rumbo a Francia huyendo de los nazis. En el sur de Francia le esperan sus abuelos, quienes custodian un secreto que Charlotte no puede conocer. All\u00ed comienza a componer su fascinante autobiograf\u00eda a trav\u00e9s de una obra \u00fanica. Al saberse en peligro conf\u00eda sus cuadros a su m\u00e9dico a quien confiesa:<\/p>\n<p>\u00abEs toda mi vida\u00bb. Charlotte muere a los veintis\u00e9is a\u00f1os en Auschwitz, lejos de su gran amor.<br \/>\nLa historia de un destino tr\u00e1gico. La b\u00fasqueda de un escritor fascinado por una artista. Una novela que, como la obra de Charlotte Salomon, inventa una nueva forma de arte.<\/p>\n","protected":false},"excerpt":{"rendered":"<p>Charlotte Salomon, pintora alemana de origen jud\u00edo, deja Berl\u00edn tras una infancia marcada por una tragedia familiar y una relaci\u00f3n amorosa que dejar\u00e1 en ella una huella definitiva, y pone rumbo a Francia huyendo de los nazis. En el sur de Francia le esperan sus abuelos, quienes custodian un secreto que Charlotte no puede conocer. [&hellip;]<\/p>\n","protected":false},"featured_media":7976,"template":"","meta":[],"product_brand":[],"product_cat":[29],"product_tag":[],"class_list":{"0":"post-7975","1":"product","2":"type-product","3":"status-publish","4":"has-post-thumbnail","6":"product_cat-novela","8":"first","9":"instock","10":"purchasable","11":"product-type-simple"},"featured_image_urls_v2":{"full":["https:\/\/ajupe.com.uy\/web\/wp-content\/uploads\/2016\/06\/8885.jpg",221,345,false],"thumbnail":["https:\/\/ajupe.com.uy\/web\/wp-content\/uploads\/2016\/06\/8885-150x150.jpg",150,150,true],"medium":["https:\/\/ajupe.com.uy\/web\/wp-content\/uploads\/2016\/06\/8885-192x300.jpg",192,300,true],"medium_large":["https:\/\/ajupe.com.uy\/web\/wp-content\/uploads\/2016\/06\/8885.jpg",221,345,false],"large":["https:\/\/ajupe.com.uy\/web\/wp-content\/uploads\/2016\/06\/8885.jpg",221,345,false],"1536x1536":["https:\/\/ajupe.com.uy\/web\/wp-content\/uploads\/2016\/06\/8885.jpg",221,345,false],"2048x2048":["https:\/\/ajupe.com.uy\/web\/wp-content\/uploads\/2016\/06\/8885.jpg",221,345,false],"woocommerce_archive_thumbnail":["https:\/\/ajupe.com.uy\/web\/wp-content\/uploads\/2016\/06\/8885-221x300.jpg",221,300,true],"woocommerce_thumbnail":["https:\/\/ajupe.com.uy\/web\/wp-content\/uploads\/2016\/06\/8885-221x300.jpg",221,300,true],"woocommerce_single":["https:\/\/ajupe.com.uy\/web\/wp-content\/uploads\/2016\/06\/8885.jpg",221,345,false],"woocommerce_gallery_thumbnail":["https:\/\/ajupe.com.uy\/web\/wp-content\/uploads\/2016\/06\/8885-100x100.jpg",100,100,true]},"post_excerpt_stackable_v2":"<p>Charlotte Salomon, pintora alemana de origen jud\u00edo, deja Berl\u00edn tras una infancia marcada por una tragedia familiar y una relaci\u00f3n amorosa que dejar\u00e1 en ella una huella definitiva, y pone rumbo a Francia huyendo de los nazis. En el sur de Francia le esperan sus abuelos, quienes custodian un secreto que Charlotte no puede conocer. All\u00ed comienza a componer su fascinante autobiograf\u00eda a trav\u00e9s de una obra \u00fanica. Al saberse en peligro conf\u00eda sus cuadros a su m\u00e9dico a quien confiesa: \u00abEs toda mi vida\u00bb. Charlotte muere a los veintis\u00e9is a\u00f1os en Auschwitz, lejos de su gran amor. La historia&hellip;<\/p>\n","category_list_v2":"","author_info_v2":{"name":"","url":""},"comments_num_v2":"0 comentarios","_links":{"self":[{"href":"https:\/\/ajupe.com.uy\/web\/wp-json\/wp\/v2\/product\/7975","targetHints":{"allow":["GET"]}}],"collection":[{"href":"https:\/\/ajupe.com.uy\/web\/wp-json\/wp\/v2\/product"}],"about":[{"href":"https:\/\/ajupe.com.uy\/web\/wp-json\/wp\/v2\/types\/product"}],"wp:featuredmedia":[{"embeddable":true,"href":"https:\/\/ajupe.com.uy\/web\/wp-json\/wp\/v2\/media\/7976"}],"wp:attachment":[{"href":"https:\/\/ajupe.com.uy\/web\/wp-json\/wp\/v2\/media?parent=7975"}],"wp:term":[{"taxonomy":"product_brand","embeddable":true,"href":"https:\/\/ajupe.com.uy\/web\/wp-json\/wp\/v2\/product_brand?post=7975"},{"taxonomy":"product_cat","embeddable":true,"href":"https:\/\/ajupe.com.uy\/web\/wp-json\/wp\/v2\/product_cat?post=7975"},{"taxonomy":"product_tag","embeddable":true,"href":"https:\/\/ajupe.com.uy\/web\/wp-json\/wp\/v2\/product_tag?post=7975"}],"curies":[{"name":"wp","href":"https:\/\/api.w.org\/{rel}","templated":true}]}}