{"id":7992,"date":"2016-06-16T17:52:59","date_gmt":"2016-06-16T20:52:59","guid":{"rendered":"http:\/\/ajupe.com.uy\/web\/producto\/la-entrada-al-paraiso\/"},"modified":"2016-06-16T17:54:38","modified_gmt":"2016-06-16T20:54:38","slug":"la-entrada-al-paraiso","status":"publish","type":"product","link":"https:\/\/ajupe.com.uy\/web\/biblioteca\/la-entrada-al-paraiso\/","title":{"rendered":"La entrada al para\u00edso"},"content":{"rendered":"<p>Una de las caracter\u00edsticas que tienen en com\u00fan todas las buenas novelas es que son susceptibles de m\u00faltiples interpretaciones. Otra, que en la letra chica de la historia que se narra se esconde muchas veces la verdadera grandeza de la obra.<\/p>\n<p><em>La entrada al para\u00edso<\/em>\u00a0de Mart\u00edn Lasalt, Primer Premio Narradores de la Banda Oriental 2014, tiene esas dos virtudes a las que suma la rotunda actualidad de lo que cuenta. La historia incluye un secuestro, una pareja en crisis, la presencia por varias v\u00edas de los Testigos de Jehov\u00e1 y de una iglesia evangelista an\u00f3nima, y varios arquetipos sociales que sirven para retratar un costado desolador del Uruguay posmoderno.<\/p>\n<p>Que todo esto quepa en una\u00a0<a href=\"http:\/\/www.elobservador.com.uy\/novela-a1207\">novela<\/a>\u00a0de 139 p\u00e1ginas es ya una muestra de la capacidad narrativa de Lasalt, que se revela como un escritor muy solvente, poseedor de una voz que no duda nunca aun cuando se mete en terrenos que suelen ser pantanosos, como los saltos temporales.<\/p>\n<p>La acci\u00f3n se desarrolla en un lugar difuso, abstracto, que bien pude ser la periferia de Montevideo o un pueblo cualquiera del interior del pa\u00eds. Esta elecci\u00f3n no es menor, ya que le permite al autor centrarse solo en la historia, alej\u00e1ndose as\u00ed de cualquier digresi\u00f3n superflua y, al mismo tiempo, montar el teatro adecuado para que el lector sienta y reconozca a cada uno de los personajes que desfilan.<\/p>\n<p>Matilde y Sergio, una joven pareja que lleva dos a\u00f1os conviviendo y que acaban de tener un hijo, deben afrontar la desaparici\u00f3n del ni\u00f1o, una tarde cualquiera. La novela es la cr\u00f3nica de la desesperaci\u00f3n compartida pero distinta de los protagonistas, la ruptura paulatina pero no definitiva del v\u00ednculo, las locuras que realizan uno y otro ante lo inconcebible.<\/p>\n<p>Como se\u00f1ala Tom\u00e1s de Mattos en el pr\u00f3logo, lo extraordinario es que cada uno reacciona seg\u00fan la crianza que ha tenido, seg\u00fan su pasado, seg\u00fan lo que es por naturaleza pero tambi\u00e9n por lo inculcado. Mientras que Matilde es hija de una seguidora ac\u00e9rrima de los Testigos de Jehov\u00e1; Sergio es un laico que solo cree en la racionalidad de las cosas.<\/p>\n","protected":false},"excerpt":{"rendered":"<p>Una de las caracter\u00edsticas que tienen en com\u00fan todas las buenas novelas es que son susceptibles de m\u00faltiples interpretaciones. Otra, que en la letra chica de la historia que se narra se esconde muchas veces la verdadera grandeza de la obra. La entrada al para\u00edso\u00a0de Mart\u00edn Lasalt, Primer Premio Narradores de la Banda Oriental 2014, [&hellip;]<\/p>\n","protected":false},"featured_media":7993,"template":"","meta":[],"product_brand":[],"product_cat":[29],"product_tag":[],"class_list":{"0":"post-7992","1":"product","2":"type-product","3":"status-publish","4":"has-post-thumbnail","6":"product_cat-novela","8":"first","9":"instock","10":"purchasable","11":"product-type-simple"},"featured_image_urls_v2":{"full":["https:\/\/ajupe.com.uy\/web\/wp-content\/uploads\/2016\/06\/8891.jpg",190,314,false],"thumbnail":["https:\/\/ajupe.com.uy\/web\/wp-content\/uploads\/2016\/06\/8891-150x150.jpg",150,150,true],"medium":["https:\/\/ajupe.com.uy\/web\/wp-content\/uploads\/2016\/06\/8891-182x300.jpg",182,300,true],"medium_large":["https:\/\/ajupe.com.uy\/web\/wp-content\/uploads\/2016\/06\/8891.jpg",190,314,false],"large":["https:\/\/ajupe.com.uy\/web\/wp-content\/uploads\/2016\/06\/8891.jpg",190,314,false],"1536x1536":["https:\/\/ajupe.com.uy\/web\/wp-content\/uploads\/2016\/06\/8891.jpg",190,314,false],"2048x2048":["https:\/\/ajupe.com.uy\/web\/wp-content\/uploads\/2016\/06\/8891.jpg",190,314,false],"woocommerce_archive_thumbnail":["https:\/\/ajupe.com.uy\/web\/wp-content\/uploads\/2016\/06\/8891-190x300.jpg",190,300,true],"woocommerce_thumbnail":["https:\/\/ajupe.com.uy\/web\/wp-content\/uploads\/2016\/06\/8891-190x300.jpg",190,300,true],"woocommerce_single":["https:\/\/ajupe.com.uy\/web\/wp-content\/uploads\/2016\/06\/8891.jpg",190,314,false],"woocommerce_gallery_thumbnail":["https:\/\/ajupe.com.uy\/web\/wp-content\/uploads\/2016\/06\/8891-100x100.jpg",100,100,true]},"post_excerpt_stackable_v2":"<p>Una de las caracter\u00edsticas que tienen en com\u00fan todas las buenas novelas es que son susceptibles de m\u00faltiples interpretaciones. Otra, que en la letra chica de la historia que se narra se esconde muchas veces la verdadera grandeza de la obra. La entrada al para\u00edso\u00a0de Mart\u00edn Lasalt, Primer Premio Narradores de la Banda Oriental 2014, tiene esas dos virtudes a las que suma la rotunda actualidad de lo que cuenta. La historia incluye un secuestro, una pareja en crisis, la presencia por varias v\u00edas de los Testigos de Jehov\u00e1 y de una iglesia evangelista an\u00f3nima, y varios arquetipos sociales que&hellip;<\/p>\n","category_list_v2":"","author_info_v2":{"name":"","url":""},"comments_num_v2":"0 comentarios","_links":{"self":[{"href":"https:\/\/ajupe.com.uy\/web\/wp-json\/wp\/v2\/product\/7992","targetHints":{"allow":["GET"]}}],"collection":[{"href":"https:\/\/ajupe.com.uy\/web\/wp-json\/wp\/v2\/product"}],"about":[{"href":"https:\/\/ajupe.com.uy\/web\/wp-json\/wp\/v2\/types\/product"}],"wp:featuredmedia":[{"embeddable":true,"href":"https:\/\/ajupe.com.uy\/web\/wp-json\/wp\/v2\/media\/7993"}],"wp:attachment":[{"href":"https:\/\/ajupe.com.uy\/web\/wp-json\/wp\/v2\/media?parent=7992"}],"wp:term":[{"taxonomy":"product_brand","embeddable":true,"href":"https:\/\/ajupe.com.uy\/web\/wp-json\/wp\/v2\/product_brand?post=7992"},{"taxonomy":"product_cat","embeddable":true,"href":"https:\/\/ajupe.com.uy\/web\/wp-json\/wp\/v2\/product_cat?post=7992"},{"taxonomy":"product_tag","embeddable":true,"href":"https:\/\/ajupe.com.uy\/web\/wp-json\/wp\/v2\/product_tag?post=7992"}],"curies":[{"name":"wp","href":"https:\/\/api.w.org\/{rel}","templated":true}]}}