{"id":8062,"date":"2016-06-17T16:40:56","date_gmt":"2016-06-17T19:40:56","guid":{"rendered":"http:\/\/ajupe.com.uy\/web\/producto\/la-pintora-de-la-reina-2\/"},"modified":"2016-06-17T16:46:54","modified_gmt":"2016-06-17T19:46:54","slug":"la-pintora-de-la-reina-2","status":"publish","type":"product","link":"https:\/\/ajupe.com.uy\/web\/biblioteca\/la-pintora-de-la-reina-2\/","title":{"rendered":"La pintora de la reina"},"content":{"rendered":"<p>Elisabeth Vig\u00e9e Le Brun (1755-1842) fue retratista de Mar\u00eda Antonieta, y una de las primeras mujeres que entr\u00f3 en la Academia. De hecho, su lucha por hacerse un nombre, entre los pintores parisinos primero y de la corte despu\u00e9s, centra la primera parte de esta novela. A ra\u00edz de la Revoluci\u00f3n francesa tuvo que exiliarse, y tuvo un gran \u00e9xito como retratista de la aristocracia europea. Hu\u00e9rfana desde muy joven y casada con un marchante de vida un tanto disipada (especialista en pintura flamenca) con quien apenas convivi\u00f3, su trayectoria fue una constante lucha dedicada al arte y a la consideraci\u00f3n social de las artistas, a menudo en condiciones muy adversas, lo que con el tiempo la ha convertido en una feminista avant la lettre. Dej\u00f3 escritas unas memorias (Souvenirs), base fundamental de la novela de Chauvel, quien dedica tambi\u00e9n especial atenci\u00f3n a la vida sentimental de Vig\u00e9e Le Brun.<\/p>\n","protected":false},"excerpt":{"rendered":"<p>Elisabeth Vig\u00e9e Le Brun (1755-1842) fue retratista de Mar\u00eda Antonieta, y una de las primeras mujeres que entr\u00f3 en la Academia. De hecho, su lucha por hacerse un nombre, entre los pintores parisinos primero y de la corte despu\u00e9s, centra la primera parte de esta novela. A ra\u00edz de la Revoluci\u00f3n francesa tuvo que exiliarse, [&hellip;]<\/p>\n","protected":false},"featured_media":8025,"template":"","meta":[],"product_brand":[],"product_cat":[31,29],"product_tag":[],"class_list":{"0":"post-8062","1":"product","2":"type-product","3":"status-publish","4":"has-post-thumbnail","6":"product_cat-historico","7":"product_cat-novela","9":"first","10":"instock","11":"purchasable","12":"product-type-simple"},"featured_image_urls_v2":{"full":["https:\/\/ajupe.com.uy\/web\/wp-content\/uploads\/2016\/06\/8900.jpg",140,214,false],"thumbnail":["https:\/\/ajupe.com.uy\/web\/wp-content\/uploads\/2016\/06\/8900-140x150.jpg",140,150,true],"medium":["https:\/\/ajupe.com.uy\/web\/wp-content\/uploads\/2016\/06\/8900.jpg",140,214,false],"medium_large":["https:\/\/ajupe.com.uy\/web\/wp-content\/uploads\/2016\/06\/8900.jpg",140,214,false],"large":["https:\/\/ajupe.com.uy\/web\/wp-content\/uploads\/2016\/06\/8900.jpg",140,214,false],"1536x1536":["https:\/\/ajupe.com.uy\/web\/wp-content\/uploads\/2016\/06\/8900.jpg",140,214,false],"2048x2048":["https:\/\/ajupe.com.uy\/web\/wp-content\/uploads\/2016\/06\/8900.jpg",140,214,false],"woocommerce_archive_thumbnail":["https:\/\/ajupe.com.uy\/web\/wp-content\/uploads\/2016\/06\/8900.jpg",140,214,false],"woocommerce_thumbnail":["https:\/\/ajupe.com.uy\/web\/wp-content\/uploads\/2016\/06\/8900.jpg",140,214,false],"woocommerce_single":["https:\/\/ajupe.com.uy\/web\/wp-content\/uploads\/2016\/06\/8900.jpg",140,214,false],"woocommerce_gallery_thumbnail":["https:\/\/ajupe.com.uy\/web\/wp-content\/uploads\/2016\/06\/8900-100x100.jpg",100,100,true]},"post_excerpt_stackable_v2":"<p>Elisabeth Vig\u00e9e Le Brun (1755-1842) fue retratista de Mar\u00eda Antonieta, y una de las primeras mujeres que entr\u00f3 en la Academia. De hecho, su lucha por hacerse un nombre, entre los pintores parisinos primero y de la corte despu\u00e9s, centra la primera parte de esta novela. A ra\u00edz de la Revoluci\u00f3n francesa tuvo que exiliarse, y tuvo un gran \u00e9xito como retratista de la aristocracia europea. Hu\u00e9rfana desde muy joven y casada con un marchante de vida un tanto disipada (especialista en pintura flamenca) con quien apenas convivi\u00f3, su trayectoria fue una constante lucha dedicada al arte y a la&hellip;<\/p>\n","category_list_v2":"","author_info_v2":{"name":"","url":""},"comments_num_v2":"0 comentarios","_links":{"self":[{"href":"https:\/\/ajupe.com.uy\/web\/wp-json\/wp\/v2\/product\/8062","targetHints":{"allow":["GET"]}}],"collection":[{"href":"https:\/\/ajupe.com.uy\/web\/wp-json\/wp\/v2\/product"}],"about":[{"href":"https:\/\/ajupe.com.uy\/web\/wp-json\/wp\/v2\/types\/product"}],"wp:featuredmedia":[{"embeddable":true,"href":"https:\/\/ajupe.com.uy\/web\/wp-json\/wp\/v2\/media\/8025"}],"wp:attachment":[{"href":"https:\/\/ajupe.com.uy\/web\/wp-json\/wp\/v2\/media?parent=8062"}],"wp:term":[{"taxonomy":"product_brand","embeddable":true,"href":"https:\/\/ajupe.com.uy\/web\/wp-json\/wp\/v2\/product_brand?post=8062"},{"taxonomy":"product_cat","embeddable":true,"href":"https:\/\/ajupe.com.uy\/web\/wp-json\/wp\/v2\/product_cat?post=8062"},{"taxonomy":"product_tag","embeddable":true,"href":"https:\/\/ajupe.com.uy\/web\/wp-json\/wp\/v2\/product_tag?post=8062"}],"curies":[{"name":"wp","href":"https:\/\/api.w.org\/{rel}","templated":true}]}}