{"id":8065,"date":"2016-06-17T17:03:04","date_gmt":"2016-06-17T20:03:04","guid":{"rendered":"http:\/\/ajupe.com.uy\/web\/producto\/el-bosque-de-los-pigmeos-2\/"},"modified":"2016-06-17T17:10:31","modified_gmt":"2016-06-17T20:10:31","slug":"el-bosque-de-los-pigmeos-2","status":"publish","type":"product","link":"https:\/\/ajupe.com.uy\/web\/biblioteca\/el-bosque-de-los-pigmeos-2\/","title":{"rendered":"El bosque de los pigmeos"},"content":{"rendered":"<p>Todos desconocen el destino de la tribu de pigmeos que habitaba aquel bosque de \u00c1frica ecuatorial. Nadie quiere arriesgarse a entrar en esa regi\u00f3n donde los animales est\u00e1n siendo exterminados y dos misioneros acaban de desaparecer. La selva guarda sus secretos, a veces tan oscuros como el coraz\u00f3n de algunos hombres. Alexander Cold y Nadia Santos, los protagonistas de La Ciudad de las Bestias y El Reino del Drag\u00f3n de Oro, se aventuran por primera vez en el continente africano, cuya realidad supera todo lo que podr\u00edan haber imaginado. Les fascinan la naturaleza, las gentes, las tradiciones, la vitalidad y el colorido de unas tierras llenas de contrastes. Les sorprenden la sabidur\u00eda tradicional, la magia y la especial relaci\u00f3n con el mundo de los esp\u00edritus que se vive en ellas. Les asustan las consecuencias del odio y la insensatez de los humanos, a las cuales s\u00f3lo pueden hacer frente con la fe en s\u00ed mismos, la fuerza de su amistad y el poder de la solidaridad. En El Bosque de los Pigmeos, la novela que cierra la trilog\u00eda \u00abLas memorias del \u00c1guila y el Jaguar\u00bb, Isabel Allende nos descubre nuevamente un mundo m\u00e1gico y misterioso. Una historia para lectores de todas las edades.<\/p>\n","protected":false},"excerpt":{"rendered":"<p>Todos desconocen el destino de la tribu de pigmeos que habitaba aquel bosque de \u00c1frica ecuatorial. Nadie quiere arriesgarse a entrar en esa regi\u00f3n donde los animales est\u00e1n siendo exterminados y dos misioneros acaban de desaparecer. La selva guarda sus secretos, a veces tan oscuros como el coraz\u00f3n de algunos hombres. Alexander Cold y Nadia [&hellip;]<\/p>\n","protected":false},"featured_media":8027,"template":"","meta":[],"product_brand":[],"product_cat":[29],"product_tag":[],"class_list":{"0":"post-8065","1":"product","2":"type-product","3":"status-publish","4":"has-post-thumbnail","6":"product_cat-novela","8":"first","9":"instock","10":"purchasable","11":"product-type-simple"},"featured_image_urls_v2":{"full":["https:\/\/ajupe.com.uy\/web\/wp-content\/uploads\/2016\/06\/8902.jpg",183,279,false],"thumbnail":["https:\/\/ajupe.com.uy\/web\/wp-content\/uploads\/2016\/06\/8902-150x150.jpg",150,150,true],"medium":["https:\/\/ajupe.com.uy\/web\/wp-content\/uploads\/2016\/06\/8902.jpg",183,279,false],"medium_large":["https:\/\/ajupe.com.uy\/web\/wp-content\/uploads\/2016\/06\/8902.jpg",183,279,false],"large":["https:\/\/ajupe.com.uy\/web\/wp-content\/uploads\/2016\/06\/8902.jpg",183,279,false],"1536x1536":["https:\/\/ajupe.com.uy\/web\/wp-content\/uploads\/2016\/06\/8902.jpg",183,279,false],"2048x2048":["https:\/\/ajupe.com.uy\/web\/wp-content\/uploads\/2016\/06\/8902.jpg",183,279,false],"woocommerce_archive_thumbnail":["https:\/\/ajupe.com.uy\/web\/wp-content\/uploads\/2016\/06\/8902.jpg",183,279,false],"woocommerce_thumbnail":["https:\/\/ajupe.com.uy\/web\/wp-content\/uploads\/2016\/06\/8902.jpg",183,279,false],"woocommerce_single":["https:\/\/ajupe.com.uy\/web\/wp-content\/uploads\/2016\/06\/8902.jpg",183,279,false],"woocommerce_gallery_thumbnail":["https:\/\/ajupe.com.uy\/web\/wp-content\/uploads\/2016\/06\/8902-100x100.jpg",100,100,true]},"post_excerpt_stackable_v2":"<p>Todos desconocen el destino de la tribu de pigmeos que habitaba aquel bosque de \u00c1frica ecuatorial. Nadie quiere arriesgarse a entrar en esa regi\u00f3n donde los animales est\u00e1n siendo exterminados y dos misioneros acaban de desaparecer. La selva guarda sus secretos, a veces tan oscuros como el coraz\u00f3n de algunos hombres. Alexander Cold y Nadia Santos, los protagonistas de La Ciudad de las Bestias y El Reino del Drag\u00f3n de Oro, se aventuran por primera vez en el continente africano, cuya realidad supera todo lo que podr\u00edan haber imaginado. Les fascinan la naturaleza, las gentes, las tradiciones, la vitalidad y&hellip;<\/p>\n","category_list_v2":"","author_info_v2":{"name":"","url":""},"comments_num_v2":"0 comentarios","_links":{"self":[{"href":"https:\/\/ajupe.com.uy\/web\/wp-json\/wp\/v2\/product\/8065","targetHints":{"allow":["GET"]}}],"collection":[{"href":"https:\/\/ajupe.com.uy\/web\/wp-json\/wp\/v2\/product"}],"about":[{"href":"https:\/\/ajupe.com.uy\/web\/wp-json\/wp\/v2\/types\/product"}],"wp:featuredmedia":[{"embeddable":true,"href":"https:\/\/ajupe.com.uy\/web\/wp-json\/wp\/v2\/media\/8027"}],"wp:attachment":[{"href":"https:\/\/ajupe.com.uy\/web\/wp-json\/wp\/v2\/media?parent=8065"}],"wp:term":[{"taxonomy":"product_brand","embeddable":true,"href":"https:\/\/ajupe.com.uy\/web\/wp-json\/wp\/v2\/product_brand?post=8065"},{"taxonomy":"product_cat","embeddable":true,"href":"https:\/\/ajupe.com.uy\/web\/wp-json\/wp\/v2\/product_cat?post=8065"},{"taxonomy":"product_tag","embeddable":true,"href":"https:\/\/ajupe.com.uy\/web\/wp-json\/wp\/v2\/product_tag?post=8065"}],"curies":[{"name":"wp","href":"https:\/\/api.w.org\/{rel}","templated":true}]}}