{"id":8071,"date":"2016-06-17T17:24:23","date_gmt":"2016-06-17T20:24:23","guid":{"rendered":"http:\/\/ajupe.com.uy\/web\/producto\/despues\/"},"modified":"2016-06-17T17:26:26","modified_gmt":"2016-06-17T20:26:26","slug":"despues","status":"publish","type":"product","link":"https:\/\/ajupe.com.uy\/web\/biblioteca\/despues\/","title":{"rendered":"Despu\u00e9s"},"content":{"rendered":"<p>Un d\u00eda perfecto, un crimen terrible. En una tarde tranquila, Grace advierte que la escuela donde estudia su hijo Adam, de ocho a\u00f1os, y donde trabaja su hija Jenny, de diecisiete, est\u00e1 en llamas. Consigue localizar a su hijo, que est\u00e1 fuera de peligro, pero se da cuenta de que su hija sigue en su interior, de modo que irrumpe en el edificio para salvarla.<\/p>\n<p>Cuando recupera la conciencia, Grace se encuentra en el hospital y tanto ella como su hija est\u00e1n gravemente heridas, debati\u00e9ndose entre la conciencia y la muerte corporal, observando a m\u00e9dicos y familiares a su alrededor, pero sin poder comunicarse con ellos.<\/p>\n<p>Pronto se descubre que el incendio fue provocado. La pregunta, sin embargo, es qui\u00e9n lo provoc\u00f3 y por qu\u00e9, ya que en ese momento muy pocas personas se encontraban en el edificio. Grace, que intuye el peligro que acecha a su familia y teme por sus hijos, comenzar\u00e1 su propia investigaci\u00f3n sobre los hechos para descubrir qui\u00e9n est\u00e1 detr\u00e1s del complot contra su id\u00edlica familia.<\/p>\n","protected":false},"excerpt":{"rendered":"<p>Un d\u00eda perfecto, un crimen terrible. En una tarde tranquila, Grace advierte que la escuela donde estudia su hijo Adam, de ocho a\u00f1os, y donde trabaja su hija Jenny, de diecisiete, est\u00e1 en llamas. Consigue localizar a su hijo, que est\u00e1 fuera de peligro, pero se da cuenta de que su hija sigue en su [&hellip;]<\/p>\n","protected":false},"featured_media":8030,"template":"","meta":[],"product_brand":[],"product_cat":[29],"product_tag":[],"class_list":{"0":"post-8071","1":"product","2":"type-product","3":"status-publish","4":"has-post-thumbnail","6":"product_cat-novela","8":"first","9":"instock","10":"purchasable","11":"product-type-simple"},"featured_image_urls_v2":{"full":["https:\/\/ajupe.com.uy\/web\/wp-content\/uploads\/2016\/06\/8905.jpg",217,338,false],"thumbnail":["https:\/\/ajupe.com.uy\/web\/wp-content\/uploads\/2016\/06\/8905-150x150.jpg",150,150,true],"medium":["https:\/\/ajupe.com.uy\/web\/wp-content\/uploads\/2016\/06\/8905-193x300.jpg",193,300,true],"medium_large":["https:\/\/ajupe.com.uy\/web\/wp-content\/uploads\/2016\/06\/8905.jpg",217,338,false],"large":["https:\/\/ajupe.com.uy\/web\/wp-content\/uploads\/2016\/06\/8905.jpg",217,338,false],"1536x1536":["https:\/\/ajupe.com.uy\/web\/wp-content\/uploads\/2016\/06\/8905.jpg",217,338,false],"2048x2048":["https:\/\/ajupe.com.uy\/web\/wp-content\/uploads\/2016\/06\/8905.jpg",217,338,false],"woocommerce_archive_thumbnail":["https:\/\/ajupe.com.uy\/web\/wp-content\/uploads\/2016\/06\/8905-217x300.jpg",217,300,true],"woocommerce_thumbnail":["https:\/\/ajupe.com.uy\/web\/wp-content\/uploads\/2016\/06\/8905-217x300.jpg",217,300,true],"woocommerce_single":["https:\/\/ajupe.com.uy\/web\/wp-content\/uploads\/2016\/06\/8905.jpg",217,338,false],"woocommerce_gallery_thumbnail":["https:\/\/ajupe.com.uy\/web\/wp-content\/uploads\/2016\/06\/8905-100x100.jpg",100,100,true]},"post_excerpt_stackable_v2":"<p>Un d\u00eda perfecto, un crimen terrible. En una tarde tranquila, Grace advierte que la escuela donde estudia su hijo Adam, de ocho a\u00f1os, y donde trabaja su hija Jenny, de diecisiete, est\u00e1 en llamas. Consigue localizar a su hijo, que est\u00e1 fuera de peligro, pero se da cuenta de que su hija sigue en su interior, de modo que irrumpe en el edificio para salvarla. Cuando recupera la conciencia, Grace se encuentra en el hospital y tanto ella como su hija est\u00e1n gravemente heridas, debati\u00e9ndose entre la conciencia y la muerte corporal, observando a m\u00e9dicos y familiares a su alrededor,&hellip;<\/p>\n","category_list_v2":"","author_info_v2":{"name":"","url":""},"comments_num_v2":"0 comentarios","_links":{"self":[{"href":"https:\/\/ajupe.com.uy\/web\/wp-json\/wp\/v2\/product\/8071","targetHints":{"allow":["GET"]}}],"collection":[{"href":"https:\/\/ajupe.com.uy\/web\/wp-json\/wp\/v2\/product"}],"about":[{"href":"https:\/\/ajupe.com.uy\/web\/wp-json\/wp\/v2\/types\/product"}],"wp:featuredmedia":[{"embeddable":true,"href":"https:\/\/ajupe.com.uy\/web\/wp-json\/wp\/v2\/media\/8030"}],"wp:attachment":[{"href":"https:\/\/ajupe.com.uy\/web\/wp-json\/wp\/v2\/media?parent=8071"}],"wp:term":[{"taxonomy":"product_brand","embeddable":true,"href":"https:\/\/ajupe.com.uy\/web\/wp-json\/wp\/v2\/product_brand?post=8071"},{"taxonomy":"product_cat","embeddable":true,"href":"https:\/\/ajupe.com.uy\/web\/wp-json\/wp\/v2\/product_cat?post=8071"},{"taxonomy":"product_tag","embeddable":true,"href":"https:\/\/ajupe.com.uy\/web\/wp-json\/wp\/v2\/product_tag?post=8071"}],"curies":[{"name":"wp","href":"https:\/\/api.w.org\/{rel}","templated":true}]}}