{"id":8093,"date":"2016-06-17T17:42:16","date_gmt":"2016-06-17T20:42:16","guid":{"rendered":"http:\/\/ajupe.com.uy\/web\/producto\/la-zona-de-interes\/"},"modified":"2016-06-17T17:54:17","modified_gmt":"2016-06-17T20:54:17","slug":"la-zona-de-interes","status":"publish","type":"product","link":"https:\/\/ajupe.com.uy\/web\/biblioteca\/la-zona-de-interes\/","title":{"rendered":"La zona de inter\u00e9s"},"content":{"rendered":"<p>Esta novela demuestra una vez m\u00e1s que a\u00a0<strong>Martin Amis<\/strong>\u00a0no le tiembla el pulso a la hora de abordar temas controvertidos. Despu\u00e9s de la demoledora\u00a0<em>Lionel Asbo<\/em>.\u00a0<em>El estado de Inglaterra<\/em>, que levant\u00f3 ampollas por su crudo retrato de lo peor de la sociedad brit\u00e1nica, el autor regresa al nazismo y al Holocausto, que ya hab\u00eda tratado en\u00a0<em>La flecha del tiempo<\/em>. Y lo hace desde un \u00e1ngulo cuando menos sorprendente, cediendo la palabra a los verdugos, y sin renunciar a incomodar al lector con ciertos toques de comedia negra. Golo, un joven oficial sobrino del jerarca nazi Martin Bormann, llega a un campo de exterminio para trabajar en la puesta en marcha de una f\u00e1brica con mano de obra esclava. Seductor nato, no tarda en quedar prendado de Hannah, la esposa del comandante del campo, el grotesco Paul Doll. Y a este tri\u00e1ngulo se une una cuarta pieza, el Sonderkommando Szmul, es decir, uno de esos jud\u00edos que colaboraban con los verdugos. Con la maquinaria de la crueldad como tel\u00f3n de fondo, la novela desarrolla una historia de amor y celos entre funcionarios de la barbarie. Es el marco para indagar en el horror y preguntarse: \u00bfqu\u00e9 sucede cuando descubrimos qui\u00e9nes somos en realidad? \u00bfC\u00f3mo podemos llegar a aceptar las consecuencias de nuestros actos? Envuelta en la pol\u00e9mica y rechazada por algunos de los editores habituales de\u00a0<strong>Martin Amis<\/strong>, inc\u00f3modos con sus planteamientos,\u00a0<em><strong>La Zona de Inter\u00e9s<\/strong><\/em><strong><em>\u00a0<\/em><\/strong>ha recibido sin embargo una extraordinaria acogida cr\u00edtica en Estados unidos y Gran Breta\u00f1a, donde ha sido saludada como una de sus obras mayores.<\/p>\n","protected":false},"excerpt":{"rendered":"<p>Esta novela demuestra una vez m\u00e1s que a\u00a0Martin Amis\u00a0no le tiembla el pulso a la hora de abordar temas controvertidos. Despu\u00e9s de la demoledora\u00a0Lionel Asbo.\u00a0El estado de Inglaterra, que levant\u00f3 ampollas por su crudo retrato de lo peor de la sociedad brit\u00e1nica, el autor regresa al nazismo y al Holocausto, que ya hab\u00eda tratado en\u00a0La [&hellip;]<\/p>\n","protected":false},"featured_media":8077,"template":"","meta":[],"product_brand":[],"product_cat":[29],"product_tag":[],"class_list":{"0":"post-8093","1":"product","2":"type-product","3":"status-publish","4":"has-post-thumbnail","6":"product_cat-novela","8":"first","9":"instock","10":"purchasable","11":"product-type-simple"},"featured_image_urls_v2":{"full":["https:\/\/ajupe.com.uy\/web\/wp-content\/uploads\/2016\/06\/8908.jpg",208,341,false],"thumbnail":["https:\/\/ajupe.com.uy\/web\/wp-content\/uploads\/2016\/06\/8908-150x150.jpg",150,150,true],"medium":["https:\/\/ajupe.com.uy\/web\/wp-content\/uploads\/2016\/06\/8908-183x300.jpg",183,300,true],"medium_large":["https:\/\/ajupe.com.uy\/web\/wp-content\/uploads\/2016\/06\/8908.jpg",208,341,false],"large":["https:\/\/ajupe.com.uy\/web\/wp-content\/uploads\/2016\/06\/8908.jpg",208,341,false],"1536x1536":["https:\/\/ajupe.com.uy\/web\/wp-content\/uploads\/2016\/06\/8908.jpg",208,341,false],"2048x2048":["https:\/\/ajupe.com.uy\/web\/wp-content\/uploads\/2016\/06\/8908.jpg",208,341,false],"woocommerce_archive_thumbnail":["https:\/\/ajupe.com.uy\/web\/wp-content\/uploads\/2016\/06\/8908-208x300.jpg",208,300,true],"woocommerce_thumbnail":["https:\/\/ajupe.com.uy\/web\/wp-content\/uploads\/2016\/06\/8908-208x300.jpg",208,300,true],"woocommerce_single":["https:\/\/ajupe.com.uy\/web\/wp-content\/uploads\/2016\/06\/8908.jpg",208,341,false],"woocommerce_gallery_thumbnail":["https:\/\/ajupe.com.uy\/web\/wp-content\/uploads\/2016\/06\/8908-100x100.jpg",100,100,true]},"post_excerpt_stackable_v2":"<p>Esta novela demuestra una vez m\u00e1s que a\u00a0Martin Amis\u00a0no le tiembla el pulso a la hora de abordar temas controvertidos. Despu\u00e9s de la demoledora\u00a0Lionel Asbo.\u00a0El estado de Inglaterra, que levant\u00f3 ampollas por su crudo retrato de lo peor de la sociedad brit\u00e1nica, el autor regresa al nazismo y al Holocausto, que ya hab\u00eda tratado en\u00a0La flecha del tiempo. Y lo hace desde un \u00e1ngulo cuando menos sorprendente, cediendo la palabra a los verdugos, y sin renunciar a incomodar al lector con ciertos toques de comedia negra. Golo, un joven oficial sobrino del jerarca nazi Martin Bormann, llega a un campo&hellip;<\/p>\n","category_list_v2":"","author_info_v2":{"name":"","url":""},"comments_num_v2":"0 comentarios","_links":{"self":[{"href":"https:\/\/ajupe.com.uy\/web\/wp-json\/wp\/v2\/product\/8093","targetHints":{"allow":["GET"]}}],"collection":[{"href":"https:\/\/ajupe.com.uy\/web\/wp-json\/wp\/v2\/product"}],"about":[{"href":"https:\/\/ajupe.com.uy\/web\/wp-json\/wp\/v2\/types\/product"}],"wp:featuredmedia":[{"embeddable":true,"href":"https:\/\/ajupe.com.uy\/web\/wp-json\/wp\/v2\/media\/8077"}],"wp:attachment":[{"href":"https:\/\/ajupe.com.uy\/web\/wp-json\/wp\/v2\/media?parent=8093"}],"wp:term":[{"taxonomy":"product_brand","embeddable":true,"href":"https:\/\/ajupe.com.uy\/web\/wp-json\/wp\/v2\/product_brand?post=8093"},{"taxonomy":"product_cat","embeddable":true,"href":"https:\/\/ajupe.com.uy\/web\/wp-json\/wp\/v2\/product_cat?post=8093"},{"taxonomy":"product_tag","embeddable":true,"href":"https:\/\/ajupe.com.uy\/web\/wp-json\/wp\/v2\/product_tag?post=8093"}],"curies":[{"name":"wp","href":"https:\/\/api.w.org\/{rel}","templated":true}]}}