{"id":8097,"date":"2016-06-17T18:49:51","date_gmt":"2016-06-17T21:49:51","guid":{"rendered":"http:\/\/ajupe.com.uy\/web\/producto\/diario-de-una-pasion\/"},"modified":"2016-06-17T18:51:41","modified_gmt":"2016-06-17T21:51:41","slug":"diario-de-una-pasion","status":"publish","type":"product","link":"https:\/\/ajupe.com.uy\/web\/biblioteca\/diario-de-una-pasion\/","title":{"rendered":"Diario de una pasi\u00f3n"},"content":{"rendered":"<p>Una historia de amor que ha encandilado a lectores de todo el mundo. Un cl\u00e1sico inolvidable. Un hombre tiene un cuaderno viejo, tra\u00eddo y llevado mil veces, en su regazo. Una mujer a su lado escucha lo que \u00e9l le lee cada ma\u00f1ana, aunque no acaba de entender. Muchos a\u00f1os antes, Noah Calhoun vuelve a casa, a carolina del norte, despu\u00e9s de la segunda guerra mundial. Noah intenta que la plantaci\u00f3n de la que procede vuelva a su antigua gloria, pero las im\u00e1genes de la preciosa joven que conoci\u00f3 catorce a\u00f1os antes una mujer a la que am\u00f3 como a ninguna otra no paran de perseguirlo. A pesar de que no ha sido capaz de volver a encontrarla, tampoco ha conseguido olvidar el verano que pasaron juntos. Es entonces cuando, de manera inesperada, vuelve a dar con ella. Allie Nelson est\u00e1 comprometida con otro hombre, pero reconoce que la pasi\u00f3n que una vez sinti\u00f3 por Noah no ha disminuido ni un \u00e1pice con el paso del tiempo. Sin embargo, los obst\u00e1culos que una vez impidieron su relaci\u00f3n contin\u00faan existiendo y la brecha entre sus mundos es demasiado grande como para no hacerle caso. Una historia de amor que ha encandilado a lectores de todo el mundo. Un cl\u00e1sico inolvidable.<\/p>\n","protected":false},"excerpt":{"rendered":"<p>Una historia de amor que ha encandilado a lectores de todo el mundo. Un cl\u00e1sico inolvidable. Un hombre tiene un cuaderno viejo, tra\u00eddo y llevado mil veces, en su regazo. Una mujer a su lado escucha lo que \u00e9l le lee cada ma\u00f1ana, aunque no acaba de entender. Muchos a\u00f1os antes, Noah Calhoun vuelve a [&hellip;]<\/p>\n","protected":false},"featured_media":8080,"template":"","meta":[],"product_brand":[],"product_cat":[29],"product_tag":[],"class_list":{"0":"post-8097","1":"product","2":"type-product","3":"status-publish","4":"has-post-thumbnail","6":"product_cat-novela","8":"first","9":"instock","10":"purchasable","11":"product-type-simple"},"featured_image_urls_v2":{"full":["https:\/\/ajupe.com.uy\/web\/wp-content\/uploads\/2016\/06\/8911.jpg",183,279,false],"thumbnail":["https:\/\/ajupe.com.uy\/web\/wp-content\/uploads\/2016\/06\/8911-150x150.jpg",150,150,true],"medium":["https:\/\/ajupe.com.uy\/web\/wp-content\/uploads\/2016\/06\/8911.jpg",183,279,false],"medium_large":["https:\/\/ajupe.com.uy\/web\/wp-content\/uploads\/2016\/06\/8911.jpg",183,279,false],"large":["https:\/\/ajupe.com.uy\/web\/wp-content\/uploads\/2016\/06\/8911.jpg",183,279,false],"1536x1536":["https:\/\/ajupe.com.uy\/web\/wp-content\/uploads\/2016\/06\/8911.jpg",183,279,false],"2048x2048":["https:\/\/ajupe.com.uy\/web\/wp-content\/uploads\/2016\/06\/8911.jpg",183,279,false],"woocommerce_archive_thumbnail":["https:\/\/ajupe.com.uy\/web\/wp-content\/uploads\/2016\/06\/8911.jpg",183,279,false],"woocommerce_thumbnail":["https:\/\/ajupe.com.uy\/web\/wp-content\/uploads\/2016\/06\/8911.jpg",183,279,false],"woocommerce_single":["https:\/\/ajupe.com.uy\/web\/wp-content\/uploads\/2016\/06\/8911.jpg",183,279,false],"woocommerce_gallery_thumbnail":["https:\/\/ajupe.com.uy\/web\/wp-content\/uploads\/2016\/06\/8911-100x100.jpg",100,100,true]},"post_excerpt_stackable_v2":"<p>Una historia de amor que ha encandilado a lectores de todo el mundo. Un cl\u00e1sico inolvidable. Un hombre tiene un cuaderno viejo, tra\u00eddo y llevado mil veces, en su regazo. Una mujer a su lado escucha lo que \u00e9l le lee cada ma\u00f1ana, aunque no acaba de entender. Muchos a\u00f1os antes, Noah Calhoun vuelve a casa, a carolina del norte, despu\u00e9s de la segunda guerra mundial. Noah intenta que la plantaci\u00f3n de la que procede vuelva a su antigua gloria, pero las im\u00e1genes de la preciosa joven que conoci\u00f3 catorce a\u00f1os antes una mujer a la que am\u00f3 como a&hellip;<\/p>\n","category_list_v2":"","author_info_v2":{"name":"","url":""},"comments_num_v2":"0 comentarios","_links":{"self":[{"href":"https:\/\/ajupe.com.uy\/web\/wp-json\/wp\/v2\/product\/8097","targetHints":{"allow":["GET"]}}],"collection":[{"href":"https:\/\/ajupe.com.uy\/web\/wp-json\/wp\/v2\/product"}],"about":[{"href":"https:\/\/ajupe.com.uy\/web\/wp-json\/wp\/v2\/types\/product"}],"wp:featuredmedia":[{"embeddable":true,"href":"https:\/\/ajupe.com.uy\/web\/wp-json\/wp\/v2\/media\/8080"}],"wp:attachment":[{"href":"https:\/\/ajupe.com.uy\/web\/wp-json\/wp\/v2\/media?parent=8097"}],"wp:term":[{"taxonomy":"product_brand","embeddable":true,"href":"https:\/\/ajupe.com.uy\/web\/wp-json\/wp\/v2\/product_brand?post=8097"},{"taxonomy":"product_cat","embeddable":true,"href":"https:\/\/ajupe.com.uy\/web\/wp-json\/wp\/v2\/product_cat?post=8097"},{"taxonomy":"product_tag","embeddable":true,"href":"https:\/\/ajupe.com.uy\/web\/wp-json\/wp\/v2\/product_tag?post=8097"}],"curies":[{"name":"wp","href":"https:\/\/api.w.org\/{rel}","templated":true}]}}