{"id":8239,"date":"2016-06-21T17:50:57","date_gmt":"2016-06-21T20:50:57","guid":{"rendered":"http:\/\/ajupe.com.uy\/web\/producto\/la-mirada-de-los-angeles\/"},"modified":"2016-06-21T18:54:31","modified_gmt":"2016-06-21T21:54:31","slug":"la-mirada-de-los-angeles","status":"publish","type":"product","link":"https:\/\/ajupe.com.uy\/web\/biblioteca\/la-mirada-de-los-angeles\/","title":{"rendered":"La mirada de los \u00e1ngeles"},"content":{"rendered":"<p>Tras la muerte accidental de su hijo peque\u00f1o, Ebba y M\u00e5rten se trasladan a la isla de Val\u00f6 para rehacer su vida. Ah\u00ed, se instalan en una granja en la que vivi\u00f3 la familia de Ebba hace muchos a\u00f1os. Pero la tragedia los sigue acechando, y un incendio, a todas luces provocado, saca a relucir la historia siniestra que pesa sobre la granja. Hace treinta a\u00f1os toda la familia de Ebba desapareci\u00f3 sin dejar rastro. Solo se salv\u00f3 ella, entonces un beb\u00e9 de un a\u00f1o, a quien encontraron sola en la casa. Desde ese momento, recibe una misteriosa felicitaci\u00f3n el d\u00eda de su cumplea\u00f1os, \u2011firmada con una simple G\u2026<br \/>\nPatrik abre una investigaci\u00f3n, y Erica, siempre en busca de material narrativo, empieza a tirar del hilo de la historia de la granja por su cuenta. Un acto impulsivo de Anna, la hermana de Erica, a\u00fan afectada por la p\u00e9rdida del beb\u00e9 que esperaba, revelar\u00e1 la verdad de golpe.<\/p>\n","protected":false},"excerpt":{"rendered":"<p>Tras la muerte accidental de su hijo peque\u00f1o, Ebba y M\u00e5rten se trasladan a la isla de Val\u00f6 para rehacer su vida. Ah\u00ed, se instalan en una granja en la que vivi\u00f3 la familia de Ebba hace muchos a\u00f1os. Pero la tragedia los sigue acechando, y un incendio, a todas luces provocado, saca a relucir [&hellip;]<\/p>\n","protected":false},"featured_media":8087,"template":"","meta":[],"product_brand":[],"product_cat":[40],"product_tag":[],"class_list":{"0":"post-8239","1":"product","2":"type-product","3":"status-publish","4":"has-post-thumbnail","6":"product_cat-policial","8":"first","9":"instock","10":"purchasable","11":"product-type-simple"},"featured_image_urls_v2":{"full":["https:\/\/ajupe.com.uy\/web\/wp-content\/uploads\/2016\/06\/8918.jpg",184,278,false],"thumbnail":["https:\/\/ajupe.com.uy\/web\/wp-content\/uploads\/2016\/06\/8918-150x150.jpg",150,150,true],"medium":["https:\/\/ajupe.com.uy\/web\/wp-content\/uploads\/2016\/06\/8918.jpg",184,278,false],"medium_large":["https:\/\/ajupe.com.uy\/web\/wp-content\/uploads\/2016\/06\/8918.jpg",184,278,false],"large":["https:\/\/ajupe.com.uy\/web\/wp-content\/uploads\/2016\/06\/8918.jpg",184,278,false],"1536x1536":["https:\/\/ajupe.com.uy\/web\/wp-content\/uploads\/2016\/06\/8918.jpg",184,278,false],"2048x2048":["https:\/\/ajupe.com.uy\/web\/wp-content\/uploads\/2016\/06\/8918.jpg",184,278,false],"woocommerce_archive_thumbnail":["https:\/\/ajupe.com.uy\/web\/wp-content\/uploads\/2016\/06\/8918.jpg",184,278,false],"woocommerce_thumbnail":["https:\/\/ajupe.com.uy\/web\/wp-content\/uploads\/2016\/06\/8918.jpg",184,278,false],"woocommerce_single":["https:\/\/ajupe.com.uy\/web\/wp-content\/uploads\/2016\/06\/8918.jpg",184,278,false],"woocommerce_gallery_thumbnail":["https:\/\/ajupe.com.uy\/web\/wp-content\/uploads\/2016\/06\/8918-100x100.jpg",100,100,true]},"post_excerpt_stackable_v2":"<p>Tras la muerte accidental de su hijo peque\u00f1o, Ebba y M\u00e5rten se trasladan a la isla de Val\u00f6 para rehacer su vida. Ah\u00ed, se instalan en una granja en la que vivi\u00f3 la familia de Ebba hace muchos a\u00f1os. Pero la tragedia los sigue acechando, y un incendio, a todas luces provocado, saca a relucir la historia siniestra que pesa sobre la granja. Hace treinta a\u00f1os toda la familia de Ebba desapareci\u00f3 sin dejar rastro. Solo se salv\u00f3 ella, entonces un beb\u00e9 de un a\u00f1o, a quien encontraron sola en la casa. Desde ese momento, recibe una misteriosa felicitaci\u00f3n el&hellip;<\/p>\n","category_list_v2":"","author_info_v2":{"name":"","url":""},"comments_num_v2":"0 comentarios","_links":{"self":[{"href":"https:\/\/ajupe.com.uy\/web\/wp-json\/wp\/v2\/product\/8239","targetHints":{"allow":["GET"]}}],"collection":[{"href":"https:\/\/ajupe.com.uy\/web\/wp-json\/wp\/v2\/product"}],"about":[{"href":"https:\/\/ajupe.com.uy\/web\/wp-json\/wp\/v2\/types\/product"}],"wp:featuredmedia":[{"embeddable":true,"href":"https:\/\/ajupe.com.uy\/web\/wp-json\/wp\/v2\/media\/8087"}],"wp:attachment":[{"href":"https:\/\/ajupe.com.uy\/web\/wp-json\/wp\/v2\/media?parent=8239"}],"wp:term":[{"taxonomy":"product_brand","embeddable":true,"href":"https:\/\/ajupe.com.uy\/web\/wp-json\/wp\/v2\/product_brand?post=8239"},{"taxonomy":"product_cat","embeddable":true,"href":"https:\/\/ajupe.com.uy\/web\/wp-json\/wp\/v2\/product_cat?post=8239"},{"taxonomy":"product_tag","embeddable":true,"href":"https:\/\/ajupe.com.uy\/web\/wp-json\/wp\/v2\/product_tag?post=8239"}],"curies":[{"name":"wp","href":"https:\/\/api.w.org\/{rel}","templated":true}]}}