{"id":8244,"date":"2016-06-21T18:56:04","date_gmt":"2016-06-21T21:56:04","guid":{"rendered":"http:\/\/ajupe.com.uy\/web\/producto\/el-pasajero-23\/"},"modified":"2016-06-21T18:57:48","modified_gmt":"2016-06-21T21:57:48","slug":"el-pasajero-23","status":"publish","type":"product","link":"https:\/\/ajupe.com.uy\/web\/biblioteca\/el-pasajero-23\/","title":{"rendered":"El pasajero 23"},"content":{"rendered":"<p>Martin Schwartz, psic\u00f3logo de la polic\u00eda, perdi\u00f3 hace cinco a\u00f1os a su mujer y a su hijo durante unas vacaciones en el crucero Sultan of the Seas. Nunca se supo con certeza lo ocurrido. Martin no ha logrado recuperarse y busca refugio en su trabajo como agente encubierto en operaciones suicidas.<br \/>\nEn el transcurso de una misi\u00f3n, recibe la llamada de una anciana dama algo extravagante, que se presenta como autora de novelas de suspense. La mujer afirma que existen pruebas relacionadas con la desaparici\u00f3n de la familia de Martin, y urge a este a que vuelva a embarcarse en el Sultan. \u00c9l, que hab\u00eda jurado no volver a poner un pie en un barco, acata sus indicaciones y se entera de que una ni\u00f1a desaparecida semanas atr\u00e1s en el Sultan ha aparecido\u2026 con el osito de peluche del hijo de Martin bajo el brazo.<br \/>\nUn crucero es una peque\u00f1a ciudad en la que todos los a\u00f1os desparecen decenas de pasajeros: el lugar para el crimen perfecto.<\/p>\n","protected":false},"excerpt":{"rendered":"<p>Martin Schwartz, psic\u00f3logo de la polic\u00eda, perdi\u00f3 hace cinco a\u00f1os a su mujer y a su hijo durante unas vacaciones en el crucero Sultan of the Seas. Nunca se supo con certeza lo ocurrido. Martin no ha logrado recuperarse y busca refugio en su trabajo como agente encubierto en operaciones suicidas. En el transcurso de [&hellip;]<\/p>\n","protected":false},"featured_media":8088,"template":"","meta":[],"product_brand":[],"product_cat":[48],"product_tag":[],"class_list":{"0":"post-8244","1":"product","2":"type-product","3":"status-publish","4":"has-post-thumbnail","6":"product_cat-thrillers","8":"first","9":"instock","10":"purchasable","11":"product-type-simple"},"featured_image_urls_v2":{"full":["https:\/\/ajupe.com.uy\/web\/wp-content\/uploads\/2016\/06\/8919.jpg",219,338,false],"thumbnail":["https:\/\/ajupe.com.uy\/web\/wp-content\/uploads\/2016\/06\/8919-150x150.jpg",150,150,true],"medium":["https:\/\/ajupe.com.uy\/web\/wp-content\/uploads\/2016\/06\/8919-194x300.jpg",194,300,true],"medium_large":["https:\/\/ajupe.com.uy\/web\/wp-content\/uploads\/2016\/06\/8919.jpg",219,338,false],"large":["https:\/\/ajupe.com.uy\/web\/wp-content\/uploads\/2016\/06\/8919.jpg",219,338,false],"1536x1536":["https:\/\/ajupe.com.uy\/web\/wp-content\/uploads\/2016\/06\/8919.jpg",219,338,false],"2048x2048":["https:\/\/ajupe.com.uy\/web\/wp-content\/uploads\/2016\/06\/8919.jpg",219,338,false],"woocommerce_archive_thumbnail":["https:\/\/ajupe.com.uy\/web\/wp-content\/uploads\/2016\/06\/8919-219x300.jpg",219,300,true],"woocommerce_thumbnail":["https:\/\/ajupe.com.uy\/web\/wp-content\/uploads\/2016\/06\/8919-219x300.jpg",219,300,true],"woocommerce_single":["https:\/\/ajupe.com.uy\/web\/wp-content\/uploads\/2016\/06\/8919.jpg",219,338,false],"woocommerce_gallery_thumbnail":["https:\/\/ajupe.com.uy\/web\/wp-content\/uploads\/2016\/06\/8919-100x100.jpg",100,100,true]},"post_excerpt_stackable_v2":"<p>Martin Schwartz, psic\u00f3logo de la polic\u00eda, perdi\u00f3 hace cinco a\u00f1os a su mujer y a su hijo durante unas vacaciones en el crucero Sultan of the Seas. Nunca se supo con certeza lo ocurrido. Martin no ha logrado recuperarse y busca refugio en su trabajo como agente encubierto en operaciones suicidas. En el transcurso de una misi\u00f3n, recibe la llamada de una anciana dama algo extravagante, que se presenta como autora de novelas de suspense. La mujer afirma que existen pruebas relacionadas con la desaparici\u00f3n de la familia de Martin, y urge a este a que vuelva a embarcarse en&hellip;<\/p>\n","category_list_v2":"","author_info_v2":{"name":"","url":""},"comments_num_v2":"0 comentarios","_links":{"self":[{"href":"https:\/\/ajupe.com.uy\/web\/wp-json\/wp\/v2\/product\/8244","targetHints":{"allow":["GET"]}}],"collection":[{"href":"https:\/\/ajupe.com.uy\/web\/wp-json\/wp\/v2\/product"}],"about":[{"href":"https:\/\/ajupe.com.uy\/web\/wp-json\/wp\/v2\/types\/product"}],"wp:featuredmedia":[{"embeddable":true,"href":"https:\/\/ajupe.com.uy\/web\/wp-json\/wp\/v2\/media\/8088"}],"wp:attachment":[{"href":"https:\/\/ajupe.com.uy\/web\/wp-json\/wp\/v2\/media?parent=8244"}],"wp:term":[{"taxonomy":"product_brand","embeddable":true,"href":"https:\/\/ajupe.com.uy\/web\/wp-json\/wp\/v2\/product_brand?post=8244"},{"taxonomy":"product_cat","embeddable":true,"href":"https:\/\/ajupe.com.uy\/web\/wp-json\/wp\/v2\/product_cat?post=8244"},{"taxonomy":"product_tag","embeddable":true,"href":"https:\/\/ajupe.com.uy\/web\/wp-json\/wp\/v2\/product_tag?post=8244"}],"curies":[{"name":"wp","href":"https:\/\/api.w.org\/{rel}","templated":true}]}}