{"id":8246,"date":"2016-06-22T13:30:35","date_gmt":"2016-06-22T16:30:35","guid":{"rendered":"http:\/\/ajupe.com.uy\/web\/producto\/mentiras-peligrosas\/"},"modified":"2016-06-22T16:54:14","modified_gmt":"2016-06-22T19:54:14","slug":"mentiras-peligrosas","status":"publish","type":"product","link":"https:\/\/ajupe.com.uy\/web\/biblioteca\/mentiras-peligrosas\/","title":{"rendered":"Mentiras peligrosas"},"content":{"rendered":"<p style=\"line-height: 15.7pt; background: white;\"><span style=\"font-size: 14.0pt; font-family: Georgia; color: black;\">La vida de Stella Gordon es una mentira.<\/span><\/p>\n<p style=\"line-height: 15.7pt; background: white;\"><span style=\"font-size: 14.0pt; font-family: Georgia; color: black;\">En tanto que testigo principal en el juicio contra de un traficante de drogas, Stella est\u00e1 en el programa de protecci\u00f3n de testigos y tiene que vivir en el peque\u00f1o pueblo de Thunder Basin, Nebraska, cuyos habitantes no deben saber, jam\u00e1s, qui\u00e9n es en realidad. Ni siquiera Chet Falconer, el chico que hace que desee revelar su verdadera identidad. Stella sabe que si dice la verdad solo traer\u00e1 violencia a ese lugar seguro.\u00a0<\/span><\/p>\n<p style=\"line-height: 15.7pt; background: white;\"><span style=\"font-size: 14.0pt; font-family: Georgia; color: black;\">Pero a pesar de lo mucho que intenta mantenerse oculta, el peligro est\u00e1 cercano. Los asesinos siempre intentan deshacerse de los testigos, y Stella ha cometido un error que podr\u00eda convertirse en la pista crucial para encontrarla.<\/span><\/p>\n","protected":false},"excerpt":{"rendered":"<p>La vida de Stella Gordon es una mentira. En tanto que testigo principal en el juicio contra de un traficante de drogas, Stella est\u00e1 en el programa de protecci\u00f3n de testigos y tiene que vivir en el peque\u00f1o pueblo de Thunder Basin, Nebraska, cuyos habitantes no deben saber, jam\u00e1s, qui\u00e9n es en realidad. Ni siquiera [&hellip;]<\/p>\n","protected":false},"featured_media":8247,"template":"","meta":[],"product_brand":[],"product_cat":[40],"product_tag":[],"class_list":{"0":"post-8246","1":"product","2":"type-product","3":"status-publish","4":"has-post-thumbnail","6":"product_cat-policial","8":"first","9":"instock","10":"purchasable","11":"product-type-simple"},"featured_image_urls_v2":{"full":["https:\/\/ajupe.com.uy\/web\/wp-content\/uploads\/2016\/06\/8921-1.jpg",201,317,false],"thumbnail":["https:\/\/ajupe.com.uy\/web\/wp-content\/uploads\/2016\/06\/8921-1-150x150.jpg",150,150,true],"medium":["https:\/\/ajupe.com.uy\/web\/wp-content\/uploads\/2016\/06\/8921-1-190x300.jpg",190,300,true],"medium_large":["https:\/\/ajupe.com.uy\/web\/wp-content\/uploads\/2016\/06\/8921-1.jpg",201,317,false],"large":["https:\/\/ajupe.com.uy\/web\/wp-content\/uploads\/2016\/06\/8921-1.jpg",201,317,false],"1536x1536":["https:\/\/ajupe.com.uy\/web\/wp-content\/uploads\/2016\/06\/8921-1.jpg",201,317,false],"2048x2048":["https:\/\/ajupe.com.uy\/web\/wp-content\/uploads\/2016\/06\/8921-1.jpg",201,317,false],"woocommerce_archive_thumbnail":["https:\/\/ajupe.com.uy\/web\/wp-content\/uploads\/2016\/06\/8921-1-201x300.jpg",201,300,true],"woocommerce_thumbnail":["https:\/\/ajupe.com.uy\/web\/wp-content\/uploads\/2016\/06\/8921-1-201x300.jpg",201,300,true],"woocommerce_single":["https:\/\/ajupe.com.uy\/web\/wp-content\/uploads\/2016\/06\/8921-1.jpg",201,317,false],"woocommerce_gallery_thumbnail":["https:\/\/ajupe.com.uy\/web\/wp-content\/uploads\/2016\/06\/8921-1-100x100.jpg",100,100,true]},"post_excerpt_stackable_v2":"<p>La vida de Stella Gordon es una mentira. En tanto que testigo principal en el juicio contra de un traficante de drogas, Stella est\u00e1 en el programa de protecci\u00f3n de testigos y tiene que vivir en el peque\u00f1o pueblo de Thunder Basin, Nebraska, cuyos habitantes no deben saber, jam\u00e1s, qui\u00e9n es en realidad. Ni siquiera Chet Falconer, el chico que hace que desee revelar su verdadera identidad. Stella sabe que si dice la verdad solo traer\u00e1 violencia a ese lugar seguro.\u00a0 Pero a pesar de lo mucho que intenta mantenerse oculta, el peligro est\u00e1 cercano. Los asesinos siempre intentan deshacerse&hellip;<\/p>\n","category_list_v2":"","author_info_v2":{"name":"","url":""},"comments_num_v2":"0 comentarios","_links":{"self":[{"href":"https:\/\/ajupe.com.uy\/web\/wp-json\/wp\/v2\/product\/8246","targetHints":{"allow":["GET"]}}],"collection":[{"href":"https:\/\/ajupe.com.uy\/web\/wp-json\/wp\/v2\/product"}],"about":[{"href":"https:\/\/ajupe.com.uy\/web\/wp-json\/wp\/v2\/types\/product"}],"wp:featuredmedia":[{"embeddable":true,"href":"https:\/\/ajupe.com.uy\/web\/wp-json\/wp\/v2\/media\/8247"}],"wp:attachment":[{"href":"https:\/\/ajupe.com.uy\/web\/wp-json\/wp\/v2\/media?parent=8246"}],"wp:term":[{"taxonomy":"product_brand","embeddable":true,"href":"https:\/\/ajupe.com.uy\/web\/wp-json\/wp\/v2\/product_brand?post=8246"},{"taxonomy":"product_cat","embeddable":true,"href":"https:\/\/ajupe.com.uy\/web\/wp-json\/wp\/v2\/product_cat?post=8246"},{"taxonomy":"product_tag","embeddable":true,"href":"https:\/\/ajupe.com.uy\/web\/wp-json\/wp\/v2\/product_tag?post=8246"}],"curies":[{"name":"wp","href":"https:\/\/api.w.org\/{rel}","templated":true}]}}