{"id":8361,"date":"2016-06-22T17:30:45","date_gmt":"2016-06-22T20:30:45","guid":{"rendered":"http:\/\/ajupe.com.uy\/web\/producto\/el-secreto-de-gray-mountain\/"},"modified":"2016-06-22T17:32:02","modified_gmt":"2016-06-22T20:32:02","slug":"el-secreto-de-gray-mountain","status":"publish","type":"product","link":"https:\/\/ajupe.com.uy\/web\/biblioteca\/el-secreto-de-gray-mountain\/","title":{"rendered":"El secreto de Gray Mountain"},"content":{"rendered":"<p>Un nuevo ejemplo de la maestr\u00eda de\u00a0<strong>Grisham<\/strong>, capaz de crear una historia con m\u00faltiples y diversas lecturas. Una novela que aborda por un lado la crisis, los despidos, la necesidad individual de reinventarse; por otro, los abusos corporativos en las zonas m\u00e1s d\u00e9biles y deprimidas, los efectos<br \/>\nmedioambientales o el miedo colectivo al desempleo.<\/p>\n<p>Donovan Gray es implacable y valiente. La clase de abogado necesario en una peque\u00f1a ciudad de Virginia.Samantha Kofer ha dejado atr\u00e1s su antigua vida en una prestigiosa firma de abogados en Nueva York. Si quiere sobrevivir en este entorno nuevo y hostil, deber\u00e1 aprender r\u00e1pido. Porque, como Donovan sabe, las monta\u00f1as tienen sus propias leyes. Y defender la verdad supone poner en peligro tu propia vida<\/p>\n","protected":false},"excerpt":{"rendered":"<p>Un nuevo ejemplo de la maestr\u00eda de\u00a0Grisham, capaz de crear una historia con m\u00faltiples y diversas lecturas. Una novela que aborda por un lado la crisis, los despidos, la necesidad individual de reinventarse; por otro, los abusos corporativos en las zonas m\u00e1s d\u00e9biles y deprimidas, los efectos medioambientales o el miedo colectivo al desempleo. Donovan [&hellip;]<\/p>\n","protected":false},"featured_media":8255,"template":"","meta":[],"product_brand":[],"product_cat":[30,48],"product_tag":[],"class_list":{"0":"post-8361","1":"product","2":"type-product","3":"status-publish","4":"has-post-thumbnail","6":"product_cat-suspenso","7":"product_cat-thrillers","9":"first","10":"instock","11":"purchasable","12":"product-type-simple"},"featured_image_urls_v2":{"full":["https:\/\/ajupe.com.uy\/web\/wp-content\/uploads\/2016\/06\/8929.jpg",219,337,false],"thumbnail":["https:\/\/ajupe.com.uy\/web\/wp-content\/uploads\/2016\/06\/8929-150x150.jpg",150,150,true],"medium":["https:\/\/ajupe.com.uy\/web\/wp-content\/uploads\/2016\/06\/8929-195x300.jpg",195,300,true],"medium_large":["https:\/\/ajupe.com.uy\/web\/wp-content\/uploads\/2016\/06\/8929.jpg",219,337,false],"large":["https:\/\/ajupe.com.uy\/web\/wp-content\/uploads\/2016\/06\/8929.jpg",219,337,false],"1536x1536":["https:\/\/ajupe.com.uy\/web\/wp-content\/uploads\/2016\/06\/8929.jpg",219,337,false],"2048x2048":["https:\/\/ajupe.com.uy\/web\/wp-content\/uploads\/2016\/06\/8929.jpg",219,337,false],"woocommerce_archive_thumbnail":["https:\/\/ajupe.com.uy\/web\/wp-content\/uploads\/2016\/06\/8929-219x300.jpg",219,300,true],"woocommerce_thumbnail":["https:\/\/ajupe.com.uy\/web\/wp-content\/uploads\/2016\/06\/8929-219x300.jpg",219,300,true],"woocommerce_single":["https:\/\/ajupe.com.uy\/web\/wp-content\/uploads\/2016\/06\/8929.jpg",219,337,false],"woocommerce_gallery_thumbnail":["https:\/\/ajupe.com.uy\/web\/wp-content\/uploads\/2016\/06\/8929-100x100.jpg",100,100,true]},"post_excerpt_stackable_v2":"<p>Un nuevo ejemplo de la maestr\u00eda de\u00a0Grisham, capaz de crear una historia con m\u00faltiples y diversas lecturas. Una novela que aborda por un lado la crisis, los despidos, la necesidad individual de reinventarse; por otro, los abusos corporativos en las zonas m\u00e1s d\u00e9biles y deprimidas, los efectos medioambientales o el miedo colectivo al desempleo. Donovan Gray es implacable y valiente. La clase de abogado necesario en una peque\u00f1a ciudad de Virginia.Samantha Kofer ha dejado atr\u00e1s su antigua vida en una prestigiosa firma de abogados en Nueva York. Si quiere sobrevivir en este entorno nuevo y hostil, deber\u00e1 aprender r\u00e1pido. Porque,&hellip;<\/p>\n","category_list_v2":"","author_info_v2":{"name":"","url":""},"comments_num_v2":"0 comentarios","_links":{"self":[{"href":"https:\/\/ajupe.com.uy\/web\/wp-json\/wp\/v2\/product\/8361","targetHints":{"allow":["GET"]}}],"collection":[{"href":"https:\/\/ajupe.com.uy\/web\/wp-json\/wp\/v2\/product"}],"about":[{"href":"https:\/\/ajupe.com.uy\/web\/wp-json\/wp\/v2\/types\/product"}],"wp:featuredmedia":[{"embeddable":true,"href":"https:\/\/ajupe.com.uy\/web\/wp-json\/wp\/v2\/media\/8255"}],"wp:attachment":[{"href":"https:\/\/ajupe.com.uy\/web\/wp-json\/wp\/v2\/media?parent=8361"}],"wp:term":[{"taxonomy":"product_brand","embeddable":true,"href":"https:\/\/ajupe.com.uy\/web\/wp-json\/wp\/v2\/product_brand?post=8361"},{"taxonomy":"product_cat","embeddable":true,"href":"https:\/\/ajupe.com.uy\/web\/wp-json\/wp\/v2\/product_cat?post=8361"},{"taxonomy":"product_tag","embeddable":true,"href":"https:\/\/ajupe.com.uy\/web\/wp-json\/wp\/v2\/product_tag?post=8361"}],"curies":[{"name":"wp","href":"https:\/\/api.w.org\/{rel}","templated":true}]}}