{"id":8419,"date":"2016-07-04T16:53:45","date_gmt":"2016-07-04T19:53:45","guid":{"rendered":"http:\/\/ajupe.com.uy\/web\/producto\/cinco-esquinas\/"},"modified":"2016-07-04T16:57:57","modified_gmt":"2016-07-04T19:57:57","slug":"cinco-esquinas","status":"publish","type":"product","link":"https:\/\/ajupe.com.uy\/web\/biblioteca\/cinco-esquinas\/","title":{"rendered":"Cinco esquinas"},"content":{"rendered":"<p>\u00abLa idea de esta novela comenz\u00f3 con una imagen de dos se\u00f1oras amigas que de pronto una noche, de una manera impensada para ambas, viven una situaci\u00f3n er\u00f3tica. Luego se fue convirtiendo en una historia policial, casi un thriller, y el thriller se fue transformando en una especie de mural de la sociedad peruana en los \u00faltimos meses o semanas de la dictadura de Fujimori y Montesinos. Me gust\u00f3 la idea de que la historia se llamase <strong>Cinco esquinas<\/strong> como un barrio que, de alguna manera, es emblem\u00e1tico de Lima, de Per\u00fa y tambi\u00e9n de la \u00e9poca en la que est\u00e1 situada la historia.<\/p>\n<p>La dictadura de Fujimori utiliz\u00f3 el periodismo amarillo, el periodismo de esc\u00e1ndalo, como un arma pol\u00edtica para desprestigiar y aniquilar moralmente a todos sus adversarios. Al mismo tiempo, tambi\u00e9n est\u00e1 la otra cara, c\u00f3mo el periodismo, que puede ser algo vil y sucio, puede convertirse de pronto en un instrumento de liberaci\u00f3n, de defensa moral y c\u00edvica de una sociedad. Esas dos caras del periodismo son uno de los temas centrales de <strong>Cinco esquinas<\/strong>.\u00bb <strong>Mario Vargas Llosa<\/strong><\/p>\n","protected":false},"excerpt":{"rendered":"<p>\u00abLa idea de esta novela comenz\u00f3 con una imagen de dos se\u00f1oras amigas que de pronto una noche, de una manera impensada para ambas, viven una situaci\u00f3n er\u00f3tica. Luego se fue convirtiendo en una historia policial, casi un thriller, y el thriller se fue transformando en una especie de mural de la sociedad peruana en [&hellip;]<\/p>\n","protected":false},"featured_media":8293,"template":"","meta":[],"product_brand":[],"product_cat":[29],"product_tag":[],"class_list":{"0":"post-8419","1":"product","2":"type-product","3":"status-publish","4":"has-post-thumbnail","6":"product_cat-novela","8":"first","9":"instock","10":"purchasable","11":"product-type-simple"},"featured_image_urls_v2":{"full":["https:\/\/ajupe.com.uy\/web\/wp-content\/uploads\/2016\/06\/8967.jpg",219,345,false],"thumbnail":["https:\/\/ajupe.com.uy\/web\/wp-content\/uploads\/2016\/06\/8967-150x150.jpg",150,150,true],"medium":["https:\/\/ajupe.com.uy\/web\/wp-content\/uploads\/2016\/06\/8967-190x300.jpg",190,300,true],"medium_large":["https:\/\/ajupe.com.uy\/web\/wp-content\/uploads\/2016\/06\/8967.jpg",219,345,false],"large":["https:\/\/ajupe.com.uy\/web\/wp-content\/uploads\/2016\/06\/8967.jpg",219,345,false],"1536x1536":["https:\/\/ajupe.com.uy\/web\/wp-content\/uploads\/2016\/06\/8967.jpg",219,345,false],"2048x2048":["https:\/\/ajupe.com.uy\/web\/wp-content\/uploads\/2016\/06\/8967.jpg",219,345,false],"woocommerce_archive_thumbnail":["https:\/\/ajupe.com.uy\/web\/wp-content\/uploads\/2016\/06\/8967-219x300.jpg",219,300,true],"woocommerce_thumbnail":["https:\/\/ajupe.com.uy\/web\/wp-content\/uploads\/2016\/06\/8967-219x300.jpg",219,300,true],"woocommerce_single":["https:\/\/ajupe.com.uy\/web\/wp-content\/uploads\/2016\/06\/8967.jpg",219,345,false],"woocommerce_gallery_thumbnail":["https:\/\/ajupe.com.uy\/web\/wp-content\/uploads\/2016\/06\/8967-100x100.jpg",100,100,true]},"post_excerpt_stackable_v2":"<p>\u00abLa idea de esta novela comenz\u00f3 con una imagen de dos se\u00f1oras amigas que de pronto una noche, de una manera impensada para ambas, viven una situaci\u00f3n er\u00f3tica. Luego se fue convirtiendo en una historia policial, casi un thriller, y el thriller se fue transformando en una especie de mural de la sociedad peruana en los \u00faltimos meses o semanas de la dictadura de Fujimori y Montesinos. Me gust\u00f3 la idea de que la historia se llamase Cinco esquinas como un barrio que, de alguna manera, es emblem\u00e1tico de Lima, de Per\u00fa y tambi\u00e9n de la \u00e9poca en la que&hellip;<\/p>\n","category_list_v2":"","author_info_v2":{"name":"","url":""},"comments_num_v2":"0 comentarios","_links":{"self":[{"href":"https:\/\/ajupe.com.uy\/web\/wp-json\/wp\/v2\/product\/8419","targetHints":{"allow":["GET"]}}],"collection":[{"href":"https:\/\/ajupe.com.uy\/web\/wp-json\/wp\/v2\/product"}],"about":[{"href":"https:\/\/ajupe.com.uy\/web\/wp-json\/wp\/v2\/types\/product"}],"wp:featuredmedia":[{"embeddable":true,"href":"https:\/\/ajupe.com.uy\/web\/wp-json\/wp\/v2\/media\/8293"}],"wp:attachment":[{"href":"https:\/\/ajupe.com.uy\/web\/wp-json\/wp\/v2\/media?parent=8419"}],"wp:term":[{"taxonomy":"product_brand","embeddable":true,"href":"https:\/\/ajupe.com.uy\/web\/wp-json\/wp\/v2\/product_brand?post=8419"},{"taxonomy":"product_cat","embeddable":true,"href":"https:\/\/ajupe.com.uy\/web\/wp-json\/wp\/v2\/product_cat?post=8419"},{"taxonomy":"product_tag","embeddable":true,"href":"https:\/\/ajupe.com.uy\/web\/wp-json\/wp\/v2\/product_tag?post=8419"}],"curies":[{"name":"wp","href":"https:\/\/api.w.org\/{rel}","templated":true}]}}