{"id":8420,"date":"2016-07-04T17:04:38","date_gmt":"2016-07-04T20:04:38","guid":{"rendered":"http:\/\/ajupe.com.uy\/web\/producto\/el-lector-del-tren-de-las-627\/"},"modified":"2016-07-04T17:16:59","modified_gmt":"2016-07-04T20:16:59","slug":"el-lector-del-tren-de-las-627","status":"publish","type":"product","link":"https:\/\/ajupe.com.uy\/web\/biblioteca\/el-lector-del-tren-de-las-627\/","title":{"rendered":"El lector del tren de las 6:27"},"content":{"rendered":"<p>Guibrando Vi\u00f1ol no es ni guapo ni feo, ni gordo ni flaco. Su trabajo consiste en destruir lo que m\u00e1s ama: es el encargado de supervisar la Cosa, la abominable m\u00e1quina que tritura los libros que ya nadie quiere leer. Al final de la jornada, Guibrando saca de la entra\u00f1as del monstruo las pocas p\u00e1ginas que han sobrevivido a la carnicer\u00eda. Cada ma\u00f1ana, en el tren de las 6.27, se dedica a leerlas en voz alta para deleite de los pasajeros habituales. Un d\u00eda descubre por casualidad una pieza de literatura at\u00edpica que le cambiar\u00e1 la vida.<\/p>\n<p>La amistad une a un grupo de personajes aparentemente anodinos, probables compa\u00f1eros invisibles de nuestros viajes cotidianos en tren, que esconden mundos extraordinarios donde todo es posible: un vigilante de seguridad que habla en verso, una princesa cuyo palacio es un aseo p\u00fablico, un mutilado que busca sus piernas. En una mezcla ins\u00f3lita de humor negro y dulzura, celebramos con ellos el triunfo de los incomprendidos.<\/p>\n","protected":false},"excerpt":{"rendered":"<p>Guibrando Vi\u00f1ol no es ni guapo ni feo, ni gordo ni flaco. Su trabajo consiste en destruir lo que m\u00e1s ama: es el encargado de supervisar la Cosa, la abominable m\u00e1quina que tritura los libros que ya nadie quiere leer. Al final de la jornada, Guibrando saca de la entra\u00f1as del monstruo las pocas p\u00e1ginas [&hellip;]<\/p>\n","protected":false},"featured_media":8295,"template":"","meta":[],"product_brand":[],"product_cat":[29],"product_tag":[],"class_list":{"0":"post-8420","1":"product","2":"type-product","3":"status-publish","4":"has-post-thumbnail","6":"product_cat-novela","8":"first","9":"instock","10":"purchasable","11":"product-type-simple"},"featured_image_urls_v2":{"full":["https:\/\/ajupe.com.uy\/web\/wp-content\/uploads\/2016\/06\/8969.jpg",196,338,false],"thumbnail":["https:\/\/ajupe.com.uy\/web\/wp-content\/uploads\/2016\/06\/8969-150x150.jpg",150,150,true],"medium":["https:\/\/ajupe.com.uy\/web\/wp-content\/uploads\/2016\/06\/8969-174x300.jpg",174,300,true],"medium_large":["https:\/\/ajupe.com.uy\/web\/wp-content\/uploads\/2016\/06\/8969.jpg",196,338,false],"large":["https:\/\/ajupe.com.uy\/web\/wp-content\/uploads\/2016\/06\/8969.jpg",196,338,false],"1536x1536":["https:\/\/ajupe.com.uy\/web\/wp-content\/uploads\/2016\/06\/8969.jpg",196,338,false],"2048x2048":["https:\/\/ajupe.com.uy\/web\/wp-content\/uploads\/2016\/06\/8969.jpg",196,338,false],"woocommerce_archive_thumbnail":["https:\/\/ajupe.com.uy\/web\/wp-content\/uploads\/2016\/06\/8969-196x300.jpg",196,300,true],"woocommerce_thumbnail":["https:\/\/ajupe.com.uy\/web\/wp-content\/uploads\/2016\/06\/8969-196x300.jpg",196,300,true],"woocommerce_single":["https:\/\/ajupe.com.uy\/web\/wp-content\/uploads\/2016\/06\/8969.jpg",196,338,false],"woocommerce_gallery_thumbnail":["https:\/\/ajupe.com.uy\/web\/wp-content\/uploads\/2016\/06\/8969-100x100.jpg",100,100,true]},"post_excerpt_stackable_v2":"<p>Guibrando Vi\u00f1ol no es ni guapo ni feo, ni gordo ni flaco. Su trabajo consiste en destruir lo que m\u00e1s ama: es el encargado de supervisar la Cosa, la abominable m\u00e1quina que tritura los libros que ya nadie quiere leer. Al final de la jornada, Guibrando saca de la entra\u00f1as del monstruo las pocas p\u00e1ginas que han sobrevivido a la carnicer\u00eda. Cada ma\u00f1ana, en el tren de las 6.27, se dedica a leerlas en voz alta para deleite de los pasajeros habituales. Un d\u00eda descubre por casualidad una pieza de literatura at\u00edpica que le cambiar\u00e1 la vida. La amistad une&hellip;<\/p>\n","category_list_v2":"","author_info_v2":{"name":"","url":""},"comments_num_v2":"0 comentarios","_links":{"self":[{"href":"https:\/\/ajupe.com.uy\/web\/wp-json\/wp\/v2\/product\/8420","targetHints":{"allow":["GET"]}}],"collection":[{"href":"https:\/\/ajupe.com.uy\/web\/wp-json\/wp\/v2\/product"}],"about":[{"href":"https:\/\/ajupe.com.uy\/web\/wp-json\/wp\/v2\/types\/product"}],"wp:featuredmedia":[{"embeddable":true,"href":"https:\/\/ajupe.com.uy\/web\/wp-json\/wp\/v2\/media\/8295"}],"wp:attachment":[{"href":"https:\/\/ajupe.com.uy\/web\/wp-json\/wp\/v2\/media?parent=8420"}],"wp:term":[{"taxonomy":"product_brand","embeddable":true,"href":"https:\/\/ajupe.com.uy\/web\/wp-json\/wp\/v2\/product_brand?post=8420"},{"taxonomy":"product_cat","embeddable":true,"href":"https:\/\/ajupe.com.uy\/web\/wp-json\/wp\/v2\/product_cat?post=8420"},{"taxonomy":"product_tag","embeddable":true,"href":"https:\/\/ajupe.com.uy\/web\/wp-json\/wp\/v2\/product_tag?post=8420"}],"curies":[{"name":"wp","href":"https:\/\/api.w.org\/{rel}","templated":true}]}}