{"id":8428,"date":"2016-07-04T18:48:34","date_gmt":"2016-07-04T21:48:34","guid":{"rendered":"http:\/\/ajupe.com.uy\/web\/producto\/de-vidas-ajenas\/"},"modified":"2016-07-04T18:49:58","modified_gmt":"2016-07-04T21:49:58","slug":"de-vidas-ajenas","status":"publish","type":"product","link":"https:\/\/ajupe.com.uy\/web\/biblioteca\/de-vidas-ajenas\/","title":{"rendered":"De vidas ajenas"},"content":{"rendered":"<p>\u00abEn cuesti\u00f3n de pocos meses, fui testigo de dos de los acontecimientos que m\u00e1s temo en la vida: la muerte de un hijo para sus padres y la muerte de una mujer joven para sus hijos y su marido. Alguien me dijo entonces: eres escritor, \u00bfpor qu\u00e9 no escribes nuestra historia? Era un encargo, y lo acept\u00e9. Empec\u00e9, pues, a contar la amistad entre un hombre y una mujer, los dos supervivientes de un c\u00e1ncer, los dos cojos y los dos jueces, que se ocupaban de asuntos de sobreendeudamiento en el tribunal de primera instancia de Vienne (Is\u00e8re). En este libro se habla de la vida y la muerte, de la enfermedad, de la pobreza extrema, de la justicia y, sobre todo, del amor. Todo lo que se dice en \u00e9l es cierto\u00bb. As\u00ed presentaba Emmanuel Carr\u00e8re la edici\u00f3n francesa de este libro verdaderamente extraordinario: inolvidable, desgarrador, de una potencia narrativa inaudita. De vidas ajenas recibi\u00f3 el Premio Globe y otros galardones y la prensa cultural francesa lo eligi\u00f3 mejor novela del a\u00f1o.<\/p>\n","protected":false},"excerpt":{"rendered":"<p>\u00abEn cuesti\u00f3n de pocos meses, fui testigo de dos de los acontecimientos que m\u00e1s temo en la vida: la muerte de un hijo para sus padres y la muerte de una mujer joven para sus hijos y su marido. Alguien me dijo entonces: eres escritor, \u00bfpor qu\u00e9 no escribes nuestra historia? Era un encargo, y [&hellip;]<\/p>\n","protected":false},"featured_media":8301,"template":"","meta":[],"product_brand":[],"product_cat":[29],"product_tag":[],"class_list":{"0":"post-8428","1":"product","2":"type-product","3":"status-publish","4":"has-post-thumbnail","6":"product_cat-novela","8":"first","9":"instock","10":"purchasable","11":"product-type-simple"},"featured_image_urls_v2":{"full":["https:\/\/ajupe.com.uy\/web\/wp-content\/uploads\/2016\/06\/8975.jpg",198,299,false],"thumbnail":["https:\/\/ajupe.com.uy\/web\/wp-content\/uploads\/2016\/06\/8975-150x150.jpg",150,150,true],"medium":["https:\/\/ajupe.com.uy\/web\/wp-content\/uploads\/2016\/06\/8975.jpg",198,299,false],"medium_large":["https:\/\/ajupe.com.uy\/web\/wp-content\/uploads\/2016\/06\/8975.jpg",198,299,false],"large":["https:\/\/ajupe.com.uy\/web\/wp-content\/uploads\/2016\/06\/8975.jpg",198,299,false],"1536x1536":["https:\/\/ajupe.com.uy\/web\/wp-content\/uploads\/2016\/06\/8975.jpg",198,299,false],"2048x2048":["https:\/\/ajupe.com.uy\/web\/wp-content\/uploads\/2016\/06\/8975.jpg",198,299,false],"woocommerce_archive_thumbnail":["https:\/\/ajupe.com.uy\/web\/wp-content\/uploads\/2016\/06\/8975.jpg",198,299,false],"woocommerce_thumbnail":["https:\/\/ajupe.com.uy\/web\/wp-content\/uploads\/2016\/06\/8975.jpg",198,299,false],"woocommerce_single":["https:\/\/ajupe.com.uy\/web\/wp-content\/uploads\/2016\/06\/8975.jpg",198,299,false],"woocommerce_gallery_thumbnail":["https:\/\/ajupe.com.uy\/web\/wp-content\/uploads\/2016\/06\/8975-100x100.jpg",100,100,true]},"post_excerpt_stackable_v2":"<p>\u00abEn cuesti\u00f3n de pocos meses, fui testigo de dos de los acontecimientos que m\u00e1s temo en la vida: la muerte de un hijo para sus padres y la muerte de una mujer joven para sus hijos y su marido. Alguien me dijo entonces: eres escritor, \u00bfpor qu\u00e9 no escribes nuestra historia? Era un encargo, y lo acept\u00e9. Empec\u00e9, pues, a contar la amistad entre un hombre y una mujer, los dos supervivientes de un c\u00e1ncer, los dos cojos y los dos jueces, que se ocupaban de asuntos de sobreendeudamiento en el tribunal de primera instancia de Vienne (Is\u00e8re). En este&hellip;<\/p>\n","category_list_v2":"","author_info_v2":{"name":"","url":""},"comments_num_v2":"0 comentarios","_links":{"self":[{"href":"https:\/\/ajupe.com.uy\/web\/wp-json\/wp\/v2\/product\/8428","targetHints":{"allow":["GET"]}}],"collection":[{"href":"https:\/\/ajupe.com.uy\/web\/wp-json\/wp\/v2\/product"}],"about":[{"href":"https:\/\/ajupe.com.uy\/web\/wp-json\/wp\/v2\/types\/product"}],"wp:featuredmedia":[{"embeddable":true,"href":"https:\/\/ajupe.com.uy\/web\/wp-json\/wp\/v2\/media\/8301"}],"wp:attachment":[{"href":"https:\/\/ajupe.com.uy\/web\/wp-json\/wp\/v2\/media?parent=8428"}],"wp:term":[{"taxonomy":"product_brand","embeddable":true,"href":"https:\/\/ajupe.com.uy\/web\/wp-json\/wp\/v2\/product_brand?post=8428"},{"taxonomy":"product_cat","embeddable":true,"href":"https:\/\/ajupe.com.uy\/web\/wp-json\/wp\/v2\/product_cat?post=8428"},{"taxonomy":"product_tag","embeddable":true,"href":"https:\/\/ajupe.com.uy\/web\/wp-json\/wp\/v2\/product_tag?post=8428"}],"curies":[{"name":"wp","href":"https:\/\/api.w.org\/{rel}","templated":true}]}}