{"id":8508,"date":"2016-07-21T16:37:49","date_gmt":"2016-07-21T19:37:49","guid":{"rendered":"http:\/\/ajupe.com.uy\/web\/producto\/siglo-de-las-mujeres\/"},"modified":"2016-07-21T16:41:53","modified_gmt":"2016-07-21T19:41:53","slug":"siglo-de-las-mujeres","status":"publish","type":"product","link":"https:\/\/ajupe.com.uy\/web\/biblioteca\/siglo-de-las-mujeres\/","title":{"rendered":"Siglo de las mujeres"},"content":{"rendered":"<p>Las protagonistas de este libro tienen en com\u00fan algo m\u00e1s que el hecho de haber nacido mujer. Fueron rebeldes, intensas y, a su manera, extremas.<\/p>\n<p>Militantes pol\u00edticas, pintoras, fot\u00f3grafas, m\u00fasicas, fil\u00f3sofas, poetas, periodistas, todas lucharon contra el poder y las costumbres dominantes de su \u00e9poca y, aunque quiz\u00e1 alguna se sacudir\u00eda irritada el calificativo feminista, lo cierto es que lograron hacerse lugar y destacarse en un mundo masculino.<\/p>\n","protected":false},"excerpt":{"rendered":"<p>Las protagonistas de este libro tienen en com\u00fan algo m\u00e1s que el hecho de haber nacido mujer. Fueron rebeldes, intensas y, a su manera, extremas. Militantes pol\u00edticas, pintoras, fot\u00f3grafas, m\u00fasicas, fil\u00f3sofas, poetas, periodistas, todas lucharon contra el poder y las costumbres dominantes de su \u00e9poca y, aunque quiz\u00e1 alguna se sacudir\u00eda irritada el calificativo feminista, [&hellip;]<\/p>\n","protected":false},"featured_media":8496,"template":"","meta":[],"product_brand":[],"product_cat":[31],"product_tag":[],"class_list":{"0":"post-8508","1":"product","2":"type-product","3":"status-publish","4":"has-post-thumbnail","6":"product_cat-historico","8":"first","9":"instock","10":"purchasable","11":"product-type-simple"},"featured_image_urls_v2":{"full":["https:\/\/ajupe.com.uy\/web\/wp-content\/uploads\/2016\/07\/8981.jpg",221,323,false],"thumbnail":["https:\/\/ajupe.com.uy\/web\/wp-content\/uploads\/2016\/07\/8981-150x150.jpg",150,150,true],"medium":["https:\/\/ajupe.com.uy\/web\/wp-content\/uploads\/2016\/07\/8981-205x300.jpg",205,300,true],"medium_large":["https:\/\/ajupe.com.uy\/web\/wp-content\/uploads\/2016\/07\/8981.jpg",221,323,false],"large":["https:\/\/ajupe.com.uy\/web\/wp-content\/uploads\/2016\/07\/8981.jpg",221,323,false],"1536x1536":["https:\/\/ajupe.com.uy\/web\/wp-content\/uploads\/2016\/07\/8981.jpg",221,323,false],"2048x2048":["https:\/\/ajupe.com.uy\/web\/wp-content\/uploads\/2016\/07\/8981.jpg",221,323,false],"woocommerce_archive_thumbnail":["https:\/\/ajupe.com.uy\/web\/wp-content\/uploads\/2016\/07\/8981-221x300.jpg",221,300,true],"woocommerce_thumbnail":["https:\/\/ajupe.com.uy\/web\/wp-content\/uploads\/2016\/07\/8981-221x300.jpg",221,300,true],"woocommerce_single":["https:\/\/ajupe.com.uy\/web\/wp-content\/uploads\/2016\/07\/8981.jpg",221,323,false],"woocommerce_gallery_thumbnail":["https:\/\/ajupe.com.uy\/web\/wp-content\/uploads\/2016\/07\/8981-100x100.jpg",100,100,true]},"post_excerpt_stackable_v2":"<p>Las protagonistas de este libro tienen en com\u00fan algo m\u00e1s que el hecho de haber nacido mujer. Fueron rebeldes, intensas y, a su manera, extremas. Militantes pol\u00edticas, pintoras, fot\u00f3grafas, m\u00fasicas, fil\u00f3sofas, poetas, periodistas, todas lucharon contra el poder y las costumbres dominantes de su \u00e9poca y, aunque quiz\u00e1 alguna se sacudir\u00eda irritada el calificativo feminista, lo cierto es que lograron hacerse lugar y destacarse en un mundo masculino.<\/p>\n","category_list_v2":"","author_info_v2":{"name":"","url":""},"comments_num_v2":"0 comentarios","_links":{"self":[{"href":"https:\/\/ajupe.com.uy\/web\/wp-json\/wp\/v2\/product\/8508","targetHints":{"allow":["GET"]}}],"collection":[{"href":"https:\/\/ajupe.com.uy\/web\/wp-json\/wp\/v2\/product"}],"about":[{"href":"https:\/\/ajupe.com.uy\/web\/wp-json\/wp\/v2\/types\/product"}],"wp:featuredmedia":[{"embeddable":true,"href":"https:\/\/ajupe.com.uy\/web\/wp-json\/wp\/v2\/media\/8496"}],"wp:attachment":[{"href":"https:\/\/ajupe.com.uy\/web\/wp-json\/wp\/v2\/media?parent=8508"}],"wp:term":[{"taxonomy":"product_brand","embeddable":true,"href":"https:\/\/ajupe.com.uy\/web\/wp-json\/wp\/v2\/product_brand?post=8508"},{"taxonomy":"product_cat","embeddable":true,"href":"https:\/\/ajupe.com.uy\/web\/wp-json\/wp\/v2\/product_cat?post=8508"},{"taxonomy":"product_tag","embeddable":true,"href":"https:\/\/ajupe.com.uy\/web\/wp-json\/wp\/v2\/product_tag?post=8508"}],"curies":[{"name":"wp","href":"https:\/\/api.w.org\/{rel}","templated":true}]}}