{"id":8866,"date":"2017-02-06T16:41:02","date_gmt":"2017-02-06T19:41:02","guid":{"rendered":"http:\/\/ajupe.com.uy\/web\/producto\/diario-de-un-canalla-burdeos-1972\/"},"modified":"2017-02-06T16:48:30","modified_gmt":"2017-02-06T19:48:30","slug":"diario-de-un-canalla-burdeos-1972","status":"publish","type":"product","link":"https:\/\/ajupe.com.uy\/web\/biblioteca\/diario-de-un-canalla-burdeos-1972\/","title":{"rendered":"Diario de un canalla- Burdeos, 1972"},"content":{"rendered":"<div class=\"bloque_texto_02 description\">\n<div id=\"textoFicha\" class=\"textoficha\"><\/div>\n<div class=\"listado\">\u00a0\u00abNo estoy escribiendo para ning\u00fan lector, ni siquiera para leerme yo. Escribo para escribirme yo; es un acto de auto construcci\u00f3n. Aqu\u00ed me estoy recuperando, aqu\u00ed estoy luchando por rescatar pedazos de m\u00ed mismo que han quedado adheridos a mesas de operaci\u00f3n, a ciertas mujeres, a ciertas ciudades, a las descascaradas y macilentas paredes de mi apartamento montevideano, que ya no volver\u00e9 a ver, a ciertos paisajes, a ciertas presencias. S\u00ed, lo voy a hacer. Lo voy a lograr. No me fastidien con el estilo ni con la estructura: esto no es una novela, carajo. Me estoy jugando la vida.\u00bb<\/div>\n<\/div>\n","protected":false},"excerpt":{"rendered":"<p>\u00a0\u00abNo estoy escribiendo para ning\u00fan lector, ni siquiera para leerme yo. Escribo para escribirme yo; es un acto de auto construcci\u00f3n. Aqu\u00ed me estoy recuperando, aqu\u00ed estoy luchando por rescatar pedazos de m\u00ed mismo que han quedado adheridos a mesas de operaci\u00f3n, a ciertas mujeres, a ciertas ciudades, a las descascaradas y macilentas paredes de [&hellip;]<\/p>\n","protected":false},"featured_media":8815,"template":"","meta":[],"product_brand":[],"product_cat":[29],"product_tag":[],"class_list":{"0":"post-8866","1":"product","2":"type-product","3":"status-publish","4":"has-post-thumbnail","6":"product_cat-novela","8":"first","9":"instock","10":"purchasable","11":"product-type-simple"},"featured_image_urls_v2":{"full":["https:\/\/ajupe.com.uy\/web\/wp-content\/uploads\/2016\/10\/9005.jpg",198,338,false],"thumbnail":["https:\/\/ajupe.com.uy\/web\/wp-content\/uploads\/2016\/10\/9005-150x150.jpg",150,150,true],"medium":["https:\/\/ajupe.com.uy\/web\/wp-content\/uploads\/2016\/10\/9005-176x300.jpg",176,300,true],"medium_large":["https:\/\/ajupe.com.uy\/web\/wp-content\/uploads\/2016\/10\/9005.jpg",198,338,false],"large":["https:\/\/ajupe.com.uy\/web\/wp-content\/uploads\/2016\/10\/9005.jpg",198,338,false],"1536x1536":["https:\/\/ajupe.com.uy\/web\/wp-content\/uploads\/2016\/10\/9005.jpg",198,338,false],"2048x2048":["https:\/\/ajupe.com.uy\/web\/wp-content\/uploads\/2016\/10\/9005.jpg",198,338,false],"woocommerce_archive_thumbnail":["https:\/\/ajupe.com.uy\/web\/wp-content\/uploads\/2016\/10\/9005-198x300.jpg",198,300,true],"woocommerce_thumbnail":["https:\/\/ajupe.com.uy\/web\/wp-content\/uploads\/2016\/10\/9005-198x300.jpg",198,300,true],"woocommerce_single":["https:\/\/ajupe.com.uy\/web\/wp-content\/uploads\/2016\/10\/9005.jpg",198,338,false],"woocommerce_gallery_thumbnail":["https:\/\/ajupe.com.uy\/web\/wp-content\/uploads\/2016\/10\/9005-100x100.jpg",100,100,true]},"post_excerpt_stackable_v2":"<p>\u00a0\u00abNo estoy escribiendo para ning\u00fan lector, ni siquiera para leerme yo. Escribo para escribirme yo; es un acto de auto construcci\u00f3n. Aqu\u00ed me estoy recuperando, aqu\u00ed estoy luchando por rescatar pedazos de m\u00ed mismo que han quedado adheridos a mesas de operaci\u00f3n, a ciertas mujeres, a ciertas ciudades, a las descascaradas y macilentas paredes de mi apartamento montevideano, que ya no volver\u00e9 a ver, a ciertos paisajes, a ciertas presencias. S\u00ed, lo voy a hacer. Lo voy a lograr. No me fastidien con el estilo ni con la estructura: esto no es una novela, carajo. Me estoy jugando la vida.\u00bb<\/p>\n","category_list_v2":"","author_info_v2":{"name":"","url":""},"comments_num_v2":"0 comentarios","_links":{"self":[{"href":"https:\/\/ajupe.com.uy\/web\/wp-json\/wp\/v2\/product\/8866","targetHints":{"allow":["GET"]}}],"collection":[{"href":"https:\/\/ajupe.com.uy\/web\/wp-json\/wp\/v2\/product"}],"about":[{"href":"https:\/\/ajupe.com.uy\/web\/wp-json\/wp\/v2\/types\/product"}],"wp:featuredmedia":[{"embeddable":true,"href":"https:\/\/ajupe.com.uy\/web\/wp-json\/wp\/v2\/media\/8815"}],"wp:attachment":[{"href":"https:\/\/ajupe.com.uy\/web\/wp-json\/wp\/v2\/media?parent=8866"}],"wp:term":[{"taxonomy":"product_brand","embeddable":true,"href":"https:\/\/ajupe.com.uy\/web\/wp-json\/wp\/v2\/product_brand?post=8866"},{"taxonomy":"product_cat","embeddable":true,"href":"https:\/\/ajupe.com.uy\/web\/wp-json\/wp\/v2\/product_cat?post=8866"},{"taxonomy":"product_tag","embeddable":true,"href":"https:\/\/ajupe.com.uy\/web\/wp-json\/wp\/v2\/product_tag?post=8866"}],"curies":[{"name":"wp","href":"https:\/\/api.w.org\/{rel}","templated":true}]}}