{"id":8879,"date":"2017-02-10T16:35:29","date_gmt":"2017-02-10T19:35:29","guid":{"rendered":"http:\/\/ajupe.com.uy\/web\/producto\/la-cuestion-es-darse-mana\/"},"modified":"2017-02-10T16:44:03","modified_gmt":"2017-02-10T19:44:03","slug":"la-cuestion-es-darse-mana","status":"publish","type":"product","link":"https:\/\/ajupe.com.uy\/web\/biblioteca\/la-cuestion-es-darse-mana\/","title":{"rendered":"La cuesti\u00f3n es darse ma\u00f1a"},"content":{"rendered":"<p>De las treinta y cuatro cr\u00f3nicas que forman parte de este volumen muchas han dado la vuelta al mundo y fueron publicadas en diarios, revistas o le\u00eddas en radios en pa\u00edses tan variados como Australia, Israel, Francia o Jap\u00f3n, como por ejemplo \u00abDesechando lo Desechable\u00bb o \u00abEsos Locos que Corren\u00bb<br \/>\nUsted podr\u00e1 divertirse con el Primer Diccionario Falluto, revivir momentos especiales con La Noche de la Neuralgia, re\u00edrse de las vicisitudes de la izquierda uruguaya con Fuera Bush Dem\u00f3crata Asesino&#8230;(y welcome), o sentirse identificado con situaciones cotidianas en El S\u00e1bado fui al Dentista o Mi Excursi\u00f3n a San Cono.<br \/>\nTambi\u00e9n podr\u00e1 vivir el primer viaje de una pareja de uruguayos con la entrega en catorce cap\u00edtulos del genial Un Urug&#8230;.un Marciano en Europa.<br \/>\nDisfrute del mejor humor uruguayo, pase y divi\u00e9rtase<\/p>\n","protected":false},"excerpt":{"rendered":"<p>De las treinta y cuatro cr\u00f3nicas que forman parte de este volumen muchas han dado la vuelta al mundo y fueron publicadas en diarios, revistas o le\u00eddas en radios en pa\u00edses tan variados como Australia, Israel, Francia o Jap\u00f3n, como por ejemplo \u00abDesechando lo Desechable\u00bb o \u00abEsos Locos que Corren\u00bb Usted podr\u00e1 divertirse con el [&hellip;]<\/p>\n","protected":false},"featured_media":8825,"template":"","meta":[],"product_brand":[],"product_cat":[34,45],"product_tag":[],"class_list":{"0":"post-8879","1":"product","2":"type-product","3":"status-publish","4":"has-post-thumbnail","6":"product_cat-otros","7":"product_cat-uruguayo","9":"first","10":"instock","11":"purchasable","12":"product-type-simple"},"featured_image_urls_v2":{"full":["https:\/\/ajupe.com.uy\/web\/wp-content\/uploads\/2016\/10\/9015.jpg",218,337,false],"thumbnail":["https:\/\/ajupe.com.uy\/web\/wp-content\/uploads\/2016\/10\/9015-150x150.jpg",150,150,true],"medium":["https:\/\/ajupe.com.uy\/web\/wp-content\/uploads\/2016\/10\/9015-194x300.jpg",194,300,true],"medium_large":["https:\/\/ajupe.com.uy\/web\/wp-content\/uploads\/2016\/10\/9015.jpg",218,337,false],"large":["https:\/\/ajupe.com.uy\/web\/wp-content\/uploads\/2016\/10\/9015.jpg",218,337,false],"1536x1536":["https:\/\/ajupe.com.uy\/web\/wp-content\/uploads\/2016\/10\/9015.jpg",218,337,false],"2048x2048":["https:\/\/ajupe.com.uy\/web\/wp-content\/uploads\/2016\/10\/9015.jpg",218,337,false],"woocommerce_archive_thumbnail":["https:\/\/ajupe.com.uy\/web\/wp-content\/uploads\/2016\/10\/9015-218x300.jpg",218,300,true],"woocommerce_thumbnail":["https:\/\/ajupe.com.uy\/web\/wp-content\/uploads\/2016\/10\/9015-218x300.jpg",218,300,true],"woocommerce_single":["https:\/\/ajupe.com.uy\/web\/wp-content\/uploads\/2016\/10\/9015.jpg",218,337,false],"woocommerce_gallery_thumbnail":["https:\/\/ajupe.com.uy\/web\/wp-content\/uploads\/2016\/10\/9015-100x100.jpg",100,100,true]},"post_excerpt_stackable_v2":"<p>De las treinta y cuatro cr\u00f3nicas que forman parte de este volumen muchas han dado la vuelta al mundo y fueron publicadas en diarios, revistas o le\u00eddas en radios en pa\u00edses tan variados como Australia, Israel, Francia o Jap\u00f3n, como por ejemplo \u00abDesechando lo Desechable\u00bb o \u00abEsos Locos que Corren\u00bb Usted podr\u00e1 divertirse con el Primer Diccionario Falluto, revivir momentos especiales con La Noche de la Neuralgia, re\u00edrse de las vicisitudes de la izquierda uruguaya con Fuera Bush Dem\u00f3crata Asesino&#8230;(y welcome), o sentirse identificado con situaciones cotidianas en El S\u00e1bado fui al Dentista o Mi Excursi\u00f3n a San Cono. Tambi\u00e9n&hellip;<\/p>\n","category_list_v2":"","author_info_v2":{"name":"","url":""},"comments_num_v2":"0 comentarios","_links":{"self":[{"href":"https:\/\/ajupe.com.uy\/web\/wp-json\/wp\/v2\/product\/8879","targetHints":{"allow":["GET"]}}],"collection":[{"href":"https:\/\/ajupe.com.uy\/web\/wp-json\/wp\/v2\/product"}],"about":[{"href":"https:\/\/ajupe.com.uy\/web\/wp-json\/wp\/v2\/types\/product"}],"wp:featuredmedia":[{"embeddable":true,"href":"https:\/\/ajupe.com.uy\/web\/wp-json\/wp\/v2\/media\/8825"}],"wp:attachment":[{"href":"https:\/\/ajupe.com.uy\/web\/wp-json\/wp\/v2\/media?parent=8879"}],"wp:term":[{"taxonomy":"product_brand","embeddable":true,"href":"https:\/\/ajupe.com.uy\/web\/wp-json\/wp\/v2\/product_brand?post=8879"},{"taxonomy":"product_cat","embeddable":true,"href":"https:\/\/ajupe.com.uy\/web\/wp-json\/wp\/v2\/product_cat?post=8879"},{"taxonomy":"product_tag","embeddable":true,"href":"https:\/\/ajupe.com.uy\/web\/wp-json\/wp\/v2\/product_tag?post=8879"}],"curies":[{"name":"wp","href":"https:\/\/api.w.org\/{rel}","templated":true}]}}