{"id":8881,"date":"2017-02-10T16:45:57","date_gmt":"2017-02-10T19:45:57","guid":{"rendered":"http:\/\/ajupe.com.uy\/web\/producto\/hilos-de-plata-anos-de-oro-2\/"},"modified":"2017-02-10T16:53:13","modified_gmt":"2017-02-10T19:53:13","slug":"hilos-de-plata-anos-de-oro-2","status":"publish","type":"product","link":"https:\/\/ajupe.com.uy\/web\/biblioteca\/hilos-de-plata-anos-de-oro-2\/","title":{"rendered":"Hilos de plata, a\u00f1os de oro"},"content":{"rendered":"<p>Tu vida va transcurriendo&#8230; No importa mucho en qu\u00e9 etapa de tu existencia te encuentres hoy, lo que m\u00e1s deber\u00eda inquietarte es enfrentar tu realidad tal cual es, para extraer conclusiones acerca del grado de satisfacci\u00f3n o insatisfacci\u00f3n que tienes con lo que la vida te devuelve. La vida se vive s\u00f3lo una vez, y es tu responsabilidad aprender de tus \u00e9xitos y de tus fracasos, de tus sonrisas y de tus l\u00e1grimas, de tus alegr\u00edas y de tus tristezas. Yo estoy preparando un nuevo viaje que me llevar\u00e1 a mirar profundamente las distintas etapas de la existencia por las que tanto t\u00fa como yo transitamos en una larga fila, donde los mayores van adelante y los m\u00e1s j\u00f3venes los siguen, generando ideas, dise\u00f1ando proyectos, fij\u00e1ndose metas y objetivos que le den sentido a la vida. Formalmente te extiendo una invitaci\u00f3n para que me acompa\u00f1es en este nuevo desaf\u00edo. Prometo devolverte al punto de partida, con la intenci\u00f3n de ambos, t\u00fa y yo, lleguemos enriquecidos por haber aprendido a valorar en su justa medida lo que significa vivir.<\/p>\n","protected":false},"excerpt":{"rendered":"<p>Tu vida va transcurriendo&#8230; No importa mucho en qu\u00e9 etapa de tu existencia te encuentres hoy, lo que m\u00e1s deber\u00eda inquietarte es enfrentar tu realidad tal cual es, para extraer conclusiones acerca del grado de satisfacci\u00f3n o insatisfacci\u00f3n que tienes con lo que la vida te devuelve. La vida se vive s\u00f3lo una vez, y [&hellip;]<\/p>\n","protected":false},"featured_media":8826,"template":"","meta":[],"product_brand":[],"product_cat":[32],"product_tag":[],"class_list":{"0":"post-8881","1":"product","2":"type-product","3":"status-publish","4":"has-post-thumbnail","6":"product_cat-autoayuda","8":"first","9":"instock","10":"purchasable","11":"product-type-simple"},"featured_image_urls_v2":{"full":["https:\/\/ajupe.com.uy\/web\/wp-content\/uploads\/2016\/10\/9016.jpg",196,290,false],"thumbnail":["https:\/\/ajupe.com.uy\/web\/wp-content\/uploads\/2016\/10\/9016-150x150.jpg",150,150,true],"medium":["https:\/\/ajupe.com.uy\/web\/wp-content\/uploads\/2016\/10\/9016.jpg",196,290,false],"medium_large":["https:\/\/ajupe.com.uy\/web\/wp-content\/uploads\/2016\/10\/9016.jpg",196,290,false],"large":["https:\/\/ajupe.com.uy\/web\/wp-content\/uploads\/2016\/10\/9016.jpg",196,290,false],"1536x1536":["https:\/\/ajupe.com.uy\/web\/wp-content\/uploads\/2016\/10\/9016.jpg",196,290,false],"2048x2048":["https:\/\/ajupe.com.uy\/web\/wp-content\/uploads\/2016\/10\/9016.jpg",196,290,false],"woocommerce_archive_thumbnail":["https:\/\/ajupe.com.uy\/web\/wp-content\/uploads\/2016\/10\/9016.jpg",196,290,false],"woocommerce_thumbnail":["https:\/\/ajupe.com.uy\/web\/wp-content\/uploads\/2016\/10\/9016.jpg",196,290,false],"woocommerce_single":["https:\/\/ajupe.com.uy\/web\/wp-content\/uploads\/2016\/10\/9016.jpg",196,290,false],"woocommerce_gallery_thumbnail":["https:\/\/ajupe.com.uy\/web\/wp-content\/uploads\/2016\/10\/9016-100x100.jpg",100,100,true]},"post_excerpt_stackable_v2":"<p>Tu vida va transcurriendo&#8230; No importa mucho en qu\u00e9 etapa de tu existencia te encuentres hoy, lo que m\u00e1s deber\u00eda inquietarte es enfrentar tu realidad tal cual es, para extraer conclusiones acerca del grado de satisfacci\u00f3n o insatisfacci\u00f3n que tienes con lo que la vida te devuelve. La vida se vive s\u00f3lo una vez, y es tu responsabilidad aprender de tus \u00e9xitos y de tus fracasos, de tus sonrisas y de tus l\u00e1grimas, de tus alegr\u00edas y de tus tristezas. Yo estoy preparando un nuevo viaje que me llevar\u00e1 a mirar profundamente las distintas etapas de la existencia por las&hellip;<\/p>\n","category_list_v2":"","author_info_v2":{"name":"","url":""},"comments_num_v2":"0 comentarios","_links":{"self":[{"href":"https:\/\/ajupe.com.uy\/web\/wp-json\/wp\/v2\/product\/8881","targetHints":{"allow":["GET"]}}],"collection":[{"href":"https:\/\/ajupe.com.uy\/web\/wp-json\/wp\/v2\/product"}],"about":[{"href":"https:\/\/ajupe.com.uy\/web\/wp-json\/wp\/v2\/types\/product"}],"wp:featuredmedia":[{"embeddable":true,"href":"https:\/\/ajupe.com.uy\/web\/wp-json\/wp\/v2\/media\/8826"}],"wp:attachment":[{"href":"https:\/\/ajupe.com.uy\/web\/wp-json\/wp\/v2\/media?parent=8881"}],"wp:term":[{"taxonomy":"product_brand","embeddable":true,"href":"https:\/\/ajupe.com.uy\/web\/wp-json\/wp\/v2\/product_brand?post=8881"},{"taxonomy":"product_cat","embeddable":true,"href":"https:\/\/ajupe.com.uy\/web\/wp-json\/wp\/v2\/product_cat?post=8881"},{"taxonomy":"product_tag","embeddable":true,"href":"https:\/\/ajupe.com.uy\/web\/wp-json\/wp\/v2\/product_tag?post=8881"}],"curies":[{"name":"wp","href":"https:\/\/api.w.org\/{rel}","templated":true}]}}