{"id":8887,"date":"2017-02-13T14:00:17","date_gmt":"2017-02-13T17:00:17","guid":{"rendered":"http:\/\/ajupe.com.uy\/web\/producto\/el-mal-camino\/"},"modified":"2017-02-13T15:45:17","modified_gmt":"2017-02-13T18:45:17","slug":"el-mal-camino","status":"publish","type":"product","link":"https:\/\/ajupe.com.uy\/web\/biblioteca\/el-mal-camino\/","title":{"rendered":"El mal camino"},"content":{"rendered":"<p>Tras convertirse en un fen\u00f3meno internacional con La \u00faltima noche en Tremore Beach, Mikel Santiago se consagra definitivamente como un maestro de la intriga con su segunda novela, a\u00fan m\u00e1s adictiva y llena de suspense que la anterior.<\/p>\n<p>En una carretera rural del sur de Francia, un hombre surge de la oscuridad y desencadena una serie de extra\u00f1os acontecimientos, convirtiendo en una pesadilla las vidas del escritor Bert Amandale y su amigo Chucks Basil, una estrella de rock en horas bajas. Santiago se sirve de un escenario id\u00edlico e inquietante, en el coraz\u00f3n de la Provenza, para atraparnos en una historia que se lee compulsivamente y en la que late, de fondo, el destino de unos personajes marcados por sus errores.<\/p>\n<p>\u00abLanzaos a leer a Mikel Santiago como si no hubiera un ma\u00f1ana.\u00bb Marga Nelken, El Mundo<\/p>\n<p>\u00abSantiago toma de Patricia Highsmith el gusto por los personajes cargados de culpabilidad, los cr\u00edmenes ocultos y su relaci\u00f3n con la violencia.\u00bb Juan Carlos Galindo, El Pa\u00eds<\/p>\n<p>\u00abNo todos los d\u00edas se cruza uno con un autor al que se emparenta por activa y por pasiva con Stephen King, por lo que, cuando aparece, no hay m\u00e1s remedio que hacerle caso.\u00bb David Mor\u00e1n, Abc<\/p>\n<p>\u00abDec\u00eda Hitchcock que no se logra mantener en tensi\u00f3n al espectador ni crear suspense sin emociones. Sabios consejos que sigue Mikel Santiago.\u00bb Llu\u00eds Fern\u00e1ndez, La Raz\u00f3n<\/p>\n","protected":false},"excerpt":{"rendered":"<p>Tras convertirse en un fen\u00f3meno internacional con La \u00faltima noche en Tremore Beach, Mikel Santiago se consagra definitivamente como un maestro de la intriga con su segunda novela, a\u00fan m\u00e1s adictiva y llena de suspense que la anterior. En una carretera rural del sur de Francia, un hombre surge de la oscuridad y desencadena una [&hellip;]<\/p>\n","protected":false},"featured_media":8831,"template":"","meta":[],"product_brand":[],"product_cat":[30],"product_tag":[],"class_list":{"0":"post-8887","1":"product","2":"type-product","3":"status-publish","4":"has-post-thumbnail","6":"product_cat-suspenso","8":"first","9":"instock","10":"purchasable","11":"product-type-simple"},"featured_image_urls_v2":{"full":["https:\/\/ajupe.com.uy\/web\/wp-content\/uploads\/2016\/10\/9021.jpg",221,337,false],"thumbnail":["https:\/\/ajupe.com.uy\/web\/wp-content\/uploads\/2016\/10\/9021-150x150.jpg",150,150,true],"medium":["https:\/\/ajupe.com.uy\/web\/wp-content\/uploads\/2016\/10\/9021-197x300.jpg",197,300,true],"medium_large":["https:\/\/ajupe.com.uy\/web\/wp-content\/uploads\/2016\/10\/9021.jpg",221,337,false],"large":["https:\/\/ajupe.com.uy\/web\/wp-content\/uploads\/2016\/10\/9021.jpg",221,337,false],"1536x1536":["https:\/\/ajupe.com.uy\/web\/wp-content\/uploads\/2016\/10\/9021.jpg",221,337,false],"2048x2048":["https:\/\/ajupe.com.uy\/web\/wp-content\/uploads\/2016\/10\/9021.jpg",221,337,false],"woocommerce_archive_thumbnail":["https:\/\/ajupe.com.uy\/web\/wp-content\/uploads\/2016\/10\/9021-221x300.jpg",221,300,true],"woocommerce_thumbnail":["https:\/\/ajupe.com.uy\/web\/wp-content\/uploads\/2016\/10\/9021-221x300.jpg",221,300,true],"woocommerce_single":["https:\/\/ajupe.com.uy\/web\/wp-content\/uploads\/2016\/10\/9021.jpg",221,337,false],"woocommerce_gallery_thumbnail":["https:\/\/ajupe.com.uy\/web\/wp-content\/uploads\/2016\/10\/9021-100x100.jpg",100,100,true]},"post_excerpt_stackable_v2":"<p>Tras convertirse en un fen\u00f3meno internacional con La \u00faltima noche en Tremore Beach, Mikel Santiago se consagra definitivamente como un maestro de la intriga con su segunda novela, a\u00fan m\u00e1s adictiva y llena de suspense que la anterior. En una carretera rural del sur de Francia, un hombre surge de la oscuridad y desencadena una serie de extra\u00f1os acontecimientos, convirtiendo en una pesadilla las vidas del escritor Bert Amandale y su amigo Chucks Basil, una estrella de rock en horas bajas. Santiago se sirve de un escenario id\u00edlico e inquietante, en el coraz\u00f3n de la Provenza, para atraparnos en una&hellip;<\/p>\n","category_list_v2":"","author_info_v2":{"name":"","url":""},"comments_num_v2":"0 comentarios","_links":{"self":[{"href":"https:\/\/ajupe.com.uy\/web\/wp-json\/wp\/v2\/product\/8887","targetHints":{"allow":["GET"]}}],"collection":[{"href":"https:\/\/ajupe.com.uy\/web\/wp-json\/wp\/v2\/product"}],"about":[{"href":"https:\/\/ajupe.com.uy\/web\/wp-json\/wp\/v2\/types\/product"}],"wp:featuredmedia":[{"embeddable":true,"href":"https:\/\/ajupe.com.uy\/web\/wp-json\/wp\/v2\/media\/8831"}],"wp:attachment":[{"href":"https:\/\/ajupe.com.uy\/web\/wp-json\/wp\/v2\/media?parent=8887"}],"wp:term":[{"taxonomy":"product_brand","embeddable":true,"href":"https:\/\/ajupe.com.uy\/web\/wp-json\/wp\/v2\/product_brand?post=8887"},{"taxonomy":"product_cat","embeddable":true,"href":"https:\/\/ajupe.com.uy\/web\/wp-json\/wp\/v2\/product_cat?post=8887"},{"taxonomy":"product_tag","embeddable":true,"href":"https:\/\/ajupe.com.uy\/web\/wp-json\/wp\/v2\/product_tag?post=8887"}],"curies":[{"name":"wp","href":"https:\/\/api.w.org\/{rel}","templated":true}]}}