{"id":8893,"date":"2017-02-13T18:05:24","date_gmt":"2017-02-13T21:05:24","guid":{"rendered":"http:\/\/ajupe.com.uy\/web\/producto\/ecos-del-pasado\/"},"modified":"2017-02-13T18:12:49","modified_gmt":"2017-02-13T21:12:49","slug":"ecos-del-pasado","status":"publish","type":"product","link":"https:\/\/ajupe.com.uy\/web\/biblioteca\/ecos-del-pasado\/","title":{"rendered":"Ecos del pasado"},"content":{"rendered":"<p>Sus fans se cuentan por legiones. La saga rom\u00e1ntico-hist\u00f3rica con tintes fant\u00e1sticos de Diana Gabaldon arranc\u00f3 en los noventa y desde entonces arrasa en todo el mundo.<\/p>\n<p>En esta esperad\u00edsima entrega -Viento y ceniza se public\u00f3 hace unos cuatro a\u00f1os- , Jamie Fraser vive inmerso en la Revoluci\u00f3n Americana de finales del siglo XVIII, cuya trascendencia hist\u00f3rica le llevar\u00e1 a enfrentarse al peor de los dilemas: en el bando del ej\u00e9rcito ingl\u00e9s que debe sofocar la rebeli\u00f3n se encuentra su hijo ileg\u00edtimo. Ser\u00e1 su esposa Claire, que tiene la capacidad de viajar en el tiempo, la clave para afrontar el inminente encuentro entre padre e hijo, que podr\u00eda desatar la peor de las fatalidades. La aventura est\u00e1 servida.<\/p>\n","protected":false},"excerpt":{"rendered":"<p>Sus fans se cuentan por legiones. La saga rom\u00e1ntico-hist\u00f3rica con tintes fant\u00e1sticos de Diana Gabaldon arranc\u00f3 en los noventa y desde entonces arrasa en todo el mundo. En esta esperad\u00edsima entrega -Viento y ceniza se public\u00f3 hace unos cuatro a\u00f1os- , Jamie Fraser vive inmerso en la Revoluci\u00f3n Americana de finales del siglo XVIII, cuya [&hellip;]<\/p>\n","protected":false},"featured_media":8837,"template":"","meta":[],"product_brand":[],"product_cat":[29],"product_tag":[],"class_list":{"0":"post-8893","1":"product","2":"type-product","3":"status-publish","4":"has-post-thumbnail","6":"product_cat-novela","8":"first","9":"instock","10":"purchasable","11":"product-type-simple"},"featured_image_urls_v2":{"full":["https:\/\/ajupe.com.uy\/web\/wp-content\/uploads\/2016\/10\/9027.jpg",206,322,false],"thumbnail":["https:\/\/ajupe.com.uy\/web\/wp-content\/uploads\/2016\/10\/9027-150x150.jpg",150,150,true],"medium":["https:\/\/ajupe.com.uy\/web\/wp-content\/uploads\/2016\/10\/9027-192x300.jpg",192,300,true],"medium_large":["https:\/\/ajupe.com.uy\/web\/wp-content\/uploads\/2016\/10\/9027.jpg",206,322,false],"large":["https:\/\/ajupe.com.uy\/web\/wp-content\/uploads\/2016\/10\/9027.jpg",206,322,false],"1536x1536":["https:\/\/ajupe.com.uy\/web\/wp-content\/uploads\/2016\/10\/9027.jpg",206,322,false],"2048x2048":["https:\/\/ajupe.com.uy\/web\/wp-content\/uploads\/2016\/10\/9027.jpg",206,322,false],"woocommerce_archive_thumbnail":["https:\/\/ajupe.com.uy\/web\/wp-content\/uploads\/2016\/10\/9027-206x300.jpg",206,300,true],"woocommerce_thumbnail":["https:\/\/ajupe.com.uy\/web\/wp-content\/uploads\/2016\/10\/9027-206x300.jpg",206,300,true],"woocommerce_single":["https:\/\/ajupe.com.uy\/web\/wp-content\/uploads\/2016\/10\/9027.jpg",206,322,false],"woocommerce_gallery_thumbnail":["https:\/\/ajupe.com.uy\/web\/wp-content\/uploads\/2016\/10\/9027-100x100.jpg",100,100,true]},"post_excerpt_stackable_v2":"<p>Sus fans se cuentan por legiones. La saga rom\u00e1ntico-hist\u00f3rica con tintes fant\u00e1sticos de Diana Gabaldon arranc\u00f3 en los noventa y desde entonces arrasa en todo el mundo. En esta esperad\u00edsima entrega -Viento y ceniza se public\u00f3 hace unos cuatro a\u00f1os- , Jamie Fraser vive inmerso en la Revoluci\u00f3n Americana de finales del siglo XVIII, cuya trascendencia hist\u00f3rica le llevar\u00e1 a enfrentarse al peor de los dilemas: en el bando del ej\u00e9rcito ingl\u00e9s que debe sofocar la rebeli\u00f3n se encuentra su hijo ileg\u00edtimo. Ser\u00e1 su esposa Claire, que tiene la capacidad de viajar en el tiempo, la clave para afrontar el&hellip;<\/p>\n","category_list_v2":"","author_info_v2":{"name":"","url":""},"comments_num_v2":"0 comentarios","_links":{"self":[{"href":"https:\/\/ajupe.com.uy\/web\/wp-json\/wp\/v2\/product\/8893","targetHints":{"allow":["GET"]}}],"collection":[{"href":"https:\/\/ajupe.com.uy\/web\/wp-json\/wp\/v2\/product"}],"about":[{"href":"https:\/\/ajupe.com.uy\/web\/wp-json\/wp\/v2\/types\/product"}],"wp:featuredmedia":[{"embeddable":true,"href":"https:\/\/ajupe.com.uy\/web\/wp-json\/wp\/v2\/media\/8837"}],"wp:attachment":[{"href":"https:\/\/ajupe.com.uy\/web\/wp-json\/wp\/v2\/media?parent=8893"}],"wp:term":[{"taxonomy":"product_brand","embeddable":true,"href":"https:\/\/ajupe.com.uy\/web\/wp-json\/wp\/v2\/product_brand?post=8893"},{"taxonomy":"product_cat","embeddable":true,"href":"https:\/\/ajupe.com.uy\/web\/wp-json\/wp\/v2\/product_cat?post=8893"},{"taxonomy":"product_tag","embeddable":true,"href":"https:\/\/ajupe.com.uy\/web\/wp-json\/wp\/v2\/product_tag?post=8893"}],"curies":[{"name":"wp","href":"https:\/\/api.w.org\/{rel}","templated":true}]}}