{"id":8899,"date":"2017-02-14T15:33:31","date_gmt":"2017-02-14T18:33:31","guid":{"rendered":"http:\/\/ajupe.com.uy\/web\/producto\/los-herederos-de-la-tierra\/"},"modified":"2017-02-14T15:42:26","modified_gmt":"2017-02-14T18:42:26","slug":"los-herederos-de-la-tierra","status":"publish","type":"product","link":"https:\/\/ajupe.com.uy\/web\/biblioteca\/los-herederos-de-la-tierra\/","title":{"rendered":"Los herederos de la tierra"},"content":{"rendered":"<p><strong>Barcelona, 1387. <\/strong>Las campanas de la iglesia de Santa Mar\u00eda de la Mar siguen sonando para todos los habitantes del barrio de la Ribera, pero uno de ellos escucha su repique con especial atenci\u00f3n&#8230; Hugo Llor, hijo de un marinero fallecido, a sus doce a\u00f1os trabaja en las atarazanas gracias a la generosidad de uno de los prohombres m\u00e1s apreciados de la ciudad: Arnau Estanyol.<\/p>\n<p>Pero sus sue\u00f1os juveniles de convertirse en constructor de barcos se dar\u00e1n de bruces contra una realidad dura y despiadada cuando la familia Puig, enemiga ac\u00e9rrima de su mentor, aproveche su posici\u00f3n ante el nuevo rey para ejecutar una venganza que llevaba a\u00f1os acariciando.<\/p>\n<p>A partir de ese momento, la vida de Hugo oscila entre su lealtad a Bernat, amigo y \u00fanico hijo de Arnau, y la necesidad de sobrevivir en una ciudad injusta con los pobres.<\/p>\n<p>Obligado a abandonar el barrio de la Ribera, busca trabajo junto a Mahir, un jud\u00edo que le ense\u00f1a los secretos del mundo del vino. Con \u00e9l, entre vi\u00f1edos, cubas y alambiques, el muchacho descubre la pasi\u00f3n por la tierra al tiempo que conoce a Dol\u00e7a, la hermosa sobrina del jud\u00edo, que se convertir\u00e1 en su primer amor. Pero este sentimiento, prohibido por las costumbres y por la religi\u00f3n, ser\u00e1 el que le proporcionar\u00e1 los momentos m\u00e1s dulces y amargos de su juventud.<\/p>\n<p><strong>Diez a\u00f1os despu\u00e9s de <em>La catedral del mar<\/em>, Ildefonso Falcones regresa de nuevo a ese mundo que tan bien conoce, la Barcelona medieval. Y lo hace recreando una vez m\u00e1s a la perfecci\u00f3n esa efervescente sociedad feudal, prisionera de una nobleza voluble y corrupta, y la lucha de un hombre por salir adelante sin sacrificar su dignidad.<\/strong><\/p>\n","protected":false},"excerpt":{"rendered":"<p>Barcelona, 1387. Las campanas de la iglesia de Santa Mar\u00eda de la Mar siguen sonando para todos los habitantes del barrio de la Ribera, pero uno de ellos escucha su repique con especial atenci\u00f3n&#8230; Hugo Llor, hijo de un marinero fallecido, a sus doce a\u00f1os trabaja en las atarazanas gracias a la generosidad de uno [&hellip;]<\/p>\n","protected":false},"featured_media":8843,"template":"","meta":[],"product_brand":[],"product_cat":[40],"product_tag":[],"class_list":{"0":"post-8899","1":"product","2":"type-product","3":"status-publish","4":"has-post-thumbnail","6":"product_cat-policial","8":"first","9":"instock","10":"purchasable","11":"product-type-simple"},"featured_image_urls_v2":{"full":["https:\/\/ajupe.com.uy\/web\/wp-content\/uploads\/2016\/10\/9033.jpg",229,349,false],"thumbnail":["https:\/\/ajupe.com.uy\/web\/wp-content\/uploads\/2016\/10\/9033-150x150.jpg",150,150,true],"medium":["https:\/\/ajupe.com.uy\/web\/wp-content\/uploads\/2016\/10\/9033-197x300.jpg",197,300,true],"medium_large":["https:\/\/ajupe.com.uy\/web\/wp-content\/uploads\/2016\/10\/9033.jpg",229,349,false],"large":["https:\/\/ajupe.com.uy\/web\/wp-content\/uploads\/2016\/10\/9033.jpg",229,349,false],"1536x1536":["https:\/\/ajupe.com.uy\/web\/wp-content\/uploads\/2016\/10\/9033.jpg",229,349,false],"2048x2048":["https:\/\/ajupe.com.uy\/web\/wp-content\/uploads\/2016\/10\/9033.jpg",229,349,false],"woocommerce_archive_thumbnail":["https:\/\/ajupe.com.uy\/web\/wp-content\/uploads\/2016\/10\/9033-229x300.jpg",229,300,true],"woocommerce_thumbnail":["https:\/\/ajupe.com.uy\/web\/wp-content\/uploads\/2016\/10\/9033-229x300.jpg",229,300,true],"woocommerce_single":["https:\/\/ajupe.com.uy\/web\/wp-content\/uploads\/2016\/10\/9033.jpg",229,349,false],"woocommerce_gallery_thumbnail":["https:\/\/ajupe.com.uy\/web\/wp-content\/uploads\/2016\/10\/9033-100x100.jpg",100,100,true]},"post_excerpt_stackable_v2":"<p>Barcelona, 1387. Las campanas de la iglesia de Santa Mar\u00eda de la Mar siguen sonando para todos los habitantes del barrio de la Ribera, pero uno de ellos escucha su repique con especial atenci\u00f3n&#8230; Hugo Llor, hijo de un marinero fallecido, a sus doce a\u00f1os trabaja en las atarazanas gracias a la generosidad de uno de los prohombres m\u00e1s apreciados de la ciudad: Arnau Estanyol. Pero sus sue\u00f1os juveniles de convertirse en constructor de barcos se dar\u00e1n de bruces contra una realidad dura y despiadada cuando la familia Puig, enemiga ac\u00e9rrima de su mentor, aproveche su posici\u00f3n ante el nuevo&hellip;<\/p>\n","category_list_v2":"","author_info_v2":{"name":"","url":""},"comments_num_v2":"0 comentarios","_links":{"self":[{"href":"https:\/\/ajupe.com.uy\/web\/wp-json\/wp\/v2\/product\/8899","targetHints":{"allow":["GET"]}}],"collection":[{"href":"https:\/\/ajupe.com.uy\/web\/wp-json\/wp\/v2\/product"}],"about":[{"href":"https:\/\/ajupe.com.uy\/web\/wp-json\/wp\/v2\/types\/product"}],"wp:featuredmedia":[{"embeddable":true,"href":"https:\/\/ajupe.com.uy\/web\/wp-json\/wp\/v2\/media\/8843"}],"wp:attachment":[{"href":"https:\/\/ajupe.com.uy\/web\/wp-json\/wp\/v2\/media?parent=8899"}],"wp:term":[{"taxonomy":"product_brand","embeddable":true,"href":"https:\/\/ajupe.com.uy\/web\/wp-json\/wp\/v2\/product_brand?post=8899"},{"taxonomy":"product_cat","embeddable":true,"href":"https:\/\/ajupe.com.uy\/web\/wp-json\/wp\/v2\/product_cat?post=8899"},{"taxonomy":"product_tag","embeddable":true,"href":"https:\/\/ajupe.com.uy\/web\/wp-json\/wp\/v2\/product_tag?post=8899"}],"curies":[{"name":"wp","href":"https:\/\/api.w.org\/{rel}","templated":true}]}}