{"id":8909,"date":"2017-02-14T17:19:36","date_gmt":"2017-02-14T20:19:36","guid":{"rendered":"http:\/\/ajupe.com.uy\/web\/producto\/la-neblina-del-ayer\/"},"modified":"2017-02-14T17:29:35","modified_gmt":"2017-02-14T20:29:35","slug":"la-neblina-del-ayer","status":"publish","type":"product","link":"https:\/\/ajupe.com.uy\/web\/biblioteca\/la-neblina-del-ayer\/","title":{"rendered":"La neblina del ayer"},"content":{"rendered":"<p>La Habana, verano de 2003. Han trascurrido catorce a\u00f1os desde que el teniente investigador Mario Conde, desencantado, abandonara la polic\u00eda. En esos a\u00f1os han ocurrido muchos cambios en Cuba, y tambi\u00e9n en la vida de Mario Conde. Su inclinaci\u00f3n por la literatura y la necesidad de ganarse la vida lo han llevado a dedicarse a la compra y venta de libros de segunda mano. El hallazgo fortuito de una valios\u00edsima biblioteca le coloca al borde de un magn\u00edfico negocio, capaz de aliviar sus penurias materiales. Pero, en un libro de esa biblioteca, aparece una hoja de revista en la que una cantante de boleros de los a\u00f1os cincuenta, Violeta del R\u00edo, anuncia su retiro en la cumbre de su carrera. Atra\u00eddo por su belleza, por el misterio de su retiro y el silencio posterior, Mario Conde \u2013ahora con m\u00e1s a\u00f1os y m\u00e1s cicatrices en la piel y en el coraz\u00f3n\u2013 inicia una investigaci\u00f3n, sin imaginar que, al seguir el rastro de Violeta del R\u00edo, despertar\u00e1 un pasado turbulento que, como la fabulosa biblioteca, ha estado tapiado durante m\u00e1s de cuarenta a\u00f1os. Considerado uno de los m\u00e1s significativos representantes de la actual literatura cubana, Leonardo Padura regresa con <strong>La neblina del ayer<\/strong> al detective Mario Conde, que le ha permitido crear una v\u00edvida cr\u00f3nica literaria de la existencia cotidiana en su isla del Caribe. Adem\u00e1s de un retrato de las dificultades de la vida cubana contempor\u00e1nea, <strong>La neblina del ayer<\/strong> es un viaje a La Habana nocturna de los a\u00f1os cincuenta y su m\u00fasica, al mundo de los libros en la isla, y una especie de descenso a los infiernos del bajo mundo habanero de hoy, en el que Conde debe introducirse tras las huellas de la enigm\u00e1tica cantante Violeta del R\u00edo.<\/p>\n","protected":false},"excerpt":{"rendered":"<p>La Habana, verano de 2003. Han trascurrido catorce a\u00f1os desde que el teniente investigador Mario Conde, desencantado, abandonara la polic\u00eda. En esos a\u00f1os han ocurrido muchos cambios en Cuba, y tambi\u00e9n en la vida de Mario Conde. Su inclinaci\u00f3n por la literatura y la necesidad de ganarse la vida lo han llevado a dedicarse a [&hellip;]<\/p>\n","protected":false},"featured_media":8853,"template":"","meta":[],"product_brand":[],"product_cat":[40],"product_tag":[],"class_list":{"0":"post-8909","1":"product","2":"type-product","3":"status-publish","4":"has-post-thumbnail","6":"product_cat-policial","8":"first","9":"instock","10":"purchasable","11":"product-type-simple"},"featured_image_urls_v2":{"full":["https:\/\/ajupe.com.uy\/web\/wp-content\/uploads\/2016\/10\/9043.jpg",184,277,false],"thumbnail":["https:\/\/ajupe.com.uy\/web\/wp-content\/uploads\/2016\/10\/9043-150x150.jpg",150,150,true],"medium":["https:\/\/ajupe.com.uy\/web\/wp-content\/uploads\/2016\/10\/9043.jpg",184,277,false],"medium_large":["https:\/\/ajupe.com.uy\/web\/wp-content\/uploads\/2016\/10\/9043.jpg",184,277,false],"large":["https:\/\/ajupe.com.uy\/web\/wp-content\/uploads\/2016\/10\/9043.jpg",184,277,false],"1536x1536":["https:\/\/ajupe.com.uy\/web\/wp-content\/uploads\/2016\/10\/9043.jpg",184,277,false],"2048x2048":["https:\/\/ajupe.com.uy\/web\/wp-content\/uploads\/2016\/10\/9043.jpg",184,277,false],"woocommerce_archive_thumbnail":["https:\/\/ajupe.com.uy\/web\/wp-content\/uploads\/2016\/10\/9043.jpg",184,277,false],"woocommerce_thumbnail":["https:\/\/ajupe.com.uy\/web\/wp-content\/uploads\/2016\/10\/9043.jpg",184,277,false],"woocommerce_single":["https:\/\/ajupe.com.uy\/web\/wp-content\/uploads\/2016\/10\/9043.jpg",184,277,false],"woocommerce_gallery_thumbnail":["https:\/\/ajupe.com.uy\/web\/wp-content\/uploads\/2016\/10\/9043-100x100.jpg",100,100,true]},"post_excerpt_stackable_v2":"<p>La Habana, verano de 2003. Han trascurrido catorce a\u00f1os desde que el teniente investigador Mario Conde, desencantado, abandonara la polic\u00eda. En esos a\u00f1os han ocurrido muchos cambios en Cuba, y tambi\u00e9n en la vida de Mario Conde. Su inclinaci\u00f3n por la literatura y la necesidad de ganarse la vida lo han llevado a dedicarse a la compra y venta de libros de segunda mano. El hallazgo fortuito de una valios\u00edsima biblioteca le coloca al borde de un magn\u00edfico negocio, capaz de aliviar sus penurias materiales. Pero, en un libro de esa biblioteca, aparece una hoja de revista en la que&hellip;<\/p>\n","category_list_v2":"","author_info_v2":{"name":"","url":""},"comments_num_v2":"0 comentarios","_links":{"self":[{"href":"https:\/\/ajupe.com.uy\/web\/wp-json\/wp\/v2\/product\/8909","targetHints":{"allow":["GET"]}}],"collection":[{"href":"https:\/\/ajupe.com.uy\/web\/wp-json\/wp\/v2\/product"}],"about":[{"href":"https:\/\/ajupe.com.uy\/web\/wp-json\/wp\/v2\/types\/product"}],"wp:featuredmedia":[{"embeddable":true,"href":"https:\/\/ajupe.com.uy\/web\/wp-json\/wp\/v2\/media\/8853"}],"wp:attachment":[{"href":"https:\/\/ajupe.com.uy\/web\/wp-json\/wp\/v2\/media?parent=8909"}],"wp:term":[{"taxonomy":"product_brand","embeddable":true,"href":"https:\/\/ajupe.com.uy\/web\/wp-json\/wp\/v2\/product_brand?post=8909"},{"taxonomy":"product_cat","embeddable":true,"href":"https:\/\/ajupe.com.uy\/web\/wp-json\/wp\/v2\/product_cat?post=8909"},{"taxonomy":"product_tag","embeddable":true,"href":"https:\/\/ajupe.com.uy\/web\/wp-json\/wp\/v2\/product_tag?post=8909"}],"curies":[{"name":"wp","href":"https:\/\/api.w.org\/{rel}","templated":true}]}}