{"id":8974,"date":"2017-02-24T15:10:12","date_gmt":"2017-02-24T18:10:12","guid":{"rendered":"http:\/\/ajupe.com.uy\/web\/producto\/bravura\/"},"modified":"2017-02-24T15:35:32","modified_gmt":"2017-02-24T18:35:32","slug":"bravura","status":"publish","type":"product","link":"https:\/\/ajupe.com.uy\/web\/biblioteca\/bravura\/","title":{"rendered":"Bravura"},"content":{"rendered":"<p>De 1816 se dijo que fue \u00abel a\u00f1o sin verano\u00bb. La erupci\u00f3n de un volc\u00e1n indonesio alter\u00f3 la meteorolog\u00eda incluso en lugares tan lejanos como Suiza. All\u00ed, en la villa Diodati, Lord Byron y sus invitados \u2013su m\u00e9dico y secretario Polidori y los Shelley, Percy B. y su esposa Mary\u2013 soportaban como pod\u00edan la lluvia y el fr\u00edo del inexistente est\u00edo. Para combatir el aburrimiento, se retaron a escribir cada uno una historia de terror. En aquella velada, que se conoce como \u00abla noche de los monstruos\u00bb, naci\u00f3 el<em>Frankenstein <\/em>de Mary Shelley, y tambi\u00e9n<em> El vampiro<\/em> de Polidori.<\/p>\n<p>De los cuatro personajes, Emmanuel Carr\u00e8re se centra en el menos relevante, en el paria, en el fracasado: Polidori, al que encontramos en el Soho londinense, adicto al l\u00e1udano que le proporciona una joven prostituta llamada Teresa, al borde del suicidio y carcomido por el resentimiento porque cree que Byron se ha apropiado de <em>El vampiro<\/em> y considera que Shelley le ha robado una idea para escribir<em>Frankenstein<\/em>.<\/p>\n<p>Pero Polidori acaso sea un personaje manejado por la pluma de otro escritor, el capit\u00e1n Walton, que est\u00e1 fraguando una versi\u00f3n alternativa de la historia de Victor Frankenstein en la que su amada Elizabeth desempe\u00f1a un papel relevante. Esta versi\u00f3n la leer\u00e1 Ann, que redacta libros para una colecci\u00f3n de novela rosa y visita a Walton en un extra\u00f1o hotel regentado por chinos. Y as\u00ed se despliega un juego de mu\u00f1ecas rusas, una novela de novelas en la que el relato g\u00f3tico da paso a la novelita rosa y \u00e9sta a la narraci\u00f3n detectivesca y a la ciencia ficci\u00f3n, en una adictiva sucesi\u00f3n de sorpresas.<\/p>\n<p>El t\u00edtulo, <em>Bravura<\/em>, hace referencia a una expresi\u00f3n francesa, <em>un morceau de bravoure<\/em>, que designa aquel fragmento de una obra en la que el creador despliega todo su virtuosismo. Y la novela es precisamente eso: una exploraci\u00f3n de los mecanismos de la narraci\u00f3n, una sugestiva indagaci\u00f3n en el papel del escritor y tambi\u00e9n del lector, y sobre todo una propuesta literaria de una inventiva torrencial, que deslumbra y atrapa.<\/p>\n<p>\u00abCarr\u00e8re despliega un intr\u00e9pido br\u00edo en esta novela, para la que ha optado por una fantas\u00eda desarrollada seg\u00fan sus propias leyes, generada por el puro placer de inventar. Evocar las intrigas de <em>Bravura <\/em>supone adentrarse en la estructura de la obra, cimentada sobre dos met\u00e1foras: la de la intercalaci\u00f3n de referencias culturales y la del espejo en el que se superponen las m\u00e1scaras y los reflejos de personajes reales manipulados por la fabulaci\u00f3n. La ficci\u00f3n encuentra su punto de partida en la realidad\u00bb (<em>Le Monde<\/em>).<\/p>\n<p>\u00abUna novela ba\u00f1ada por una extra\u00f1a atm\u00f3sfera de duermevela, en la que todo encaja pero nada parece tener sentido por s\u00ed mismo. Al principio tal vez produzca perplejidad, pero r\u00e1pidamente la habilidad del autor para multiplicar las variaciones provoca al lector un placer extremo al leer este libro, que es tambi\u00e9n una fantas\u00eda sobre la creaci\u00f3n literaria y sobre las relaciones entre el arte y la vida. Un juego literario repleto de seducci\u00f3n y atractivo\u00bb (<em>Le Figaro<\/em>).<\/p>\n","protected":false},"excerpt":{"rendered":"<p>De 1816 se dijo que fue \u00abel a\u00f1o sin verano\u00bb. La erupci\u00f3n de un volc\u00e1n indonesio alter\u00f3 la meteorolog\u00eda incluso en lugares tan lejanos como Suiza. All\u00ed, en la villa Diodati, Lord Byron y sus invitados \u2013su m\u00e9dico y secretario Polidori y los Shelley, Percy B. y su esposa Mary\u2013 soportaban como pod\u00edan la lluvia [&hellip;]<\/p>\n","protected":false},"featured_media":8960,"template":"","meta":[],"product_brand":[],"product_cat":[29],"product_tag":[],"class_list":{"0":"post-8974","1":"product","2":"type-product","3":"status-publish","4":"has-post-thumbnail","6":"product_cat-novela","8":"first","9":"instock","10":"purchasable","11":"product-type-simple"},"featured_image_urls_v2":{"full":["https:\/\/ajupe.com.uy\/web\/wp-content\/uploads\/2017\/02\/9056.jpg",138,216,false],"thumbnail":["https:\/\/ajupe.com.uy\/web\/wp-content\/uploads\/2017\/02\/9056-138x150.jpg",138,150,true],"medium":["https:\/\/ajupe.com.uy\/web\/wp-content\/uploads\/2017\/02\/9056.jpg",138,216,false],"medium_large":["https:\/\/ajupe.com.uy\/web\/wp-content\/uploads\/2017\/02\/9056.jpg",138,216,false],"large":["https:\/\/ajupe.com.uy\/web\/wp-content\/uploads\/2017\/02\/9056.jpg",138,216,false],"1536x1536":["https:\/\/ajupe.com.uy\/web\/wp-content\/uploads\/2017\/02\/9056.jpg",138,216,false],"2048x2048":["https:\/\/ajupe.com.uy\/web\/wp-content\/uploads\/2017\/02\/9056.jpg",138,216,false],"woocommerce_archive_thumbnail":["https:\/\/ajupe.com.uy\/web\/wp-content\/uploads\/2017\/02\/9056.jpg",138,216,false],"woocommerce_thumbnail":["https:\/\/ajupe.com.uy\/web\/wp-content\/uploads\/2017\/02\/9056.jpg",138,216,false],"woocommerce_single":["https:\/\/ajupe.com.uy\/web\/wp-content\/uploads\/2017\/02\/9056.jpg",138,216,false],"woocommerce_gallery_thumbnail":["https:\/\/ajupe.com.uy\/web\/wp-content\/uploads\/2017\/02\/9056-100x100.jpg",100,100,true]},"post_excerpt_stackable_v2":"<p>De 1816 se dijo que fue \u00abel a\u00f1o sin verano\u00bb. La erupci\u00f3n de un volc\u00e1n indonesio alter\u00f3 la meteorolog\u00eda incluso en lugares tan lejanos como Suiza. All\u00ed, en la villa Diodati, Lord Byron y sus invitados \u2013su m\u00e9dico y secretario Polidori y los Shelley, Percy B. y su esposa Mary\u2013 soportaban como pod\u00edan la lluvia y el fr\u00edo del inexistente est\u00edo. Para combatir el aburrimiento, se retaron a escribir cada uno una historia de terror. En aquella velada, que se conoce como \u00abla noche de los monstruos\u00bb, naci\u00f3 elFrankenstein de Mary Shelley, y tambi\u00e9n El vampiro de Polidori. De los&hellip;<\/p>\n","category_list_v2":"","author_info_v2":{"name":"","url":""},"comments_num_v2":"0 comentarios","_links":{"self":[{"href":"https:\/\/ajupe.com.uy\/web\/wp-json\/wp\/v2\/product\/8974","targetHints":{"allow":["GET"]}}],"collection":[{"href":"https:\/\/ajupe.com.uy\/web\/wp-json\/wp\/v2\/product"}],"about":[{"href":"https:\/\/ajupe.com.uy\/web\/wp-json\/wp\/v2\/types\/product"}],"wp:featuredmedia":[{"embeddable":true,"href":"https:\/\/ajupe.com.uy\/web\/wp-json\/wp\/v2\/media\/8960"}],"wp:attachment":[{"href":"https:\/\/ajupe.com.uy\/web\/wp-json\/wp\/v2\/media?parent=8974"}],"wp:term":[{"taxonomy":"product_brand","embeddable":true,"href":"https:\/\/ajupe.com.uy\/web\/wp-json\/wp\/v2\/product_brand?post=8974"},{"taxonomy":"product_cat","embeddable":true,"href":"https:\/\/ajupe.com.uy\/web\/wp-json\/wp\/v2\/product_cat?post=8974"},{"taxonomy":"product_tag","embeddable":true,"href":"https:\/\/ajupe.com.uy\/web\/wp-json\/wp\/v2\/product_tag?post=8974"}],"curies":[{"name":"wp","href":"https:\/\/api.w.org\/{rel}","templated":true}]}}