{"id":8979,"date":"2017-02-24T16:14:17","date_gmt":"2017-02-24T19:14:17","guid":{"rendered":"http:\/\/ajupe.com.uy\/web\/producto\/asi-empieza-lo-malo\/"},"modified":"2017-02-24T16:27:51","modified_gmt":"2017-02-24T19:27:51","slug":"asi-empieza-lo-malo","status":"publish","type":"product","link":"https:\/\/ajupe.com.uy\/web\/biblioteca\/asi-empieza-lo-malo\/","title":{"rendered":"As\u00ed empieza lo malo"},"content":{"rendered":"<div class=\"bloque_texto_02 description\"><\/div>\n<p>Tras Los enamoramientos, la nueva y esperada novela de Javier Mar\u00edas<br \/>\nAs\u00ed empieza lo malo cuenta la historia \u00edntima de un matrimonio de muchos a\u00f1os, narrada por su joven testigo cuando \u00e9ste es ya un hombre maduro. Juan de Vere acaba de finalizar sus estudios y encuentra su primer empleo como secretario personal de Eduardo Muriel, un anta\u00f1o exitoso director de cine, en el Madrid de 1980. Su trabajo le permite entrar en la privacidad de la casa familiar y ser espectador de la misteriosa desdicha conyugal entre Muriel y su esposa Beatriz Noguera. Un grupo de amigos visita habitualmente la casa de los Muriel: inteligentes, cultos, mundanos, ocultan entre s\u00ed un pasado de cuyas consecuencias el presente est\u00e1 preso. Viven una \u00e9poca en la que se empiezan a contar en privado cosas lejanas que muchos espa\u00f1oles se hab\u00edan visto obligados a callar en p\u00fablico durante decenios. Pero cuando es del todo imposible saber la verdad, cada quien cree tener la libertad de decidir qu\u00e9 lo es.Sobre As\u00ed empieza lo malo\u00bbEs un libro sobre el deseo, como uno de los motores m\u00e1s fuertes en la vida de las personas, que a veces lleva a pasar por encima de cualquier lealtad, consideraci\u00f3n e incluso respeto en el trato con los dem\u00e1s. Otro de los temas de la novela es la impunidad y la arbitrariedad del perd\u00f3n y del no perd\u00f3n.<\/p>\n","protected":false},"excerpt":{"rendered":"<p>Tras Los enamoramientos, la nueva y esperada novela de Javier Mar\u00edas As\u00ed empieza lo malo cuenta la historia \u00edntima de un matrimonio de muchos a\u00f1os, narrada por su joven testigo cuando \u00e9ste es ya un hombre maduro. Juan de Vere acaba de finalizar sus estudios y encuentra su primer empleo como secretario personal de Eduardo [&hellip;]<\/p>\n","protected":false},"featured_media":8965,"template":"","meta":[],"product_brand":[],"product_cat":[29],"product_tag":[],"class_list":{"0":"post-8979","1":"product","2":"type-product","3":"status-publish","4":"has-post-thumbnail","6":"product_cat-novela","8":"first","9":"instock","10":"purchasable","11":"product-type-simple"},"featured_image_urls_v2":{"full":["https:\/\/ajupe.com.uy\/web\/wp-content\/uploads\/2017\/02\/9061.jpg",136,211,false],"thumbnail":["https:\/\/ajupe.com.uy\/web\/wp-content\/uploads\/2017\/02\/9061-136x150.jpg",136,150,true],"medium":["https:\/\/ajupe.com.uy\/web\/wp-content\/uploads\/2017\/02\/9061.jpg",136,211,false],"medium_large":["https:\/\/ajupe.com.uy\/web\/wp-content\/uploads\/2017\/02\/9061.jpg",136,211,false],"large":["https:\/\/ajupe.com.uy\/web\/wp-content\/uploads\/2017\/02\/9061.jpg",136,211,false],"1536x1536":["https:\/\/ajupe.com.uy\/web\/wp-content\/uploads\/2017\/02\/9061.jpg",136,211,false],"2048x2048":["https:\/\/ajupe.com.uy\/web\/wp-content\/uploads\/2017\/02\/9061.jpg",136,211,false],"woocommerce_archive_thumbnail":["https:\/\/ajupe.com.uy\/web\/wp-content\/uploads\/2017\/02\/9061.jpg",136,211,false],"woocommerce_thumbnail":["https:\/\/ajupe.com.uy\/web\/wp-content\/uploads\/2017\/02\/9061.jpg",136,211,false],"woocommerce_single":["https:\/\/ajupe.com.uy\/web\/wp-content\/uploads\/2017\/02\/9061.jpg",136,211,false],"woocommerce_gallery_thumbnail":["https:\/\/ajupe.com.uy\/web\/wp-content\/uploads\/2017\/02\/9061-100x100.jpg",100,100,true]},"post_excerpt_stackable_v2":"<p>Tras Los enamoramientos, la nueva y esperada novela de Javier Mar\u00edas As\u00ed empieza lo malo cuenta la historia \u00edntima de un matrimonio de muchos a\u00f1os, narrada por su joven testigo cuando \u00e9ste es ya un hombre maduro. Juan de Vere acaba de finalizar sus estudios y encuentra su primer empleo como secretario personal de Eduardo Muriel, un anta\u00f1o exitoso director de cine, en el Madrid de 1980. Su trabajo le permite entrar en la privacidad de la casa familiar y ser espectador de la misteriosa desdicha conyugal entre Muriel y su esposa Beatriz Noguera. Un grupo de amigos visita habitualmente&hellip;<\/p>\n","category_list_v2":"","author_info_v2":{"name":"","url":""},"comments_num_v2":"0 comentarios","_links":{"self":[{"href":"https:\/\/ajupe.com.uy\/web\/wp-json\/wp\/v2\/product\/8979","targetHints":{"allow":["GET"]}}],"collection":[{"href":"https:\/\/ajupe.com.uy\/web\/wp-json\/wp\/v2\/product"}],"about":[{"href":"https:\/\/ajupe.com.uy\/web\/wp-json\/wp\/v2\/types\/product"}],"wp:featuredmedia":[{"embeddable":true,"href":"https:\/\/ajupe.com.uy\/web\/wp-json\/wp\/v2\/media\/8965"}],"wp:attachment":[{"href":"https:\/\/ajupe.com.uy\/web\/wp-json\/wp\/v2\/media?parent=8979"}],"wp:term":[{"taxonomy":"product_brand","embeddable":true,"href":"https:\/\/ajupe.com.uy\/web\/wp-json\/wp\/v2\/product_brand?post=8979"},{"taxonomy":"product_cat","embeddable":true,"href":"https:\/\/ajupe.com.uy\/web\/wp-json\/wp\/v2\/product_cat?post=8979"},{"taxonomy":"product_tag","embeddable":true,"href":"https:\/\/ajupe.com.uy\/web\/wp-json\/wp\/v2\/product_tag?post=8979"}],"curies":[{"name":"wp","href":"https:\/\/api.w.org\/{rel}","templated":true}]}}