{"id":8982,"date":"2017-02-24T16:36:01","date_gmt":"2017-02-24T19:36:01","guid":{"rendered":"http:\/\/ajupe.com.uy\/web\/producto\/el-ultimo-paraiso\/"},"modified":"2017-02-24T16:37:49","modified_gmt":"2017-02-24T19:37:49","slug":"el-ultimo-paraiso","status":"publish","type":"product","link":"https:\/\/ajupe.com.uy\/web\/biblioteca\/el-ultimo-paraiso\/","title":{"rendered":"El \u00faltimo para\u00edso"},"content":{"rendered":"<div class=\"bloque_texto_02 description\">\u00a0En 1929, el joven y avezado Jack Beilis conduc\u00eda su propio autom\u00f3vil,\u00a0vest\u00eda trajes a medida y frecuentaba los mejores clubs de Detroit. Pero\u00a0la brutal crisis que aquel a\u00f1o azot\u00f3 Am\u00e9rica lo arroj\u00f3, junto a millones de\u00a0compatriotas, al hambre y la desesperaci\u00f3n.<br \/>\nDesahuciado y perseguido por un oscuro crimen, embarcar\u00e1 junto a\u00a0su amigo Andrew hacia la legendaria Uni\u00f3n Sovi\u00e9tica, el id\u00edlico imperio\u00a0en el que cualquier hombre ten\u00eda derecho a trabajar y ser feliz, sin sospechar\u00a0los extraordinarios avatares que les ten\u00eda reservados el destino.<br \/>\nInspirada en hechos reales, con <em>El \u00faltimo para\u00edso<\/em> Antonio Garrido\u00a0funde magistralmente <em>thriller<\/em>, amor y novela hist\u00f3rica en la dram\u00e1tica\u00a0epopeya de un superviviente en un mundo dividido. Un formidable fresco\u00a0de una \u00e9poca convulsa que dio un nuevo rumbo a la historia.<\/div>\n<p>&nbsp;<\/p>\n","protected":false},"excerpt":{"rendered":"<p>\u00a0En 1929, el joven y avezado Jack Beilis conduc\u00eda su propio autom\u00f3vil,\u00a0vest\u00eda trajes a medida y frecuentaba los mejores clubs de Detroit. Pero\u00a0la brutal crisis que aquel a\u00f1o azot\u00f3 Am\u00e9rica lo arroj\u00f3, junto a millones de\u00a0compatriotas, al hambre y la desesperaci\u00f3n. Desahuciado y perseguido por un oscuro crimen, embarcar\u00e1 junto a\u00a0su amigo Andrew hacia la [&hellip;]<\/p>\n","protected":false},"featured_media":8967,"template":"","meta":[],"product_brand":[],"product_cat":[48],"product_tag":[],"class_list":{"0":"post-8982","1":"product","2":"type-product","3":"status-publish","4":"has-post-thumbnail","6":"product_cat-thrillers","8":"first","9":"instock","10":"purchasable","11":"product-type-simple"},"featured_image_urls_v2":{"full":["https:\/\/ajupe.com.uy\/web\/wp-content\/uploads\/2017\/02\/9063.jpg",148,226,false],"thumbnail":["https:\/\/ajupe.com.uy\/web\/wp-content\/uploads\/2017\/02\/9063-148x150.jpg",148,150,true],"medium":["https:\/\/ajupe.com.uy\/web\/wp-content\/uploads\/2017\/02\/9063.jpg",148,226,false],"medium_large":["https:\/\/ajupe.com.uy\/web\/wp-content\/uploads\/2017\/02\/9063.jpg",148,226,false],"large":["https:\/\/ajupe.com.uy\/web\/wp-content\/uploads\/2017\/02\/9063.jpg",148,226,false],"1536x1536":["https:\/\/ajupe.com.uy\/web\/wp-content\/uploads\/2017\/02\/9063.jpg",148,226,false],"2048x2048":["https:\/\/ajupe.com.uy\/web\/wp-content\/uploads\/2017\/02\/9063.jpg",148,226,false],"woocommerce_archive_thumbnail":["https:\/\/ajupe.com.uy\/web\/wp-content\/uploads\/2017\/02\/9063.jpg",148,226,false],"woocommerce_thumbnail":["https:\/\/ajupe.com.uy\/web\/wp-content\/uploads\/2017\/02\/9063.jpg",148,226,false],"woocommerce_single":["https:\/\/ajupe.com.uy\/web\/wp-content\/uploads\/2017\/02\/9063.jpg",148,226,false],"woocommerce_gallery_thumbnail":["https:\/\/ajupe.com.uy\/web\/wp-content\/uploads\/2017\/02\/9063-100x100.jpg",100,100,true]},"post_excerpt_stackable_v2":"<p>\u00a0En 1929, el joven y avezado Jack Beilis conduc\u00eda su propio autom\u00f3vil,\u00a0vest\u00eda trajes a medida y frecuentaba los mejores clubs de Detroit. Pero\u00a0la brutal crisis que aquel a\u00f1o azot\u00f3 Am\u00e9rica lo arroj\u00f3, junto a millones de\u00a0compatriotas, al hambre y la desesperaci\u00f3n. Desahuciado y perseguido por un oscuro crimen, embarcar\u00e1 junto a\u00a0su amigo Andrew hacia la legendaria Uni\u00f3n Sovi\u00e9tica, el id\u00edlico imperio\u00a0en el que cualquier hombre ten\u00eda derecho a trabajar y ser feliz, sin sospechar\u00a0los extraordinarios avatares que les ten\u00eda reservados el destino. Inspirada en hechos reales, con El \u00faltimo para\u00edso Antonio Garrido\u00a0funde magistralmente thriller, amor y novela hist\u00f3rica en la&hellip;<\/p>\n","category_list_v2":"","author_info_v2":{"name":"","url":""},"comments_num_v2":"0 comentarios","_links":{"self":[{"href":"https:\/\/ajupe.com.uy\/web\/wp-json\/wp\/v2\/product\/8982","targetHints":{"allow":["GET"]}}],"collection":[{"href":"https:\/\/ajupe.com.uy\/web\/wp-json\/wp\/v2\/product"}],"about":[{"href":"https:\/\/ajupe.com.uy\/web\/wp-json\/wp\/v2\/types\/product"}],"wp:featuredmedia":[{"embeddable":true,"href":"https:\/\/ajupe.com.uy\/web\/wp-json\/wp\/v2\/media\/8967"}],"wp:attachment":[{"href":"https:\/\/ajupe.com.uy\/web\/wp-json\/wp\/v2\/media?parent=8982"}],"wp:term":[{"taxonomy":"product_brand","embeddable":true,"href":"https:\/\/ajupe.com.uy\/web\/wp-json\/wp\/v2\/product_brand?post=8982"},{"taxonomy":"product_cat","embeddable":true,"href":"https:\/\/ajupe.com.uy\/web\/wp-json\/wp\/v2\/product_cat?post=8982"},{"taxonomy":"product_tag","embeddable":true,"href":"https:\/\/ajupe.com.uy\/web\/wp-json\/wp\/v2\/product_tag?post=8982"}],"curies":[{"name":"wp","href":"https:\/\/api.w.org\/{rel}","templated":true}]}}