{"id":968,"date":"2010-07-14T00:00:00","date_gmt":"2010-07-14T03:00:00","guid":{"rendered":"http:\/\/ajupe.com.uy\/web\/?post_type=product&#038;p=968"},"modified":"2010-07-14T00:00:00","modified_gmt":"2010-07-14T03:00:00","slug":"la-guerra-de-baltar","status":"publish","type":"product","link":"https:\/\/ajupe.com.uy\/web\/biblioteca\/la-guerra-de-baltar\/","title":{"rendered":"La guerra de Baltar"},"content":{"rendered":"<p>Baltar Ojeda, hombre de confianza de Artigas, militar paraguayo que hab\u00eda estudiado en Europa, es el memorioso relator de los episodios que leemos a medida que nos introducimos en un mundo de charr\u00faas y caballos, pero cuyos personajes m\u00e1s relevantes vamos descubriendo que son Artigas y el Caciquillo. Invensi\u00f3n y recreaci\u00f3n, peripecias posibles y episodios reales de comienzo de 1800 en la Banda Oriental, sabiamente amalgamados por el autor. Figuras hist\u00f3ricas que sorprenden y seducen, que se despegan de su \u00e9poca y se liberan mientras nosotros los acompa\u00f1amos con la imaginci\u00f3n.<\/p>\n","protected":false},"excerpt":{"rendered":"<p>Baltar Ojeda, hombre de confianza de Artigas, militar paraguayo que hab\u00eda estudiado en Europa, es el memorioso relator de los episodios que leemos a medida que nos introducimos en un mundo de charr\u00faas y caballos, pero cuyos personajes m\u00e1s relevantes vamos<\/p>\n","protected":false},"featured_media":969,"template":"","meta":[],"product_brand":[260],"product_cat":[31],"product_tag":[],"class_list":{"0":"post-968","1":"product","2":"type-product","3":"status-publish","4":"has-post-thumbnail","6":"product_brand-carlos-maggi","7":"product_cat-historico","9":"first","10":"instock","11":"purchasable","12":"product-type-simple"},"featured_image_urls_v2":{"full":["https:\/\/ajupe.com.uy\/web\/wp-content\/uploads\/2016\/04\/p-968-6005.jpg",360,572,false],"thumbnail":["https:\/\/ajupe.com.uy\/web\/wp-content\/uploads\/2016\/04\/p-968-6005.jpg",150,150,true],"medium":["https:\/\/ajupe.com.uy\/web\/wp-content\/uploads\/2016\/04\/p-968-6005.jpg",300,214,true],"medium_large":["https:\/\/ajupe.com.uy\/web\/wp-content\/uploads\/2016\/04\/p-968-6005.jpg",360,572,false],"large":["https:\/\/ajupe.com.uy\/web\/wp-content\/uploads\/2016\/04\/p-968-6005.jpg",360,572,false],"1536x1536":["https:\/\/ajupe.com.uy\/web\/wp-content\/uploads\/2016\/04\/p-968-6005.jpg",360,572,false],"2048x2048":["https:\/\/ajupe.com.uy\/web\/wp-content\/uploads\/2016\/04\/p-968-6005.jpg",360,572,false],"woocommerce_archive_thumbnail":["https:\/\/ajupe.com.uy\/web\/wp-content\/uploads\/2016\/04\/p-968-6005-300x450.jpg",300,450,true],"woocommerce_thumbnail":["https:\/\/ajupe.com.uy\/web\/wp-content\/uploads\/2016\/04\/p-968-6005-300x300.jpg",300,300,true],"woocommerce_single":["https:\/\/ajupe.com.uy\/web\/wp-content\/uploads\/2016\/04\/p-968-6005-300x477.jpg",300,477,true],"woocommerce_gallery_thumbnail":["https:\/\/ajupe.com.uy\/web\/wp-content\/uploads\/2016\/04\/p-968-6005-100x100.jpg",100,100,true]},"post_excerpt_stackable_v2":"<p>Baltar Ojeda, hombre de confianza de Artigas, militar paraguayo que hab\u00eda estudiado en Europa, es el memorioso relator de los episodios que leemos a medida que nos introducimos en un mundo de charr\u00faas y caballos, pero cuyos personajes m\u00e1s relevantes vamos<\/p>\n","category_list_v2":"","author_info_v2":{"name":"","url":""},"comments_num_v2":"0 comentarios","_links":{"self":[{"href":"https:\/\/ajupe.com.uy\/web\/wp-json\/wp\/v2\/product\/968","targetHints":{"allow":["GET"]}}],"collection":[{"href":"https:\/\/ajupe.com.uy\/web\/wp-json\/wp\/v2\/product"}],"about":[{"href":"https:\/\/ajupe.com.uy\/web\/wp-json\/wp\/v2\/types\/product"}],"wp:featuredmedia":[{"embeddable":true,"href":"https:\/\/ajupe.com.uy\/web\/wp-json\/wp\/v2\/media\/969"}],"wp:attachment":[{"href":"https:\/\/ajupe.com.uy\/web\/wp-json\/wp\/v2\/media?parent=968"}],"wp:term":[{"taxonomy":"product_brand","embeddable":true,"href":"https:\/\/ajupe.com.uy\/web\/wp-json\/wp\/v2\/product_brand?post=968"},{"taxonomy":"product_cat","embeddable":true,"href":"https:\/\/ajupe.com.uy\/web\/wp-json\/wp\/v2\/product_cat?post=968"},{"taxonomy":"product_tag","embeddable":true,"href":"https:\/\/ajupe.com.uy\/web\/wp-json\/wp\/v2\/product_tag?post=968"}],"curies":[{"name":"wp","href":"https:\/\/api.w.org\/{rel}","templated":true}]}}