{"id":970,"date":"2010-07-14T00:00:00","date_gmt":"2010-07-14T03:00:00","guid":{"rendered":"http:\/\/ajupe.com.uy\/web\/?post_type=product&#038;p=970"},"modified":"2010-07-14T00:00:00","modified_gmt":"2010-07-14T03:00:00","slug":"crimenes-perfectos","status":"publish","type":"product","link":"https:\/\/ajupe.com.uy\/web\/biblioteca\/crimenes-perfectos\/","title":{"rendered":"Cr\u00edmenes perfectos"},"content":{"rendered":"<p>Una antolog\u00eda es siempre un recorte, un cerco alrededor del g\u00e9nero y un intento de organizaci\u00f3n del caos como dijera Gombrowicz en su Diario, all\u00e1 por 1962. Piglia, lector agudo y cr\u00edtico inteligente, ofrece en esta colecci\u00f3n de textos sus propias marcas de escritura: all\u00ed est\u00e1n a modo de gui\u00f1os las tramas infinitas, el complot como estrategia, la parodia de lo real, la traici\u00f3n y la red paranoica en la que se sumergen los personajes, las alucinaciones persecutorias, el enfrentamiento a la ley, la sorda criminalidad de la sociedad moderna. El crimen perfecto es el que anhela el triunfo, fatalmente imposible, de un secreto eterno que jam\u00e1s ser\u00e1 develado.<\/p>\n","protected":false},"excerpt":{"rendered":"<p>Una antolog\u00eda es siempre un recorte, un cerco alrededor del g\u00e9nero y un intento de organizaci\u00f3n del caos como dijera Gombrowicz en su Diario, all\u00e1 por 1962. Piglia, lector agudo y cr\u00edtico inteligente, ofrece en esta colecci\u00f3n de textos sus propias marcas <\/p>\n","protected":false},"featured_media":971,"template":"","meta":[],"product_brand":[261],"product_cat":[40],"product_tag":[],"class_list":{"0":"post-970","1":"product","2":"type-product","3":"status-publish","4":"has-post-thumbnail","6":"product_brand-ricardo-piglia","7":"product_cat-policial","9":"first","10":"instock","11":"purchasable","12":"product-type-simple"},"featured_image_urls_v2":{"full":["https:\/\/ajupe.com.uy\/web\/wp-content\/uploads\/2016\/04\/p-970-6006.jpg",360,538,false],"thumbnail":["https:\/\/ajupe.com.uy\/web\/wp-content\/uploads\/2016\/04\/p-970-6006.jpg",150,150,true],"medium":["https:\/\/ajupe.com.uy\/web\/wp-content\/uploads\/2016\/04\/p-970-6006.jpg",300,214,true],"medium_large":["https:\/\/ajupe.com.uy\/web\/wp-content\/uploads\/2016\/04\/p-970-6006.jpg",360,538,false],"large":["https:\/\/ajupe.com.uy\/web\/wp-content\/uploads\/2016\/04\/p-970-6006.jpg",360,538,false],"1536x1536":["https:\/\/ajupe.com.uy\/web\/wp-content\/uploads\/2016\/04\/p-970-6006.jpg",360,538,false],"2048x2048":["https:\/\/ajupe.com.uy\/web\/wp-content\/uploads\/2016\/04\/p-970-6006.jpg",360,538,false],"woocommerce_archive_thumbnail":["https:\/\/ajupe.com.uy\/web\/wp-content\/uploads\/2016\/04\/p-970-6006-300x450.jpg",300,450,true],"woocommerce_thumbnail":["https:\/\/ajupe.com.uy\/web\/wp-content\/uploads\/2016\/04\/p-970-6006-300x300.jpg",300,300,true],"woocommerce_single":["https:\/\/ajupe.com.uy\/web\/wp-content\/uploads\/2016\/04\/p-970-6006-300x448.jpg",300,448,true],"woocommerce_gallery_thumbnail":["https:\/\/ajupe.com.uy\/web\/wp-content\/uploads\/2016\/04\/p-970-6006-100x100.jpg",100,100,true]},"post_excerpt_stackable_v2":"<p>Una antolog\u00eda es siempre un recorte, un cerco alrededor del g\u00e9nero y un intento de organizaci\u00f3n del caos como dijera Gombrowicz en su Diario, all\u00e1 por 1962. Piglia, lector agudo y cr\u00edtico inteligente, ofrece en esta colecci\u00f3n de textos sus propias marcas <\/p>\n","category_list_v2":"","author_info_v2":{"name":"","url":""},"comments_num_v2":"0 comentarios","_links":{"self":[{"href":"https:\/\/ajupe.com.uy\/web\/wp-json\/wp\/v2\/product\/970","targetHints":{"allow":["GET"]}}],"collection":[{"href":"https:\/\/ajupe.com.uy\/web\/wp-json\/wp\/v2\/product"}],"about":[{"href":"https:\/\/ajupe.com.uy\/web\/wp-json\/wp\/v2\/types\/product"}],"wp:featuredmedia":[{"embeddable":true,"href":"https:\/\/ajupe.com.uy\/web\/wp-json\/wp\/v2\/media\/971"}],"wp:attachment":[{"href":"https:\/\/ajupe.com.uy\/web\/wp-json\/wp\/v2\/media?parent=970"}],"wp:term":[{"taxonomy":"product_brand","embeddable":true,"href":"https:\/\/ajupe.com.uy\/web\/wp-json\/wp\/v2\/product_brand?post=970"},{"taxonomy":"product_cat","embeddable":true,"href":"https:\/\/ajupe.com.uy\/web\/wp-json\/wp\/v2\/product_cat?post=970"},{"taxonomy":"product_tag","embeddable":true,"href":"https:\/\/ajupe.com.uy\/web\/wp-json\/wp\/v2\/product_tag?post=970"}],"curies":[{"name":"wp","href":"https:\/\/api.w.org\/{rel}","templated":true}]}}