{"id":974,"date":"2010-07-14T00:00:00","date_gmt":"2010-07-14T03:00:00","guid":{"rendered":"http:\/\/ajupe.com.uy\/web\/?post_type=product&#038;p=974"},"modified":"2010-07-14T00:00:00","modified_gmt":"2010-07-14T03:00:00","slug":"los-iluminados","status":"publish","type":"product","link":"https:\/\/ajupe.com.uy\/web\/biblioteca\/los-iluminados\/","title":{"rendered":"Los iluminados"},"content":{"rendered":"<p>Esta novela de fascinante universalidad -ambientada principalmente en Estados Unidos y Argentina- se extiende desde los a\u00f1os 50 hasta hoy y se inspira en hechos reales. Marcos Aguinis recrea en forma impecable, con oficio y talento, los escenarios donde se desarrolla la historia. Entre sus protagonistas se destacan individuos que creen en la supremac\u00eda de los blancos junto a herederos de sistemas absolutistas, torturadores, miembros de fan\u00e1ticas sectas religiosas y otras figuras que perturban los d\u00edas y las noches de nuestro tiempo. Asimismo desfilan mujeres ligadas al destino de estos hombres, cuyos caracteres responden a la rebeld\u00eda fuerte, la mansa sumisi\u00f3n o la entrega apasionada.<\/p>\n","protected":false},"excerpt":{"rendered":"<p>Esta novela de fascinante universalidad -ambientada principalmente en Estados Unidos y Argentina- se extiende desde los a\u00f1os 50 hasta hoy y se inspira en hechos reales. Marcos Aguinis recrea en forma impecable, con oficio y talento, los escenarios donde s<\/p>\n","protected":false},"featured_media":975,"template":"","meta":[],"product_brand":[263],"product_cat":[29],"product_tag":[],"class_list":{"0":"post-974","1":"product","2":"type-product","3":"status-publish","4":"has-post-thumbnail","6":"product_brand-marcos-aguinis","7":"product_cat-novela","9":"first","10":"instock","11":"purchasable","12":"product-type-simple"},"featured_image_urls_v2":{"full":["https:\/\/ajupe.com.uy\/web\/wp-content\/uploads\/2016\/04\/p-974-6008.jpg",362,549,false],"thumbnail":["https:\/\/ajupe.com.uy\/web\/wp-content\/uploads\/2016\/04\/p-974-6008.jpg",150,150,true],"medium":["https:\/\/ajupe.com.uy\/web\/wp-content\/uploads\/2016\/04\/p-974-6008.jpg",300,214,true],"medium_large":["https:\/\/ajupe.com.uy\/web\/wp-content\/uploads\/2016\/04\/p-974-6008.jpg",362,549,false],"large":["https:\/\/ajupe.com.uy\/web\/wp-content\/uploads\/2016\/04\/p-974-6008.jpg",362,549,false],"1536x1536":["https:\/\/ajupe.com.uy\/web\/wp-content\/uploads\/2016\/04\/p-974-6008.jpg",362,549,false],"2048x2048":["https:\/\/ajupe.com.uy\/web\/wp-content\/uploads\/2016\/04\/p-974-6008.jpg",362,549,false],"woocommerce_archive_thumbnail":["https:\/\/ajupe.com.uy\/web\/wp-content\/uploads\/2016\/04\/p-974-6008-300x450.jpg",300,450,true],"woocommerce_thumbnail":["https:\/\/ajupe.com.uy\/web\/wp-content\/uploads\/2016\/04\/p-974-6008-300x300.jpg",300,300,true],"woocommerce_single":["https:\/\/ajupe.com.uy\/web\/wp-content\/uploads\/2016\/04\/p-974-6008-300x455.jpg",300,455,true],"woocommerce_gallery_thumbnail":["https:\/\/ajupe.com.uy\/web\/wp-content\/uploads\/2016\/04\/p-974-6008-100x100.jpg",100,100,true]},"post_excerpt_stackable_v2":"<p>Esta novela de fascinante universalidad -ambientada principalmente en Estados Unidos y Argentina- se extiende desde los a\u00f1os 50 hasta hoy y se inspira en hechos reales. Marcos Aguinis recrea en forma impecable, con oficio y talento, los escenarios donde s<\/p>\n","category_list_v2":"","author_info_v2":{"name":"","url":""},"comments_num_v2":"0 comentarios","_links":{"self":[{"href":"https:\/\/ajupe.com.uy\/web\/wp-json\/wp\/v2\/product\/974","targetHints":{"allow":["GET"]}}],"collection":[{"href":"https:\/\/ajupe.com.uy\/web\/wp-json\/wp\/v2\/product"}],"about":[{"href":"https:\/\/ajupe.com.uy\/web\/wp-json\/wp\/v2\/types\/product"}],"wp:featuredmedia":[{"embeddable":true,"href":"https:\/\/ajupe.com.uy\/web\/wp-json\/wp\/v2\/media\/975"}],"wp:attachment":[{"href":"https:\/\/ajupe.com.uy\/web\/wp-json\/wp\/v2\/media?parent=974"}],"wp:term":[{"taxonomy":"product_brand","embeddable":true,"href":"https:\/\/ajupe.com.uy\/web\/wp-json\/wp\/v2\/product_brand?post=974"},{"taxonomy":"product_cat","embeddable":true,"href":"https:\/\/ajupe.com.uy\/web\/wp-json\/wp\/v2\/product_cat?post=974"},{"taxonomy":"product_tag","embeddable":true,"href":"https:\/\/ajupe.com.uy\/web\/wp-json\/wp\/v2\/product_tag?post=974"}],"curies":[{"name":"wp","href":"https:\/\/api.w.org\/{rel}","templated":true}]}}