{"id":9758,"date":"2021-10-13T18:21:48","date_gmt":"2021-10-13T21:21:48","guid":{"rendered":"http:\/\/ajupe.com.uy\/web\/?post_type=product&#038;p=9758"},"modified":"2021-10-13T18:27:43","modified_gmt":"2021-10-13T21:27:43","slug":"la-muerte-llega-a-pemberley","status":"publish","type":"product","link":"https:\/\/ajupe.com.uy\/web\/biblioteca\/la-muerte-llega-a-pemberley\/","title":{"rendered":"LA MUERTE LLEGA A PEMBERLEY"},"content":{"rendered":"<div class=\"bloque_texto_02 description\">\n<p>Pemberley, a\u00f1o 1803. Han pasado seis a\u00f1os desde que Elizabeth y Darcy se casaran, creando un mundo perfecto que parece invulnerable. Pero de pronto, en la v\u00edspera de un baile, todo se tuerce. Un carruaje sale a toda prisa de la residencia, llev\u00e1ndose a Lydia, la hermana de Elizabeth, con su marido, el desafortunado Wickham, que ha sido expulsado de los dominios de Darcy. Sin embargo, Lydia no tarda en regresar, conmocionada, gritando que su marido ha sido asesinado. Sin previo aviso, Pemberley se zambulle en un escalofriante misterio<\/p>\n<p>&nbsp;<\/p>\n<\/div>\n","protected":false},"excerpt":{"rendered":"<p>Pemberley, a\u00f1o 1803. Han pasado seis a\u00f1os desde que Elizabeth y Darcy se casaran, creando un mundo perfecto que parece invulnerable. Pero de pronto, en la v\u00edspera de un baile, todo se tuerce. Un carruaje sale a toda prisa de la residencia, llev\u00e1ndose a Lydia, la hermana de Elizabeth, con su marido, el desafortunado Wickham, [&hellip;]<\/p>\n","protected":false},"featured_media":9756,"template":"","meta":[],"product_brand":[],"product_cat":[40],"product_tag":[],"class_list":{"0":"post-9758","1":"product","2":"type-product","3":"status-publish","4":"has-post-thumbnail","6":"product_cat-policial","8":"first","9":"outofstock","10":"purchasable","11":"product-type-simple"},"featured_image_urls_v2":{"full":["https:\/\/ajupe.com.uy\/web\/wp-content\/uploads\/2021\/10\/9148.jpg",219,338,false],"thumbnail":["https:\/\/ajupe.com.uy\/web\/wp-content\/uploads\/2021\/10\/9148-150x150.jpg",150,150,true],"medium":["https:\/\/ajupe.com.uy\/web\/wp-content\/uploads\/2021\/10\/9148-194x300.jpg",194,300,true],"medium_large":["https:\/\/ajupe.com.uy\/web\/wp-content\/uploads\/2021\/10\/9148.jpg",219,338,false],"large":["https:\/\/ajupe.com.uy\/web\/wp-content\/uploads\/2021\/10\/9148.jpg",219,338,false],"1536x1536":["https:\/\/ajupe.com.uy\/web\/wp-content\/uploads\/2021\/10\/9148.jpg",219,338,false],"2048x2048":["https:\/\/ajupe.com.uy\/web\/wp-content\/uploads\/2021\/10\/9148.jpg",219,338,false],"woocommerce_archive_thumbnail":["https:\/\/ajupe.com.uy\/web\/wp-content\/uploads\/2021\/10\/9148-219x300.jpg",219,300,true],"woocommerce_thumbnail":["https:\/\/ajupe.com.uy\/web\/wp-content\/uploads\/2021\/10\/9148-219x300.jpg",219,300,true],"woocommerce_single":["https:\/\/ajupe.com.uy\/web\/wp-content\/uploads\/2021\/10\/9148.jpg",219,338,false],"woocommerce_gallery_thumbnail":["https:\/\/ajupe.com.uy\/web\/wp-content\/uploads\/2021\/10\/9148-100x100.jpg",100,100,true]},"post_excerpt_stackable_v2":"<p>Pemberley, a\u00f1o 1803. Han pasado seis a\u00f1os desde que Elizabeth y Darcy se casaran, creando un mundo perfecto que parece invulnerable. Pero de pronto, en la v\u00edspera de un baile, todo se tuerce. Un carruaje sale a toda prisa de la residencia, llev\u00e1ndose a Lydia, la hermana de Elizabeth, con su marido, el desafortunado Wickham, que ha sido expulsado de los dominios de Darcy. Sin embargo, Lydia no tarda en regresar, conmocionada, gritando que su marido ha sido asesinado. Sin previo aviso, Pemberley se zambulle en un escalofriante misterio &nbsp;<\/p>\n","category_list_v2":"","author_info_v2":{"name":"","url":""},"comments_num_v2":"0 comentarios","_links":{"self":[{"href":"https:\/\/ajupe.com.uy\/web\/wp-json\/wp\/v2\/product\/9758","targetHints":{"allow":["GET"]}}],"collection":[{"href":"https:\/\/ajupe.com.uy\/web\/wp-json\/wp\/v2\/product"}],"about":[{"href":"https:\/\/ajupe.com.uy\/web\/wp-json\/wp\/v2\/types\/product"}],"wp:featuredmedia":[{"embeddable":true,"href":"https:\/\/ajupe.com.uy\/web\/wp-json\/wp\/v2\/media\/9756"}],"wp:attachment":[{"href":"https:\/\/ajupe.com.uy\/web\/wp-json\/wp\/v2\/media?parent=9758"}],"wp:term":[{"taxonomy":"product_brand","embeddable":true,"href":"https:\/\/ajupe.com.uy\/web\/wp-json\/wp\/v2\/product_brand?post=9758"},{"taxonomy":"product_cat","embeddable":true,"href":"https:\/\/ajupe.com.uy\/web\/wp-json\/wp\/v2\/product_cat?post=9758"},{"taxonomy":"product_tag","embeddable":true,"href":"https:\/\/ajupe.com.uy\/web\/wp-json\/wp\/v2\/product_tag?post=9758"}],"curies":[{"name":"wp","href":"https:\/\/api.w.org\/{rel}","templated":true}]}}