{"id":9767,"date":"2021-10-14T17:05:03","date_gmt":"2021-10-14T20:05:03","guid":{"rendered":"http:\/\/ajupe.com.uy\/web\/?post_type=product&#038;p=9767"},"modified":"2021-10-14T17:16:38","modified_gmt":"2021-10-14T20:16:38","slug":"la-isla-de-las-mujeres-del-mar","status":"publish","type":"product","link":"https:\/\/ajupe.com.uy\/web\/biblioteca\/la-isla-de-las-mujeres-del-mar\/","title":{"rendered":"LA ISLA DE LAS MUJERES DEL MAR"},"content":{"rendered":"<div class=\"profile__text is-hidden\">\n<div class=\"text\">\n<div>\n<p>Tras seducir a lectores y cr\u00edticos de todo el mundo con\u00a0<em>El abanico de seda<\/em>\u00a0y\u00a0<em>Dos chicas de Shanghai<\/em>, Lisa See vuelve a cautivarnos con\u00a0<em>La isla de las mujeres del ma<\/em>r, una bella e introspectiva novela sobre los lazos de amistad de dos j\u00f3venes hanenyeo -mujeres buceadoras de la isla surcoreana de Jeju, cuya forma de vida ha sido reconocida por la Unesco como patrimonio de la humanidad- y las poderosas fuerzas, tanto naturales como hist\u00f3ricas, que las rodean.<\/p>\n<\/div>\n<div class=\"container-hidden\">\n<p>Kim Young-sook y Han Mi-ja empiezan su preparaci\u00f3n como haenyeo. A pesar de sus diferentes entornos familiares, pronto se hacen \u00edntimas, aprenden la t\u00e9cnica del buceo y se enfrentan juntas a las exigencias f\u00edsicas y los fracasos emocionales de su trabajo. Durante medio siglo, las dos j\u00f3venes forjar\u00e1n una s\u00f3lida relaci\u00f3n al tiempo que su vida se ver\u00e1 envuelta en acontecimientos tan tr\u00e1gicos y extraordinarios como la Segunda Guerra Mundial, la Guerra de Corea y sus secuelas, y tan inevitables como la irrupci\u00f3n de los tel\u00e9fonos m\u00f3viles y la llegada de nuevas pol\u00edticas e ideas a la isla. Sin embargo, tras sobrevivir a cientos de inmersiones y desarrollar el m\u00e1s estrecho de los v\u00ednculos, algo que escapa a su control acabar\u00e1 rompiendo su amistad.<\/p>\n<p>Narrada por la entra\u00f1able voz de Young-sook,\u00a0<em>La isla de las mujeres del mar\u00a0<\/em>es no s\u00f3lo una magn\u00edfica saga familiar con extraordinarias ramificaciones, sino tambi\u00e9n un v\u00edvido retrato del mundo singular y poco conocido de la isla de Jeju y de las atrocidades sufridas por sus moradores bajo la ocupaci\u00f3n japonesa.<\/p>\n<\/div>\n<\/div>\n<\/div>\n<div class=\"profile__social\"><a class=\"btn btn--img btn--count btn--facebook lecicon-facebook\" title=\"Compartir\" href=\"https:\/\/www.facebook.com\/sharer\/sharer.php?u=https%3A%2F%2Fwww.lecturalia.com%2Flibro%2F100366%2Fla-isla-de-las-mujeres-del-mar\" rel=\"nofollow\">Compartir<\/a> <a class=\"btn btn--img btn--count btn--twitter lecicon-twitter\" title=\"Twittear\" href=\"https:\/\/twitter.com\/intent\/tweet?text=La%20isla%20de%20las%20mujeres%20del%20mar%20en%20Lecturalia:%20https%3A%2F%2Fwww.lecturalia.com%2Flibro%2F100366%2Fla-isla-de-las-mujeres-del-mar&amp;urlhttps%3A%2F%2Fwww.lecturalia.com%2Flibro%2F100366%2Fla-isla-de-las-mujeres-del-mar&amp;via=lecturalia\" rel=\"nofollow\">Twittear<\/a><\/div>\n","protected":false},"excerpt":{"rendered":"<p>Tras seducir a lectores y cr\u00edticos de todo el mundo con\u00a0El abanico de seda\u00a0y\u00a0Dos chicas de Shanghai, Lisa See vuelve a cautivarnos con\u00a0La isla de las mujeres del mar, una bella e introspectiva novela sobre los lazos de amistad de dos j\u00f3venes hanenyeo -mujeres buceadoras de la isla surcoreana de Jeju, cuya forma de vida [&hellip;]<\/p>\n","protected":false},"featured_media":9768,"template":"","meta":[],"product_brand":[],"product_cat":[29],"product_tag":[],"class_list":{"0":"post-9767","1":"product","2":"type-product","3":"status-publish","4":"has-post-thumbnail","6":"product_cat-novela","8":"first","9":"outofstock","10":"purchasable","11":"product-type-simple"},"featured_image_urls_v2":{"full":["https:\/\/ajupe.com.uy\/web\/wp-content\/uploads\/2021\/10\/9277.jpg",219,339,false],"thumbnail":["https:\/\/ajupe.com.uy\/web\/wp-content\/uploads\/2021\/10\/9277-150x150.jpg",150,150,true],"medium":["https:\/\/ajupe.com.uy\/web\/wp-content\/uploads\/2021\/10\/9277-194x300.jpg",194,300,true],"medium_large":["https:\/\/ajupe.com.uy\/web\/wp-content\/uploads\/2021\/10\/9277.jpg",219,339,false],"large":["https:\/\/ajupe.com.uy\/web\/wp-content\/uploads\/2021\/10\/9277.jpg",219,339,false],"1536x1536":["https:\/\/ajupe.com.uy\/web\/wp-content\/uploads\/2021\/10\/9277.jpg",219,339,false],"2048x2048":["https:\/\/ajupe.com.uy\/web\/wp-content\/uploads\/2021\/10\/9277.jpg",219,339,false],"woocommerce_archive_thumbnail":["https:\/\/ajupe.com.uy\/web\/wp-content\/uploads\/2021\/10\/9277-219x300.jpg",219,300,true],"woocommerce_thumbnail":["https:\/\/ajupe.com.uy\/web\/wp-content\/uploads\/2021\/10\/9277-219x300.jpg",219,300,true],"woocommerce_single":["https:\/\/ajupe.com.uy\/web\/wp-content\/uploads\/2021\/10\/9277.jpg",219,339,false],"woocommerce_gallery_thumbnail":["https:\/\/ajupe.com.uy\/web\/wp-content\/uploads\/2021\/10\/9277-100x100.jpg",100,100,true]},"post_excerpt_stackable_v2":"<p>Tras seducir a lectores y cr\u00edticos de todo el mundo con\u00a0El abanico de seda\u00a0y\u00a0Dos chicas de Shanghai, Lisa See vuelve a cautivarnos con\u00a0La isla de las mujeres del mar, una bella e introspectiva novela sobre los lazos de amistad de dos j\u00f3venes hanenyeo -mujeres buceadoras de la isla surcoreana de Jeju, cuya forma de vida ha sido reconocida por la Unesco como patrimonio de la humanidad- y las poderosas fuerzas, tanto naturales como hist\u00f3ricas, que las rodean. Kim Young-sook y Han Mi-ja empiezan su preparaci\u00f3n como haenyeo. A pesar de sus diferentes entornos familiares, pronto se hacen \u00edntimas, aprenden la&hellip;<\/p>\n","category_list_v2":"","author_info_v2":{"name":"","url":""},"comments_num_v2":"0 comentarios","_links":{"self":[{"href":"https:\/\/ajupe.com.uy\/web\/wp-json\/wp\/v2\/product\/9767","targetHints":{"allow":["GET"]}}],"collection":[{"href":"https:\/\/ajupe.com.uy\/web\/wp-json\/wp\/v2\/product"}],"about":[{"href":"https:\/\/ajupe.com.uy\/web\/wp-json\/wp\/v2\/types\/product"}],"wp:featuredmedia":[{"embeddable":true,"href":"https:\/\/ajupe.com.uy\/web\/wp-json\/wp\/v2\/media\/9768"}],"wp:attachment":[{"href":"https:\/\/ajupe.com.uy\/web\/wp-json\/wp\/v2\/media?parent=9767"}],"wp:term":[{"taxonomy":"product_brand","embeddable":true,"href":"https:\/\/ajupe.com.uy\/web\/wp-json\/wp\/v2\/product_brand?post=9767"},{"taxonomy":"product_cat","embeddable":true,"href":"https:\/\/ajupe.com.uy\/web\/wp-json\/wp\/v2\/product_cat?post=9767"},{"taxonomy":"product_tag","embeddable":true,"href":"https:\/\/ajupe.com.uy\/web\/wp-json\/wp\/v2\/product_tag?post=9767"}],"curies":[{"name":"wp","href":"https:\/\/api.w.org\/{rel}","templated":true}]}}