{"id":9773,"date":"2021-10-14T17:28:17","date_gmt":"2021-10-14T20:28:17","guid":{"rendered":"http:\/\/ajupe.com.uy\/web\/?post_type=product&#038;p=9773"},"modified":"2021-10-14T17:48:32","modified_gmt":"2021-10-14T20:48:32","slug":"aquitania","status":"publish","type":"product","link":"https:\/\/ajupe.com.uy\/web\/biblioteca\/aquitania\/","title":{"rendered":"AQUITANIA"},"content":{"rendered":"<div>\n<p><strong>PREMIO PLANETA 2020<\/strong><\/p>\n<div class=\"promo promo--cab-mov\">\n<div id=\"div-gpt-ad-cabecera-sup-mov\"><strong style=\"line-height: 1.5;\">Un poderoso\u00a0<em>thriller<\/em>\u00a0hist\u00f3rico que atraviesa un siglo repleto de venganzas, incestos y batallas.<\/strong><\/div>\n<\/div>\n<\/div>\n<div class=\"container-hidden\">\n<p><strong>\u00abAct\u00faa como un le\u00f3n. Arremete como un \u00e1guila. Ejecuta como un escorpi\u00f3n.\u00bb<\/strong><\/p>\n<p>1137. El duque de Aquitania \u2014la regi\u00f3n m\u00e1s codiciada de Francia\u2014 aparece muerto en Compostela. El cuerpo queda de color azul y con la marca del \u00ab\u00e1guila de sangre\u00bb, una ancestral tortura normanda. Su hija Eleanor decide vengarse y para ello se casa con el hijo del que cree su asesino: Luy VI el Gordo, rey de Francia.<\/p>\n<p>Pero el propio rey muere durante la boda en id\u00e9nticas circunstancias. Eleanor y Luy VII intentar\u00e1n averiguar, junto con los gatos aquitanos \u2014los \u00e9picos esp\u00edas de los duques\u2014, qui\u00e9n quiere a los inexpertos reyes en el trono.<\/p>\n<p>D\u00e9cadas antes de la muerte del duque de Aquitania, un ni\u00f1o sin nombre es abandonado en un bosque por sus cinco madres. Acaso un monstruo, o tal vez un santo, el peque\u00f1o superviviente acabar\u00e1 convirti\u00e9ndose en uno de los hombres m\u00e1s excepcionales del medievo europeo.<\/p>\n<p><strong>Un cautivador\u00a0<em>thriller<\/em>\u00a0hist\u00f3rico que atraviesa un siglo repleto de\u00a0venganzas, incestos y batallas. Un turbador misterio en torno a\u00a0<\/strong><strong>tres vidas que forjar\u00e1n lo que m\u00e1s tarde se llamar\u00e1 Europa.\u00a0<\/strong><\/p>\n<\/div>\n","protected":false},"excerpt":{"rendered":"<p>PREMIO PLANETA 2020 Un poderoso\u00a0thriller\u00a0hist\u00f3rico que atraviesa un siglo repleto de venganzas, incestos y batallas. \u00abAct\u00faa como un le\u00f3n. Arremete como un \u00e1guila. Ejecuta como un escorpi\u00f3n.\u00bb 1137. El duque de Aquitania \u2014la regi\u00f3n m\u00e1s codiciada de Francia\u2014 aparece muerto en Compostela. El cuerpo queda de color azul y con la marca del \u00ab\u00e1guila de [&hellip;]<\/p>\n","protected":false},"featured_media":9774,"template":"","meta":[],"product_brand":[],"product_cat":[48],"product_tag":[],"class_list":{"0":"post-9773","1":"product","2":"type-product","3":"status-publish","4":"has-post-thumbnail","6":"product_cat-thrillers","8":"first","9":"outofstock","10":"purchasable","11":"product-type-simple"},"featured_image_urls_v2":{"full":["https:\/\/ajupe.com.uy\/web\/wp-content\/uploads\/2021\/10\/9274.jpg",221,336,false],"thumbnail":["https:\/\/ajupe.com.uy\/web\/wp-content\/uploads\/2021\/10\/9274-150x150.jpg",150,150,true],"medium":["https:\/\/ajupe.com.uy\/web\/wp-content\/uploads\/2021\/10\/9274-197x300.jpg",197,300,true],"medium_large":["https:\/\/ajupe.com.uy\/web\/wp-content\/uploads\/2021\/10\/9274.jpg",221,336,false],"large":["https:\/\/ajupe.com.uy\/web\/wp-content\/uploads\/2021\/10\/9274.jpg",221,336,false],"1536x1536":["https:\/\/ajupe.com.uy\/web\/wp-content\/uploads\/2021\/10\/9274.jpg",221,336,false],"2048x2048":["https:\/\/ajupe.com.uy\/web\/wp-content\/uploads\/2021\/10\/9274.jpg",221,336,false],"woocommerce_archive_thumbnail":["https:\/\/ajupe.com.uy\/web\/wp-content\/uploads\/2021\/10\/9274-221x300.jpg",221,300,true],"woocommerce_thumbnail":["https:\/\/ajupe.com.uy\/web\/wp-content\/uploads\/2021\/10\/9274-221x300.jpg",221,300,true],"woocommerce_single":["https:\/\/ajupe.com.uy\/web\/wp-content\/uploads\/2021\/10\/9274.jpg",221,336,false],"woocommerce_gallery_thumbnail":["https:\/\/ajupe.com.uy\/web\/wp-content\/uploads\/2021\/10\/9274-100x100.jpg",100,100,true]},"post_excerpt_stackable_v2":"<p>PREMIO PLANETA 2020 Un poderoso\u00a0thriller\u00a0hist\u00f3rico que atraviesa un siglo repleto de venganzas, incestos y batallas. \u00abAct\u00faa como un le\u00f3n. Arremete como un \u00e1guila. Ejecuta como un escorpi\u00f3n.\u00bb 1137. El duque de Aquitania \u2014la regi\u00f3n m\u00e1s codiciada de Francia\u2014 aparece muerto en Compostela. El cuerpo queda de color azul y con la marca del \u00ab\u00e1guila de sangre\u00bb, una ancestral tortura normanda. Su hija Eleanor decide vengarse y para ello se casa con el hijo del que cree su asesino: Luy VI el Gordo, rey de Francia. Pero el propio rey muere durante la boda en id\u00e9nticas circunstancias. Eleanor y Luy VII&hellip;<\/p>\n","category_list_v2":"","author_info_v2":{"name":"","url":""},"comments_num_v2":"0 comentarios","_links":{"self":[{"href":"https:\/\/ajupe.com.uy\/web\/wp-json\/wp\/v2\/product\/9773","targetHints":{"allow":["GET"]}}],"collection":[{"href":"https:\/\/ajupe.com.uy\/web\/wp-json\/wp\/v2\/product"}],"about":[{"href":"https:\/\/ajupe.com.uy\/web\/wp-json\/wp\/v2\/types\/product"}],"wp:featuredmedia":[{"embeddable":true,"href":"https:\/\/ajupe.com.uy\/web\/wp-json\/wp\/v2\/media\/9774"}],"wp:attachment":[{"href":"https:\/\/ajupe.com.uy\/web\/wp-json\/wp\/v2\/media?parent=9773"}],"wp:term":[{"taxonomy":"product_brand","embeddable":true,"href":"https:\/\/ajupe.com.uy\/web\/wp-json\/wp\/v2\/product_brand?post=9773"},{"taxonomy":"product_cat","embeddable":true,"href":"https:\/\/ajupe.com.uy\/web\/wp-json\/wp\/v2\/product_cat?post=9773"},{"taxonomy":"product_tag","embeddable":true,"href":"https:\/\/ajupe.com.uy\/web\/wp-json\/wp\/v2\/product_tag?post=9773"}],"curies":[{"name":"wp","href":"https:\/\/api.w.org\/{rel}","templated":true}]}}