{"id":978,"date":"2010-07-14T00:00:00","date_gmt":"2010-07-14T03:00:00","guid":{"rendered":"http:\/\/ajupe.com.uy\/web\/?post_type=product&#038;p=978"},"modified":"2011-09-22T18:35:58","modified_gmt":"2011-09-22T21:35:58","slug":"el-crucero-de-la-muerte","status":"publish","type":"product","link":"https:\/\/ajupe.com.uy\/web\/biblioteca\/el-crucero-de-la-muerte\/","title":{"rendered":"El crucero de la muerte"},"content":{"rendered":"<p>\u00bfExiste un escenario para un relato policial m\u00e1s rom\u00e1ntico y sugerente que un barco en alta mar? S\u00fabase a bordo de cualquiera y sentir\u00e1 de inmediato un aura de aventura y misterio. Los cuentos aqu\u00ed obtenidos ofrecen una amplia variedad de estilos y contenidos, desde la cl\u00e1sica historia de detectives de Agatha Christie, hasta la del duro de turno, como la de Jeremiah Healy. Escrito por miembros de la Internacional Association of Crime Writers, una fraternidad global de escritores de libros policiales, esta colecci\u00f3n de relatos atractivos es ingeniosos tiene distintos or\u00edgenes: B\u00e9lgica, Dinamarca, Cuba, Brasil, Inglaterra, Alemania, Espa\u00f1a, Francia y Estados Unidos.<\/p>\n","protected":false},"excerpt":{"rendered":"<p>\u00bfExiste un escenario para un relato policial m\u00e1s rom\u00e1ntico y sugerente que un barco en alta mar? S\u00fabase a bordo de cualquiera y sentir\u00e1 de inmediato un aura de aventura y misterio. Los cuentos aqu\u00ed obtenidos ofrecen una amplia variedad de estilos y conten<\/p>\n","protected":false},"featured_media":979,"template":"","meta":[],"product_brand":[264],"product_cat":[30],"product_tag":[],"class_list":{"0":"post-978","1":"product","2":"type-product","3":"status-publish","4":"has-post-thumbnail","6":"product_brand-lawrence-block-compilador","7":"product_cat-suspenso","9":"first","10":"instock","11":"purchasable","12":"product-type-simple"},"featured_image_urls_v2":{"full":["https:\/\/ajupe.com.uy\/web\/wp-content\/uploads\/2016\/04\/p-978-6010.jpg",363,549,false],"thumbnail":["https:\/\/ajupe.com.uy\/web\/wp-content\/uploads\/2016\/04\/p-978-6010.jpg",150,150,true],"medium":["https:\/\/ajupe.com.uy\/web\/wp-content\/uploads\/2016\/04\/p-978-6010.jpg",300,214,true],"medium_large":["https:\/\/ajupe.com.uy\/web\/wp-content\/uploads\/2016\/04\/p-978-6010.jpg",363,549,false],"large":["https:\/\/ajupe.com.uy\/web\/wp-content\/uploads\/2016\/04\/p-978-6010.jpg",363,549,false],"1536x1536":["https:\/\/ajupe.com.uy\/web\/wp-content\/uploads\/2016\/04\/p-978-6010.jpg",363,549,false],"2048x2048":["https:\/\/ajupe.com.uy\/web\/wp-content\/uploads\/2016\/04\/p-978-6010.jpg",363,549,false],"woocommerce_archive_thumbnail":["https:\/\/ajupe.com.uy\/web\/wp-content\/uploads\/2016\/04\/p-978-6010-300x450.jpg",300,450,true],"woocommerce_thumbnail":["https:\/\/ajupe.com.uy\/web\/wp-content\/uploads\/2016\/04\/p-978-6010-300x300.jpg",300,300,true],"woocommerce_single":["https:\/\/ajupe.com.uy\/web\/wp-content\/uploads\/2016\/04\/p-978-6010-300x454.jpg",300,454,true],"woocommerce_gallery_thumbnail":["https:\/\/ajupe.com.uy\/web\/wp-content\/uploads\/2016\/04\/p-978-6010-100x100.jpg",100,100,true]},"post_excerpt_stackable_v2":"<p>\u00bfExiste un escenario para un relato policial m\u00e1s rom\u00e1ntico y sugerente que un barco en alta mar? S\u00fabase a bordo de cualquiera y sentir\u00e1 de inmediato un aura de aventura y misterio. Los cuentos aqu\u00ed obtenidos ofrecen una amplia variedad de estilos y conten<\/p>\n","category_list_v2":"","author_info_v2":{"name":"","url":""},"comments_num_v2":"0 comentarios","_links":{"self":[{"href":"https:\/\/ajupe.com.uy\/web\/wp-json\/wp\/v2\/product\/978","targetHints":{"allow":["GET"]}}],"collection":[{"href":"https:\/\/ajupe.com.uy\/web\/wp-json\/wp\/v2\/product"}],"about":[{"href":"https:\/\/ajupe.com.uy\/web\/wp-json\/wp\/v2\/types\/product"}],"wp:featuredmedia":[{"embeddable":true,"href":"https:\/\/ajupe.com.uy\/web\/wp-json\/wp\/v2\/media\/979"}],"wp:attachment":[{"href":"https:\/\/ajupe.com.uy\/web\/wp-json\/wp\/v2\/media?parent=978"}],"wp:term":[{"taxonomy":"product_brand","embeddable":true,"href":"https:\/\/ajupe.com.uy\/web\/wp-json\/wp\/v2\/product_brand?post=978"},{"taxonomy":"product_cat","embeddable":true,"href":"https:\/\/ajupe.com.uy\/web\/wp-json\/wp\/v2\/product_cat?post=978"},{"taxonomy":"product_tag","embeddable":true,"href":"https:\/\/ajupe.com.uy\/web\/wp-json\/wp\/v2\/product_tag?post=978"}],"curies":[{"name":"wp","href":"https:\/\/api.w.org\/{rel}","templated":true}]}}