{"id":9793,"date":"2021-10-14T18:17:57","date_gmt":"2021-10-14T21:17:57","guid":{"rendered":"http:\/\/ajupe.com.uy\/web\/?post_type=product&#038;p=9793"},"modified":"2021-10-14T18:37:21","modified_gmt":"2021-10-14T21:37:21","slug":"el-apartamento","status":"publish","type":"product","link":"https:\/\/ajupe.com.uy\/web\/biblioteca\/el-apartamento\/","title":{"rendered":"EL APARTAMENTO"},"content":{"rendered":"<div>\n<p><strong>Amistad, risas, amor y sue\u00f1os por cumplir en esta novela de la reina de la narrativa femenina: Danielle Steel.<\/strong><\/p>\n<div class=\"promo promo--cab-mov\">\n<div id=\"div-gpt-ad-cabecera-sup-mov\"><\/div>\n<\/div>\n<p>La joven dise\u00f1adora de zapatos\u00a0<strong>Claire Kelly<\/strong>\u00a0ha encontrado el apartamento perfecto en Manhattan: un loft permanentemente ba\u00f1ado por una encantadora luz natural. El \u00fanico problema es su precio. Para poder permit\u00edrselo va a tener que compartirlo&#8230; Y lo har\u00e1 con\u00a0<strong>Abby Williams<\/strong>, una escritora que trata de abrirse camino lejos de su familia;\u00a0<strong>Morgan Shelby<\/strong>, una consultora de finanzas de Wall Street al\u00e9rgica al matrimonio, y\u00a0<strong>Sasha Hartman<\/strong>, una ginec\u00f3loga en pr\u00e1cticas cuya hermana gemela es supermodelo.<\/p>\n<\/div>\n<div class=\"container-hidden\">\n<p>Las cuatro est\u00e1n en ese punto de la vida en el que a\u00fan todo est\u00e1 por estrenar y cualquier cosa es posible. El apartamento no tardar\u00e1 en convertirse en un hogar para ellas. Un hogar desde el que har\u00e1n frente a nuevas oportunidades y desaf\u00edos que alterar\u00e1n el curso de sus vidas y desde el que demostrar\u00e1n que su amistad es todav\u00eda m\u00e1s s\u00f3lida que las paredes que las rodean.<\/p>\n<\/div>\n<p>&nbsp;<\/p>\n","protected":false},"excerpt":{"rendered":"<p>Amistad, risas, amor y sue\u00f1os por cumplir en esta novela de la reina de la narrativa femenina: Danielle Steel. La joven dise\u00f1adora de zapatos\u00a0Claire Kelly\u00a0ha encontrado el apartamento perfecto en Manhattan: un loft permanentemente ba\u00f1ado por una encantadora luz natural. El \u00fanico problema es su precio. Para poder permit\u00edrselo va a tener que compartirlo&#8230; Y [&hellip;]<\/p>\n","protected":false},"featured_media":9784,"template":"","meta":[],"product_brand":[],"product_cat":[29],"product_tag":[],"class_list":{"0":"post-9793","1":"product","2":"type-product","3":"status-publish","4":"has-post-thumbnail","6":"product_cat-novela","8":"first","9":"outofstock","10":"purchasable","11":"product-type-simple"},"featured_image_urls_v2":{"full":["https:\/\/ajupe.com.uy\/web\/wp-content\/uploads\/2021\/10\/9269.jpg",182,281,false],"thumbnail":["https:\/\/ajupe.com.uy\/web\/wp-content\/uploads\/2021\/10\/9269-150x150.jpg",150,150,true],"medium":["https:\/\/ajupe.com.uy\/web\/wp-content\/uploads\/2021\/10\/9269.jpg",182,281,false],"medium_large":["https:\/\/ajupe.com.uy\/web\/wp-content\/uploads\/2021\/10\/9269.jpg",182,281,false],"large":["https:\/\/ajupe.com.uy\/web\/wp-content\/uploads\/2021\/10\/9269.jpg",182,281,false],"1536x1536":["https:\/\/ajupe.com.uy\/web\/wp-content\/uploads\/2021\/10\/9269.jpg",182,281,false],"2048x2048":["https:\/\/ajupe.com.uy\/web\/wp-content\/uploads\/2021\/10\/9269.jpg",182,281,false],"woocommerce_archive_thumbnail":["https:\/\/ajupe.com.uy\/web\/wp-content\/uploads\/2021\/10\/9269.jpg",182,281,false],"woocommerce_thumbnail":["https:\/\/ajupe.com.uy\/web\/wp-content\/uploads\/2021\/10\/9269.jpg",182,281,false],"woocommerce_single":["https:\/\/ajupe.com.uy\/web\/wp-content\/uploads\/2021\/10\/9269.jpg",182,281,false],"woocommerce_gallery_thumbnail":["https:\/\/ajupe.com.uy\/web\/wp-content\/uploads\/2021\/10\/9269-100x100.jpg",100,100,true]},"post_excerpt_stackable_v2":"<p>Amistad, risas, amor y sue\u00f1os por cumplir en esta novela de la reina de la narrativa femenina: Danielle Steel. La joven dise\u00f1adora de zapatos\u00a0Claire Kelly\u00a0ha encontrado el apartamento perfecto en Manhattan: un loft permanentemente ba\u00f1ado por una encantadora luz natural. El \u00fanico problema es su precio. Para poder permit\u00edrselo va a tener que compartirlo&#8230; Y lo har\u00e1 con\u00a0Abby Williams, una escritora que trata de abrirse camino lejos de su familia;\u00a0Morgan Shelby, una consultora de finanzas de Wall Street al\u00e9rgica al matrimonio, y\u00a0Sasha Hartman, una ginec\u00f3loga en pr\u00e1cticas cuya hermana gemela es supermodelo. Las cuatro est\u00e1n en ese punto de la&hellip;<\/p>\n","category_list_v2":"","author_info_v2":{"name":"","url":""},"comments_num_v2":"0 comentarios","_links":{"self":[{"href":"https:\/\/ajupe.com.uy\/web\/wp-json\/wp\/v2\/product\/9793","targetHints":{"allow":["GET"]}}],"collection":[{"href":"https:\/\/ajupe.com.uy\/web\/wp-json\/wp\/v2\/product"}],"about":[{"href":"https:\/\/ajupe.com.uy\/web\/wp-json\/wp\/v2\/types\/product"}],"wp:featuredmedia":[{"embeddable":true,"href":"https:\/\/ajupe.com.uy\/web\/wp-json\/wp\/v2\/media\/9784"}],"wp:attachment":[{"href":"https:\/\/ajupe.com.uy\/web\/wp-json\/wp\/v2\/media?parent=9793"}],"wp:term":[{"taxonomy":"product_brand","embeddable":true,"href":"https:\/\/ajupe.com.uy\/web\/wp-json\/wp\/v2\/product_brand?post=9793"},{"taxonomy":"product_cat","embeddable":true,"href":"https:\/\/ajupe.com.uy\/web\/wp-json\/wp\/v2\/product_cat?post=9793"},{"taxonomy":"product_tag","embeddable":true,"href":"https:\/\/ajupe.com.uy\/web\/wp-json\/wp\/v2\/product_tag?post=9793"}],"curies":[{"name":"wp","href":"https:\/\/api.w.org\/{rel}","templated":true}]}}