{"id":980,"date":"2010-07-14T00:00:00","date_gmt":"2010-07-14T03:00:00","guid":{"rendered":"http:\/\/ajupe.com.uy\/web\/?post_type=product&#038;p=980"},"modified":"2011-09-16T18:20:09","modified_gmt":"2011-09-16T21:20:09","slug":"la-novia-de-matisse","status":"publish","type":"product","link":"https:\/\/ajupe.com.uy\/web\/biblioteca\/la-novia-de-matisse\/","title":{"rendered":"La novia de Matisse"},"content":{"rendered":"<p>El mundo de la pintura, de los marchantes, de los coleccionistas y ladrones de museos es un laberinto fascinante regido por el poder de la belleza que puede salvar o destruir a cualquier amante. La energ\u00eda de una obra de arte nunca desaparece, s\u00f3lo se transforma. \u00bfEn qu\u00e9 cambiar\u00eda La Piedad de Miguel \u00c1ngel si en lugar de ser venerada en la bas\u00edlica de San Pedro fuera admirada en el Louvre? Pero la belleza tambi\u00e9n arrastra maleficios, sobre todo cuando te obliga a vivir m\u00e1s all\u00e1 de la propia seducci\u00f3n. Sobre el desnudo de la adolescente que contempla la danza en el cuadro La alegr\u00eda de vivir, de Matisse, he elaborado la historia amorosa de una mujer cuyo destino consiste en unir la belleza, el placer y la inmortalidad en un instante feliz que est\u00e1 tambi\u00e9n al alcance de cualquier lector.<\/p>\n","protected":false},"excerpt":{"rendered":"<p>El mundo de la pintura, de los marchantes, de los coleccionistas y ladrones de museos es un laberinto fascinante regido por el poder de la belleza que puede salvar o destruir a cualquier amante. La energ\u00eda de una obra de arte nunca desaparece, s\u00f3lo se tra<\/p>\n","protected":false},"featured_media":981,"template":"","meta":[],"product_brand":[265],"product_cat":[38,29],"product_tag":[],"class_list":{"0":"post-980","1":"product","2":"type-product","3":"status-publish","4":"has-post-thumbnail","6":"product_brand-manuel-vicent","7":"product_cat-amor","8":"product_cat-novela","10":"first","11":"instock","12":"purchasable","13":"product-type-simple"},"featured_image_urls_v2":{"full":["https:\/\/ajupe.com.uy\/web\/wp-content\/uploads\/2016\/04\/p-980-6011.jpg",360,592,false],"thumbnail":["https:\/\/ajupe.com.uy\/web\/wp-content\/uploads\/2016\/04\/p-980-6011.jpg",150,150,true],"medium":["https:\/\/ajupe.com.uy\/web\/wp-content\/uploads\/2016\/04\/p-980-6011.jpg",300,214,true],"medium_large":["https:\/\/ajupe.com.uy\/web\/wp-content\/uploads\/2016\/04\/p-980-6011.jpg",360,592,false],"large":["https:\/\/ajupe.com.uy\/web\/wp-content\/uploads\/2016\/04\/p-980-6011.jpg",360,592,false],"1536x1536":["https:\/\/ajupe.com.uy\/web\/wp-content\/uploads\/2016\/04\/p-980-6011.jpg",360,592,false],"2048x2048":["https:\/\/ajupe.com.uy\/web\/wp-content\/uploads\/2016\/04\/p-980-6011.jpg",360,592,false],"woocommerce_archive_thumbnail":["https:\/\/ajupe.com.uy\/web\/wp-content\/uploads\/2016\/04\/p-980-6011-300x450.jpg",300,450,true],"woocommerce_thumbnail":["https:\/\/ajupe.com.uy\/web\/wp-content\/uploads\/2016\/04\/p-980-6011-300x300.jpg",300,300,true],"woocommerce_single":["https:\/\/ajupe.com.uy\/web\/wp-content\/uploads\/2016\/04\/p-980-6011-300x493.jpg",300,493,true],"woocommerce_gallery_thumbnail":["https:\/\/ajupe.com.uy\/web\/wp-content\/uploads\/2016\/04\/p-980-6011-100x100.jpg",100,100,true]},"post_excerpt_stackable_v2":"<p>El mundo de la pintura, de los marchantes, de los coleccionistas y ladrones de museos es un laberinto fascinante regido por el poder de la belleza que puede salvar o destruir a cualquier amante. La energ\u00eda de una obra de arte nunca desaparece, s\u00f3lo se tra<\/p>\n","category_list_v2":"","author_info_v2":{"name":"","url":""},"comments_num_v2":"0 comentarios","_links":{"self":[{"href":"https:\/\/ajupe.com.uy\/web\/wp-json\/wp\/v2\/product\/980","targetHints":{"allow":["GET"]}}],"collection":[{"href":"https:\/\/ajupe.com.uy\/web\/wp-json\/wp\/v2\/product"}],"about":[{"href":"https:\/\/ajupe.com.uy\/web\/wp-json\/wp\/v2\/types\/product"}],"wp:featuredmedia":[{"embeddable":true,"href":"https:\/\/ajupe.com.uy\/web\/wp-json\/wp\/v2\/media\/981"}],"wp:attachment":[{"href":"https:\/\/ajupe.com.uy\/web\/wp-json\/wp\/v2\/media?parent=980"}],"wp:term":[{"taxonomy":"product_brand","embeddable":true,"href":"https:\/\/ajupe.com.uy\/web\/wp-json\/wp\/v2\/product_brand?post=980"},{"taxonomy":"product_cat","embeddable":true,"href":"https:\/\/ajupe.com.uy\/web\/wp-json\/wp\/v2\/product_cat?post=980"},{"taxonomy":"product_tag","embeddable":true,"href":"https:\/\/ajupe.com.uy\/web\/wp-json\/wp\/v2\/product_tag?post=980"}],"curies":[{"name":"wp","href":"https:\/\/api.w.org\/{rel}","templated":true}]}}