{"id":9800,"date":"2021-10-15T17:26:14","date_gmt":"2021-10-15T20:26:14","guid":{"rendered":"http:\/\/ajupe.com.uy\/web\/?post_type=product&#038;p=9800"},"modified":"2021-10-15T17:30:45","modified_gmt":"2021-10-15T20:30:45","slug":"no-llores-por-un-beso","status":"publish","type":"product","link":"https:\/\/ajupe.com.uy\/web\/biblioteca\/no-llores-por-un-beso\/","title":{"rendered":"NO LLORES POR UN BESO"},"content":{"rendered":"<div>\n<p><strong>La extraordinaria nueva novela de Mary<\/strong>\u00a0<strong>Higgins Clark<\/strong><\/p>\n<p><strong style=\"line-height: 1.5;\">Vuelve la reina del suspense<\/strong><\/p>\n<\/div>\n<div class=\"container-hidden\">\n<p>La periodista Gina Kane recibe un correo electr\u00f3nico de una tal \u00abCRyan\u00bb describiendo la \u00abterrible experiencia\u00bb que vivi\u00f3 mientras trabajaba en la famosa cadena de noticias REL News. \u00abY no me pas\u00f3 solo a m\u00ed\u00bb, afirma. Gina intenta ponerse en contacto con Ryan, pero, cuando esta no responde a sus mensajes, descubre que la joven ha muerto en un tr\u00e1gico (y extra\u00f1o) accidente.<\/p>\n<p>Michael Carter, un abogado que trabaja para REL News, se encuentra en una situaci\u00f3n muy inc\u00f3moda: varias empleadas han sufrido acoso sexual por parte del presentador estrella de la cadena, y ahora Carter tiene que comprar su silencio. Es una estrategia arriesgada, pero, si juega bien sus cartas, podr\u00eda acabar haci\u00e9ndose rico.<\/p>\n<p>Con la fecha de salida a Bolsa de la empresa cada vez m\u00e1s cerca, los intentos de Carter de impedir que el esc\u00e1ndalo se haga p\u00fablico son solo comparables a la f\u00e9rrea determinaci\u00f3n de Gina Kane de conseguir que todo salga a la luz. Sin embargo, tras la aparici\u00f3n de nuevas v\u00edctimas, no tardar\u00e1 en darse cuenta de que alguien est\u00e1 dispuesto a casi cualquier cosa para mantener la verdad en las sombras&#8230;<\/p>\n<\/div>\n","protected":false},"excerpt":{"rendered":"<p>La extraordinaria nueva novela de Mary\u00a0Higgins Clark Vuelve la reina del suspense La periodista Gina Kane recibe un correo electr\u00f3nico de una tal \u00abCRyan\u00bb describiendo la \u00abterrible experiencia\u00bb que vivi\u00f3 mientras trabajaba en la famosa cadena de noticias REL News. \u00abY no me pas\u00f3 solo a m\u00ed\u00bb, afirma. Gina intenta ponerse en contacto con Ryan, [&hellip;]<\/p>\n","protected":false},"featured_media":9778,"template":"","meta":[],"product_brand":[],"product_cat":[40,30],"product_tag":[],"class_list":{"0":"post-9800","1":"product","2":"type-product","3":"status-publish","4":"has-post-thumbnail","6":"product_cat-policial","7":"product_cat-suspenso","9":"first","10":"outofstock","11":"purchasable","12":"product-type-simple"},"featured_image_urls_v2":{"full":["https:\/\/ajupe.com.uy\/web\/wp-content\/uploads\/2021\/10\/9263.jpg",226,338,false],"thumbnail":["https:\/\/ajupe.com.uy\/web\/wp-content\/uploads\/2021\/10\/9263-150x150.jpg",150,150,true],"medium":["https:\/\/ajupe.com.uy\/web\/wp-content\/uploads\/2021\/10\/9263-201x300.jpg",201,300,true],"medium_large":["https:\/\/ajupe.com.uy\/web\/wp-content\/uploads\/2021\/10\/9263.jpg",226,338,false],"large":["https:\/\/ajupe.com.uy\/web\/wp-content\/uploads\/2021\/10\/9263.jpg",226,338,false],"1536x1536":["https:\/\/ajupe.com.uy\/web\/wp-content\/uploads\/2021\/10\/9263.jpg",226,338,false],"2048x2048":["https:\/\/ajupe.com.uy\/web\/wp-content\/uploads\/2021\/10\/9263.jpg",226,338,false],"woocommerce_archive_thumbnail":["https:\/\/ajupe.com.uy\/web\/wp-content\/uploads\/2021\/10\/9263-226x300.jpg",226,300,true],"woocommerce_thumbnail":["https:\/\/ajupe.com.uy\/web\/wp-content\/uploads\/2021\/10\/9263-226x300.jpg",226,300,true],"woocommerce_single":["https:\/\/ajupe.com.uy\/web\/wp-content\/uploads\/2021\/10\/9263.jpg",226,338,false],"woocommerce_gallery_thumbnail":["https:\/\/ajupe.com.uy\/web\/wp-content\/uploads\/2021\/10\/9263-100x100.jpg",100,100,true]},"post_excerpt_stackable_v2":"<p>La extraordinaria nueva novela de Mary\u00a0Higgins Clark Vuelve la reina del suspense La periodista Gina Kane recibe un correo electr\u00f3nico de una tal \u00abCRyan\u00bb describiendo la \u00abterrible experiencia\u00bb que vivi\u00f3 mientras trabajaba en la famosa cadena de noticias REL News. \u00abY no me pas\u00f3 solo a m\u00ed\u00bb, afirma. Gina intenta ponerse en contacto con Ryan, pero, cuando esta no responde a sus mensajes, descubre que la joven ha muerto en un tr\u00e1gico (y extra\u00f1o) accidente. Michael Carter, un abogado que trabaja para REL News, se encuentra en una situaci\u00f3n muy inc\u00f3moda: varias empleadas han sufrido acoso sexual por parte del&hellip;<\/p>\n","category_list_v2":"","author_info_v2":{"name":"","url":""},"comments_num_v2":"0 comentarios","_links":{"self":[{"href":"https:\/\/ajupe.com.uy\/web\/wp-json\/wp\/v2\/product\/9800","targetHints":{"allow":["GET"]}}],"collection":[{"href":"https:\/\/ajupe.com.uy\/web\/wp-json\/wp\/v2\/product"}],"about":[{"href":"https:\/\/ajupe.com.uy\/web\/wp-json\/wp\/v2\/types\/product"}],"wp:featuredmedia":[{"embeddable":true,"href":"https:\/\/ajupe.com.uy\/web\/wp-json\/wp\/v2\/media\/9778"}],"wp:attachment":[{"href":"https:\/\/ajupe.com.uy\/web\/wp-json\/wp\/v2\/media?parent=9800"}],"wp:term":[{"taxonomy":"product_brand","embeddable":true,"href":"https:\/\/ajupe.com.uy\/web\/wp-json\/wp\/v2\/product_brand?post=9800"},{"taxonomy":"product_cat","embeddable":true,"href":"https:\/\/ajupe.com.uy\/web\/wp-json\/wp\/v2\/product_cat?post=9800"},{"taxonomy":"product_tag","embeddable":true,"href":"https:\/\/ajupe.com.uy\/web\/wp-json\/wp\/v2\/product_tag?post=9800"}],"curies":[{"name":"wp","href":"https:\/\/api.w.org\/{rel}","templated":true}]}}