{"id":9846,"date":"2021-10-18T14:18:36","date_gmt":"2021-10-18T17:18:36","guid":{"rendered":"http:\/\/ajupe.com.uy\/web\/?post_type=product&#038;p=9846"},"modified":"2021-10-18T14:22:13","modified_gmt":"2021-10-18T17:22:13","slug":"el-libro-del-te","status":"publish","type":"product","link":"https:\/\/ajupe.com.uy\/web\/biblioteca\/el-libro-del-te\/","title":{"rendered":"EL LIBRO DEL T\u00c9"},"content":{"rendered":"<div>El Libro del t\u00e9 es una exquisita introducci\u00f3n a la historia, la filosof\u00eda y la pr\u00e1ctica de la ceremonia japonesa del t\u00e9, el ritual zen por excelencia.<\/p>\n<div class=\"promo promo--cab-mov\">\n<div id=\"div-gpt-ad-cabecera-sup-mov\"><span style=\"line-height: 1.5;\">Preparar un t\u00e9 requiere una atenci\u00f3n especial por los detalles. La armon\u00eda de cada uno de los movimientos, el equilibrio de aromas y sabores, la atm\u00f3sfera de respeto y amistad generan un efecto est\u00e9tico y un estado espiritual de incomparable belleza y serenidad.<\/span><\/div>\n<\/div>\n<\/div>\n<div class=\"container-hidden\">Convertida ya en un cl\u00e1sico de nuestro tiempo, esta obra es una de las puertas de acceso a la tradici\u00f3n del pensamiento oriental.<\/div>\n","protected":false},"excerpt":{"rendered":"<p>El Libro del t\u00e9 es una exquisita introducci\u00f3n a la historia, la filosof\u00eda y la pr\u00e1ctica de la ceremonia japonesa del t\u00e9, el ritual zen por excelencia. Preparar un t\u00e9 requiere una atenci\u00f3n especial por los detalles. La armon\u00eda de cada uno de los movimientos, el equilibrio de aromas y sabores, la atm\u00f3sfera de respeto [&hellip;]<\/p>\n","protected":false},"featured_media":9822,"template":"","meta":[],"product_brand":[],"product_cat":[35,31,34],"product_tag":[],"class_list":{"0":"post-9846","1":"product","2":"type-product","3":"status-publish","4":"has-post-thumbnail","6":"product_cat-filosofico","7":"product_cat-historico","8":"product_cat-otros","10":"first","11":"outofstock","12":"purchasable","13":"product-type-simple"},"featured_image_urls_v2":{"full":["https:\/\/ajupe.com.uy\/web\/wp-content\/uploads\/2021\/10\/9247.jpg",202,266,false],"thumbnail":["https:\/\/ajupe.com.uy\/web\/wp-content\/uploads\/2021\/10\/9247-150x150.jpg",150,150,true],"medium":["https:\/\/ajupe.com.uy\/web\/wp-content\/uploads\/2021\/10\/9247.jpg",202,266,false],"medium_large":["https:\/\/ajupe.com.uy\/web\/wp-content\/uploads\/2021\/10\/9247.jpg",202,266,false],"large":["https:\/\/ajupe.com.uy\/web\/wp-content\/uploads\/2021\/10\/9247.jpg",202,266,false],"1536x1536":["https:\/\/ajupe.com.uy\/web\/wp-content\/uploads\/2021\/10\/9247.jpg",202,266,false],"2048x2048":["https:\/\/ajupe.com.uy\/web\/wp-content\/uploads\/2021\/10\/9247.jpg",202,266,false],"woocommerce_archive_thumbnail":["https:\/\/ajupe.com.uy\/web\/wp-content\/uploads\/2021\/10\/9247.jpg",202,266,false],"woocommerce_thumbnail":["https:\/\/ajupe.com.uy\/web\/wp-content\/uploads\/2021\/10\/9247.jpg",202,266,false],"woocommerce_single":["https:\/\/ajupe.com.uy\/web\/wp-content\/uploads\/2021\/10\/9247.jpg",202,266,false],"woocommerce_gallery_thumbnail":["https:\/\/ajupe.com.uy\/web\/wp-content\/uploads\/2021\/10\/9247-100x100.jpg",100,100,true]},"post_excerpt_stackable_v2":"<p>El Libro del t\u00e9 es una exquisita introducci\u00f3n a la historia, la filosof\u00eda y la pr\u00e1ctica de la ceremonia japonesa del t\u00e9, el ritual zen por excelencia. Preparar un t\u00e9 requiere una atenci\u00f3n especial por los detalles. La armon\u00eda de cada uno de los movimientos, el equilibrio de aromas y sabores, la atm\u00f3sfera de respeto y amistad generan un efecto est\u00e9tico y un estado espiritual de incomparable belleza y serenidad. Convertida ya en un cl\u00e1sico de nuestro tiempo, esta obra es una de las puertas de acceso a la tradici\u00f3n del pensamiento oriental.<\/p>\n","category_list_v2":"","author_info_v2":{"name":"","url":""},"comments_num_v2":"0 comentarios","_links":{"self":[{"href":"https:\/\/ajupe.com.uy\/web\/wp-json\/wp\/v2\/product\/9846","targetHints":{"allow":["GET"]}}],"collection":[{"href":"https:\/\/ajupe.com.uy\/web\/wp-json\/wp\/v2\/product"}],"about":[{"href":"https:\/\/ajupe.com.uy\/web\/wp-json\/wp\/v2\/types\/product"}],"wp:featuredmedia":[{"embeddable":true,"href":"https:\/\/ajupe.com.uy\/web\/wp-json\/wp\/v2\/media\/9822"}],"wp:attachment":[{"href":"https:\/\/ajupe.com.uy\/web\/wp-json\/wp\/v2\/media?parent=9846"}],"wp:term":[{"taxonomy":"product_brand","embeddable":true,"href":"https:\/\/ajupe.com.uy\/web\/wp-json\/wp\/v2\/product_brand?post=9846"},{"taxonomy":"product_cat","embeddable":true,"href":"https:\/\/ajupe.com.uy\/web\/wp-json\/wp\/v2\/product_cat?post=9846"},{"taxonomy":"product_tag","embeddable":true,"href":"https:\/\/ajupe.com.uy\/web\/wp-json\/wp\/v2\/product_tag?post=9846"}],"curies":[{"name":"wp","href":"https:\/\/api.w.org\/{rel}","templated":true}]}}