{"id":9861,"date":"2021-10-18T16:24:40","date_gmt":"2021-10-18T19:24:40","guid":{"rendered":"http:\/\/ajupe.com.uy\/web\/?post_type=product&#038;p=9861"},"modified":"2021-10-18T16:26:36","modified_gmt":"2021-10-18T19:26:36","slug":"mas-alla-de-la-media-noche","status":"publish","type":"product","link":"https:\/\/ajupe.com.uy\/web\/biblioteca\/mas-alla-de-la-media-noche\/","title":{"rendered":"M\u00c1S ALL\u00c1 DE LA MEDIA NOCHE"},"content":{"rendered":"<p><strong>M\u00e1s all\u00e1 de la medianoche<\/strong>, dice <strong>Sidney Sheldon<\/strong>, es la hora en que el p\u00e9ndulo oscila del amor a la venganza, de la pasi\u00f3n al terror. Dos mujeres, \u00e1vidas y hermosas pero b\u00e1sicamente diferentes: Noelle, hija de los suburbios de Marsella, convertida en luminaria del cine internacional, encantadora y sensual, Catherine, oriunda de Chicago, que adora a los hombres al mismo tiempo que les teme. <strong>Mas all\u00e1 de la medianoche<\/strong> es una estupenda historia de romance y suspenso. Es sin duda el mayor \u00e9xito de <strong>Sidney Sheldon<\/strong>, del cual se han vendido siete millones de ejemplares en el mundo (m\u00e1s de ciento cincuenta mil en las ediciones de Emec\u00e9)<\/p>\n","protected":false},"excerpt":{"rendered":"<p>M\u00e1s all\u00e1 de la medianoche, dice Sidney Sheldon, es la hora en que el p\u00e9ndulo oscila del amor a la venganza, de la pasi\u00f3n al terror. Dos mujeres, \u00e1vidas y hermosas pero b\u00e1sicamente diferentes: Noelle, hija de los suburbios de Marsella, convertida en luminaria del cine internacional, encantadora y sensual, Catherine, oriunda de Chicago, que [&hellip;]<\/p>\n","protected":false},"featured_media":9808,"template":"","meta":[],"product_brand":[],"product_cat":[40],"product_tag":[],"class_list":{"0":"post-9861","1":"product","2":"type-product","3":"status-publish","4":"has-post-thumbnail","6":"product_cat-policial","8":"first","9":"outofstock","10":"purchasable","11":"product-type-simple"},"featured_image_urls_v2":{"full":["https:\/\/ajupe.com.uy\/web\/wp-content\/uploads\/2021\/10\/9233.jpg",221,335,false],"thumbnail":["https:\/\/ajupe.com.uy\/web\/wp-content\/uploads\/2021\/10\/9233-150x150.jpg",150,150,true],"medium":["https:\/\/ajupe.com.uy\/web\/wp-content\/uploads\/2021\/10\/9233-198x300.jpg",198,300,true],"medium_large":["https:\/\/ajupe.com.uy\/web\/wp-content\/uploads\/2021\/10\/9233.jpg",221,335,false],"large":["https:\/\/ajupe.com.uy\/web\/wp-content\/uploads\/2021\/10\/9233.jpg",221,335,false],"1536x1536":["https:\/\/ajupe.com.uy\/web\/wp-content\/uploads\/2021\/10\/9233.jpg",221,335,false],"2048x2048":["https:\/\/ajupe.com.uy\/web\/wp-content\/uploads\/2021\/10\/9233.jpg",221,335,false],"woocommerce_archive_thumbnail":["https:\/\/ajupe.com.uy\/web\/wp-content\/uploads\/2021\/10\/9233-221x300.jpg",221,300,true],"woocommerce_thumbnail":["https:\/\/ajupe.com.uy\/web\/wp-content\/uploads\/2021\/10\/9233-221x300.jpg",221,300,true],"woocommerce_single":["https:\/\/ajupe.com.uy\/web\/wp-content\/uploads\/2021\/10\/9233.jpg",221,335,false],"woocommerce_gallery_thumbnail":["https:\/\/ajupe.com.uy\/web\/wp-content\/uploads\/2021\/10\/9233-100x100.jpg",100,100,true]},"post_excerpt_stackable_v2":"<p>M\u00e1s all\u00e1 de la medianoche, dice Sidney Sheldon, es la hora en que el p\u00e9ndulo oscila del amor a la venganza, de la pasi\u00f3n al terror. Dos mujeres, \u00e1vidas y hermosas pero b\u00e1sicamente diferentes: Noelle, hija de los suburbios de Marsella, convertida en luminaria del cine internacional, encantadora y sensual, Catherine, oriunda de Chicago, que adora a los hombres al mismo tiempo que les teme. Mas all\u00e1 de la medianoche es una estupenda historia de romance y suspenso. Es sin duda el mayor \u00e9xito de Sidney Sheldon, del cual se han vendido siete millones de ejemplares en el mundo (m\u00e1s&hellip;<\/p>\n","category_list_v2":"","author_info_v2":{"name":"","url":""},"comments_num_v2":"0 comentarios","_links":{"self":[{"href":"https:\/\/ajupe.com.uy\/web\/wp-json\/wp\/v2\/product\/9861","targetHints":{"allow":["GET"]}}],"collection":[{"href":"https:\/\/ajupe.com.uy\/web\/wp-json\/wp\/v2\/product"}],"about":[{"href":"https:\/\/ajupe.com.uy\/web\/wp-json\/wp\/v2\/types\/product"}],"wp:featuredmedia":[{"embeddable":true,"href":"https:\/\/ajupe.com.uy\/web\/wp-json\/wp\/v2\/media\/9808"}],"wp:attachment":[{"href":"https:\/\/ajupe.com.uy\/web\/wp-json\/wp\/v2\/media?parent=9861"}],"wp:term":[{"taxonomy":"product_brand","embeddable":true,"href":"https:\/\/ajupe.com.uy\/web\/wp-json\/wp\/v2\/product_brand?post=9861"},{"taxonomy":"product_cat","embeddable":true,"href":"https:\/\/ajupe.com.uy\/web\/wp-json\/wp\/v2\/product_cat?post=9861"},{"taxonomy":"product_tag","embeddable":true,"href":"https:\/\/ajupe.com.uy\/web\/wp-json\/wp\/v2\/product_tag?post=9861"}],"curies":[{"name":"wp","href":"https:\/\/api.w.org\/{rel}","templated":true}]}}