{"id":9897,"date":"2021-10-18T17:18:39","date_gmt":"2021-10-18T20:18:39","guid":{"rendered":"http:\/\/ajupe.com.uy\/web\/?post_type=product&#038;p=9897"},"modified":"2021-10-18T17:21:15","modified_gmt":"2021-10-18T20:21:15","slug":"cartas-para-claudia","status":"publish","type":"product","link":"https:\/\/ajupe.com.uy\/web\/biblioteca\/cartas-para-claudia\/","title":{"rendered":"CARTAS PARA CLAUDIA"},"content":{"rendered":"<p><strong>Jorge M. Bucay<\/strong>, m\u00e9dico psicodramatista y psicoterapeuta guest\u00e1ltico publica sus\u00a0<strong>Cartas para Claudia <\/strong>a impulso del inter\u00e9s que, en principio, \u00e9stas despertaron en sus allegados, colegas y amigos. Pero ello no significa que hayan sido escritas para un c\u00edrculo de elegidos. Por el contrario- como dice en su pr\u00f3logo la Dra. Saslavsky- \u00abeste libro es un conjunto de mensajes para muchos; porque esta es otra de las formas de comunicaci\u00f3n que tiene Jorge. A \u00e9l, como a m\u00ed, como a otros, no le alcanzan las formas comunes de expresi\u00f3n, y entonces nos salimos del plano (como dicen los pintores) para encontrarnos en el andar de la vida haciendo caminos, infinitas formas de comunicar y dar lo que tenemos\u00bb.<\/p>\n","protected":false},"excerpt":{"rendered":"<p>Jorge M. Bucay, m\u00e9dico psicodramatista y psicoterapeuta guest\u00e1ltico publica sus\u00a0Cartas para Claudia a impulso del inter\u00e9s que, en principio, \u00e9stas despertaron en sus allegados, colegas y amigos. Pero ello no significa que hayan sido escritas para un c\u00edrculo de elegidos. Por el contrario- como dice en su pr\u00f3logo la Dra. Saslavsky- \u00abeste libro es un [&hellip;]<\/p>\n","protected":false},"featured_media":9892,"template":"","meta":[],"product_brand":[],"product_cat":[29],"product_tag":[],"class_list":{"0":"post-9897","1":"product","2":"type-product","3":"status-publish","4":"has-post-thumbnail","6":"product_cat-novela","8":"first","9":"outofstock","10":"purchasable","11":"product-type-simple"},"featured_image_urls_v2":{"full":["https:\/\/ajupe.com.uy\/web\/wp-content\/uploads\/2021\/10\/9227.jpg",178,281,false],"thumbnail":["https:\/\/ajupe.com.uy\/web\/wp-content\/uploads\/2021\/10\/9227-150x150.jpg",150,150,true],"medium":["https:\/\/ajupe.com.uy\/web\/wp-content\/uploads\/2021\/10\/9227.jpg",178,281,false],"medium_large":["https:\/\/ajupe.com.uy\/web\/wp-content\/uploads\/2021\/10\/9227.jpg",178,281,false],"large":["https:\/\/ajupe.com.uy\/web\/wp-content\/uploads\/2021\/10\/9227.jpg",178,281,false],"1536x1536":["https:\/\/ajupe.com.uy\/web\/wp-content\/uploads\/2021\/10\/9227.jpg",178,281,false],"2048x2048":["https:\/\/ajupe.com.uy\/web\/wp-content\/uploads\/2021\/10\/9227.jpg",178,281,false],"woocommerce_archive_thumbnail":["https:\/\/ajupe.com.uy\/web\/wp-content\/uploads\/2021\/10\/9227.jpg",178,281,false],"woocommerce_thumbnail":["https:\/\/ajupe.com.uy\/web\/wp-content\/uploads\/2021\/10\/9227.jpg",178,281,false],"woocommerce_single":["https:\/\/ajupe.com.uy\/web\/wp-content\/uploads\/2021\/10\/9227.jpg",178,281,false],"woocommerce_gallery_thumbnail":["https:\/\/ajupe.com.uy\/web\/wp-content\/uploads\/2021\/10\/9227-100x100.jpg",100,100,true]},"post_excerpt_stackable_v2":"<p>Jorge M. Bucay, m\u00e9dico psicodramatista y psicoterapeuta guest\u00e1ltico publica sus\u00a0Cartas para Claudia a impulso del inter\u00e9s que, en principio, \u00e9stas despertaron en sus allegados, colegas y amigos. Pero ello no significa que hayan sido escritas para un c\u00edrculo de elegidos. Por el contrario- como dice en su pr\u00f3logo la Dra. Saslavsky- \u00abeste libro es un conjunto de mensajes para muchos; porque esta es otra de las formas de comunicaci\u00f3n que tiene Jorge. A \u00e9l, como a m\u00ed, como a otros, no le alcanzan las formas comunes de expresi\u00f3n, y entonces nos salimos del plano (como dicen los pintores) para encontrarnos&hellip;<\/p>\n","category_list_v2":"","author_info_v2":{"name":"","url":""},"comments_num_v2":"0 comentarios","_links":{"self":[{"href":"https:\/\/ajupe.com.uy\/web\/wp-json\/wp\/v2\/product\/9897","targetHints":{"allow":["GET"]}}],"collection":[{"href":"https:\/\/ajupe.com.uy\/web\/wp-json\/wp\/v2\/product"}],"about":[{"href":"https:\/\/ajupe.com.uy\/web\/wp-json\/wp\/v2\/types\/product"}],"wp:featuredmedia":[{"embeddable":true,"href":"https:\/\/ajupe.com.uy\/web\/wp-json\/wp\/v2\/media\/9892"}],"wp:attachment":[{"href":"https:\/\/ajupe.com.uy\/web\/wp-json\/wp\/v2\/media?parent=9897"}],"wp:term":[{"taxonomy":"product_brand","embeddable":true,"href":"https:\/\/ajupe.com.uy\/web\/wp-json\/wp\/v2\/product_brand?post=9897"},{"taxonomy":"product_cat","embeddable":true,"href":"https:\/\/ajupe.com.uy\/web\/wp-json\/wp\/v2\/product_cat?post=9897"},{"taxonomy":"product_tag","embeddable":true,"href":"https:\/\/ajupe.com.uy\/web\/wp-json\/wp\/v2\/product_tag?post=9897"}],"curies":[{"name":"wp","href":"https:\/\/api.w.org\/{rel}","templated":true}]}}