{"id":990,"date":"2010-07-14T00:00:00","date_gmt":"2010-07-14T03:00:00","guid":{"rendered":"http:\/\/ajupe.com.uy\/web\/?post_type=product&#038;p=990"},"modified":"2010-07-14T00:00:00","modified_gmt":"2010-07-14T03:00:00","slug":"el-juego-del-silencio","status":"publish","type":"product","link":"https:\/\/ajupe.com.uy\/web\/biblioteca\/el-juego-del-silencio\/","title":{"rendered":"El juego del silencio"},"content":{"rendered":"<p>Experto abogado, Penn Cage vuelve a su pueblo natal de Natchez, Mississippi, para recuperarse de la prematura muerte de su esposa. La ciudad es una peque\u00f1a joya del Sur norteamericano, que guarda viejos secretos y antiguas fortunas. Al enterarse de que su padre est\u00e1 siendo chantajeado, Penn reabre el m\u00e1s controvertido caso de asesinato ocurrido en el pueblo. Con la ayuda de una joven editora del peri\u00f3dico local, Penn se interna as\u00ed en el misterio de su propio pasado, mientras intenta comprender la mente y el coraz\u00f3n de una mujer que perdi\u00f3 hace veinte a\u00f1os, y que todav\u00eda tiene el poder de salvarlo o destruirlo para siempre&#8230;<\/p>\n","protected":false},"excerpt":{"rendered":"<p>Experto abogado, Penn Cage vuelve a su pueblo natal de Natchez, Mississippi, para recuperarse de la prematura muerte de su esposa. La ciudad es una peque\u00f1a joya del Sur norteamericano, que guarda viejos secretos y antiguas fortunas. Al enterarse de que su<\/p>\n","protected":false},"featured_media":991,"template":"","meta":[],"product_brand":[268],"product_cat":[30],"product_tag":[],"class_list":{"0":"post-990","1":"product","2":"type-product","3":"status-publish","4":"has-post-thumbnail","6":"product_brand-greg-iles","7":"product_cat-suspenso","9":"first","10":"instock","11":"purchasable","12":"product-type-simple"},"featured_image_urls_v2":{"full":["https:\/\/ajupe.com.uy\/web\/wp-content\/uploads\/2016\/04\/p-990-6016.jpg",360,538,false],"thumbnail":["https:\/\/ajupe.com.uy\/web\/wp-content\/uploads\/2016\/04\/p-990-6016.jpg",150,150,true],"medium":["https:\/\/ajupe.com.uy\/web\/wp-content\/uploads\/2016\/04\/p-990-6016.jpg",300,214,true],"medium_large":["https:\/\/ajupe.com.uy\/web\/wp-content\/uploads\/2016\/04\/p-990-6016.jpg",360,538,false],"large":["https:\/\/ajupe.com.uy\/web\/wp-content\/uploads\/2016\/04\/p-990-6016.jpg",360,538,false],"1536x1536":["https:\/\/ajupe.com.uy\/web\/wp-content\/uploads\/2016\/04\/p-990-6016.jpg",360,538,false],"2048x2048":["https:\/\/ajupe.com.uy\/web\/wp-content\/uploads\/2016\/04\/p-990-6016.jpg",360,538,false],"woocommerce_archive_thumbnail":["https:\/\/ajupe.com.uy\/web\/wp-content\/uploads\/2016\/04\/p-990-6016-300x450.jpg",300,450,true],"woocommerce_thumbnail":["https:\/\/ajupe.com.uy\/web\/wp-content\/uploads\/2016\/04\/p-990-6016-300x300.jpg",300,300,true],"woocommerce_single":["https:\/\/ajupe.com.uy\/web\/wp-content\/uploads\/2016\/04\/p-990-6016-300x448.jpg",300,448,true],"woocommerce_gallery_thumbnail":["https:\/\/ajupe.com.uy\/web\/wp-content\/uploads\/2016\/04\/p-990-6016-100x100.jpg",100,100,true]},"post_excerpt_stackable_v2":"<p>Experto abogado, Penn Cage vuelve a su pueblo natal de Natchez, Mississippi, para recuperarse de la prematura muerte de su esposa. La ciudad es una peque\u00f1a joya del Sur norteamericano, que guarda viejos secretos y antiguas fortunas. Al enterarse de que su<\/p>\n","category_list_v2":"","author_info_v2":{"name":"","url":""},"comments_num_v2":"0 comentarios","_links":{"self":[{"href":"https:\/\/ajupe.com.uy\/web\/wp-json\/wp\/v2\/product\/990","targetHints":{"allow":["GET"]}}],"collection":[{"href":"https:\/\/ajupe.com.uy\/web\/wp-json\/wp\/v2\/product"}],"about":[{"href":"https:\/\/ajupe.com.uy\/web\/wp-json\/wp\/v2\/types\/product"}],"wp:featuredmedia":[{"embeddable":true,"href":"https:\/\/ajupe.com.uy\/web\/wp-json\/wp\/v2\/media\/991"}],"wp:attachment":[{"href":"https:\/\/ajupe.com.uy\/web\/wp-json\/wp\/v2\/media?parent=990"}],"wp:term":[{"taxonomy":"product_brand","embeddable":true,"href":"https:\/\/ajupe.com.uy\/web\/wp-json\/wp\/v2\/product_brand?post=990"},{"taxonomy":"product_cat","embeddable":true,"href":"https:\/\/ajupe.com.uy\/web\/wp-json\/wp\/v2\/product_cat?post=990"},{"taxonomy":"product_tag","embeddable":true,"href":"https:\/\/ajupe.com.uy\/web\/wp-json\/wp\/v2\/product_tag?post=990"}],"curies":[{"name":"wp","href":"https:\/\/api.w.org\/{rel}","templated":true}]}}