{"id":9916,"date":"2021-10-19T14:57:15","date_gmt":"2021-10-19T17:57:15","guid":{"rendered":"http:\/\/ajupe.com.uy\/web\/?post_type=product&#038;p=9916"},"modified":"2021-10-19T14:58:26","modified_gmt":"2021-10-19T17:58:26","slug":"chaman-i","status":"publish","type":"product","link":"https:\/\/ajupe.com.uy\/web\/biblioteca\/chaman-i\/","title":{"rendered":"CHAM\u00c1N I"},"content":{"rendered":"<p>Escoc\u00e9s y v\u00e1stago de una familia que ha practicado la medicina a lo largo de generaciones, Rob J. Cole debe emigrar por razones pol\u00edticas a las nuevas tierras de Am\u00e9rica. Tras trabajar en Boston con el eminente cirujano Oliver Wendell Holmes, Cole partir\u00e1 rumbo al Oeste, hacia un territorio que los colonos todav\u00eda no han podido arrebatar a los indios sauk, y donde le esperan las experiencias m\u00e1s intensas de su vida profesional y sentimental. Una nueva entrega de la saga de la familia Cole tras <strong>El m\u00e9dico<\/strong>,\u00a0 <strong>Cham\u00e1n<\/strong> supuso una vuelta al terreno hist\u00f3rico y m\u00e9dico donde <strong>Gordon<\/strong> se siente m\u00e1s c\u00f3modo.<\/p>\n","protected":false},"excerpt":{"rendered":"<p>Escoc\u00e9s y v\u00e1stago de una familia que ha practicado la medicina a lo largo de generaciones, Rob J. Cole debe emigrar por razones pol\u00edticas a las nuevas tierras de Am\u00e9rica. Tras trabajar en Boston con el eminente cirujano Oliver Wendell Holmes, Cole partir\u00e1 rumbo al Oeste, hacia un territorio que los colonos todav\u00eda no han [&hellip;]<\/p>\n","protected":false},"featured_media":9874,"template":"","meta":[],"product_brand":[],"product_cat":[29],"product_tag":[],"class_list":{"0":"post-9916","1":"product","2":"type-product","3":"status-publish","4":"has-post-thumbnail","6":"product_cat-novela","8":"first","9":"outofstock","10":"purchasable","11":"product-type-simple"},"featured_image_urls_v2":{"full":["https:\/\/ajupe.com.uy\/web\/wp-content\/uploads\/2021\/10\/9209.jpg",224,326,false],"thumbnail":["https:\/\/ajupe.com.uy\/web\/wp-content\/uploads\/2021\/10\/9209-150x150.jpg",150,150,true],"medium":["https:\/\/ajupe.com.uy\/web\/wp-content\/uploads\/2021\/10\/9209-206x300.jpg",206,300,true],"medium_large":["https:\/\/ajupe.com.uy\/web\/wp-content\/uploads\/2021\/10\/9209.jpg",224,326,false],"large":["https:\/\/ajupe.com.uy\/web\/wp-content\/uploads\/2021\/10\/9209.jpg",224,326,false],"1536x1536":["https:\/\/ajupe.com.uy\/web\/wp-content\/uploads\/2021\/10\/9209.jpg",224,326,false],"2048x2048":["https:\/\/ajupe.com.uy\/web\/wp-content\/uploads\/2021\/10\/9209.jpg",224,326,false],"woocommerce_archive_thumbnail":["https:\/\/ajupe.com.uy\/web\/wp-content\/uploads\/2021\/10\/9209-224x300.jpg",224,300,true],"woocommerce_thumbnail":["https:\/\/ajupe.com.uy\/web\/wp-content\/uploads\/2021\/10\/9209-224x300.jpg",224,300,true],"woocommerce_single":["https:\/\/ajupe.com.uy\/web\/wp-content\/uploads\/2021\/10\/9209.jpg",224,326,false],"woocommerce_gallery_thumbnail":["https:\/\/ajupe.com.uy\/web\/wp-content\/uploads\/2021\/10\/9209-100x100.jpg",100,100,true]},"post_excerpt_stackable_v2":"<p>Escoc\u00e9s y v\u00e1stago de una familia que ha practicado la medicina a lo largo de generaciones, Rob J. Cole debe emigrar por razones pol\u00edticas a las nuevas tierras de Am\u00e9rica. Tras trabajar en Boston con el eminente cirujano Oliver Wendell Holmes, Cole partir\u00e1 rumbo al Oeste, hacia un territorio que los colonos todav\u00eda no han podido arrebatar a los indios sauk, y donde le esperan las experiencias m\u00e1s intensas de su vida profesional y sentimental. Una nueva entrega de la saga de la familia Cole tras El m\u00e9dico,\u00a0 Cham\u00e1n supuso una vuelta al terreno hist\u00f3rico y m\u00e9dico donde Gordon se&hellip;<\/p>\n","category_list_v2":"","author_info_v2":{"name":"","url":""},"comments_num_v2":"0 comentarios","_links":{"self":[{"href":"https:\/\/ajupe.com.uy\/web\/wp-json\/wp\/v2\/product\/9916","targetHints":{"allow":["GET"]}}],"collection":[{"href":"https:\/\/ajupe.com.uy\/web\/wp-json\/wp\/v2\/product"}],"about":[{"href":"https:\/\/ajupe.com.uy\/web\/wp-json\/wp\/v2\/types\/product"}],"wp:featuredmedia":[{"embeddable":true,"href":"https:\/\/ajupe.com.uy\/web\/wp-json\/wp\/v2\/media\/9874"}],"wp:attachment":[{"href":"https:\/\/ajupe.com.uy\/web\/wp-json\/wp\/v2\/media?parent=9916"}],"wp:term":[{"taxonomy":"product_brand","embeddable":true,"href":"https:\/\/ajupe.com.uy\/web\/wp-json\/wp\/v2\/product_brand?post=9916"},{"taxonomy":"product_cat","embeddable":true,"href":"https:\/\/ajupe.com.uy\/web\/wp-json\/wp\/v2\/product_cat?post=9916"},{"taxonomy":"product_tag","embeddable":true,"href":"https:\/\/ajupe.com.uy\/web\/wp-json\/wp\/v2\/product_tag?post=9916"}],"curies":[{"name":"wp","href":"https:\/\/api.w.org\/{rel}","templated":true}]}}