{"id":996,"date":"2010-07-14T00:00:00","date_gmt":"2010-07-14T03:00:00","guid":{"rendered":"http:\/\/ajupe.com.uy\/web\/?post_type=product&#038;p=996"},"modified":"2011-09-22T18:45:38","modified_gmt":"2011-09-22T21:45:38","slug":"falsas-memorias","status":"publish","type":"product","link":"https:\/\/ajupe.com.uy\/web\/biblioteca\/falsas-memorias\/","title":{"rendered":"Falsas memorias"},"content":{"rendered":"<p>Blanca Luz Brum es raptada por el poeta Juan Parra del Riego de un convento en Montevideo, siendo casi ni\u00f1a. El poeta la hace su esposa, y poco tiempo despu\u00e9s fallece. Blanca Luz con un hijo de d\u00edas comienza sus viajes por Am\u00e9rica. En la Lima de la familia del fallecido poeta enloquece de amor a un artista de la aristocracia peruana y seduce al revolucionario Carlos Mari\u00e1tegui. Admira y defiende su causa en Chile y la de Sandino en tribunas de Argentina y Uruguay. Amante del muralista David Alfaro Siqueiros lo acompa\u00f1a en Buenos Aires, Montevideo, M\u00e9xico y Los Angeles. Agitadora, e intrigante, es reverenciada y odiada por los comunistas mexicanos.<\/p>\n","protected":false},"excerpt":{"rendered":"<p>Blanca Luz Brum es raptada por el poeta Juan Parra del Riego de un convento en Montevideo, siendo casi ni\u00f1a. El poeta la hace su esposa, y poco tiempo despu\u00e9s fallece. Blanca Luz con un hijo de d\u00edas comienza sus viajes por Am\u00e9rica. En la Lima de la famili<\/p>\n","protected":false},"featured_media":997,"template":"","meta":[],"product_brand":[271],"product_cat":[44],"product_tag":[],"class_list":{"0":"post-996","1":"product","2":"type-product","3":"status-publish","4":"has-post-thumbnail","6":"product_brand-hugo-achugar","7":"product_cat-biografico","9":"first","10":"instock","11":"purchasable","12":"product-type-simple"},"featured_image_urls_v2":{"full":["https:\/\/ajupe.com.uy\/web\/wp-content\/uploads\/2016\/04\/p-996-6019.jpg",361,503,false],"thumbnail":["https:\/\/ajupe.com.uy\/web\/wp-content\/uploads\/2016\/04\/p-996-6019.jpg",150,150,true],"medium":["https:\/\/ajupe.com.uy\/web\/wp-content\/uploads\/2016\/04\/p-996-6019.jpg",300,214,true],"medium_large":["https:\/\/ajupe.com.uy\/web\/wp-content\/uploads\/2016\/04\/p-996-6019.jpg",361,503,false],"large":["https:\/\/ajupe.com.uy\/web\/wp-content\/uploads\/2016\/04\/p-996-6019.jpg",361,503,false],"1536x1536":["https:\/\/ajupe.com.uy\/web\/wp-content\/uploads\/2016\/04\/p-996-6019.jpg",361,503,false],"2048x2048":["https:\/\/ajupe.com.uy\/web\/wp-content\/uploads\/2016\/04\/p-996-6019.jpg",361,503,false],"woocommerce_archive_thumbnail":["https:\/\/ajupe.com.uy\/web\/wp-content\/uploads\/2016\/04\/p-996-6019-300x450.jpg",300,450,true],"woocommerce_thumbnail":["https:\/\/ajupe.com.uy\/web\/wp-content\/uploads\/2016\/04\/p-996-6019-300x300.jpg",300,300,true],"woocommerce_single":["https:\/\/ajupe.com.uy\/web\/wp-content\/uploads\/2016\/04\/p-996-6019-300x418.jpg",300,418,true],"woocommerce_gallery_thumbnail":["https:\/\/ajupe.com.uy\/web\/wp-content\/uploads\/2016\/04\/p-996-6019-100x100.jpg",100,100,true]},"post_excerpt_stackable_v2":"<p>Blanca Luz Brum es raptada por el poeta Juan Parra del Riego de un convento en Montevideo, siendo casi ni\u00f1a. El poeta la hace su esposa, y poco tiempo despu\u00e9s fallece. Blanca Luz con un hijo de d\u00edas comienza sus viajes por Am\u00e9rica. En la Lima de la famili<\/p>\n","category_list_v2":"","author_info_v2":{"name":"","url":""},"comments_num_v2":"0 comentarios","_links":{"self":[{"href":"https:\/\/ajupe.com.uy\/web\/wp-json\/wp\/v2\/product\/996","targetHints":{"allow":["GET"]}}],"collection":[{"href":"https:\/\/ajupe.com.uy\/web\/wp-json\/wp\/v2\/product"}],"about":[{"href":"https:\/\/ajupe.com.uy\/web\/wp-json\/wp\/v2\/types\/product"}],"wp:featuredmedia":[{"embeddable":true,"href":"https:\/\/ajupe.com.uy\/web\/wp-json\/wp\/v2\/media\/997"}],"wp:attachment":[{"href":"https:\/\/ajupe.com.uy\/web\/wp-json\/wp\/v2\/media?parent=996"}],"wp:term":[{"taxonomy":"product_brand","embeddable":true,"href":"https:\/\/ajupe.com.uy\/web\/wp-json\/wp\/v2\/product_brand?post=996"},{"taxonomy":"product_cat","embeddable":true,"href":"https:\/\/ajupe.com.uy\/web\/wp-json\/wp\/v2\/product_cat?post=996"},{"taxonomy":"product_tag","embeddable":true,"href":"https:\/\/ajupe.com.uy\/web\/wp-json\/wp\/v2\/product_tag?post=996"}],"curies":[{"name":"wp","href":"https:\/\/api.w.org\/{rel}","templated":true}]}}